{"id":3679,"date":"2020-10-01T00:15:41","date_gmt":"2020-09-30T17:15:41","guid":{"rendered":"https:\/\/goldzherbs.com\/ve-goldzherbs\/"},"modified":"2024-06-06T09:36:11","modified_gmt":"2024-06-06T02:36:11","slug":"ve-chung-toi","status":"publish","type":"page","link":"https:\/\/goldzherbs.com\/en\/ve-chung-toi\/","title":{"rendered":"V\u1ec1 Ch\u00fang T\u00f4i"},"content":{"rendered":"<div class=\"video video-fit mb\" style=\"padding-top:56.25%;\"><p><iframe loading=\"lazy\" title=\"\u0110\u00f4i N\u00e9t V\u1ec1 Th\u01b0\u01a1ng Hi\u1ec7u GOLDzHERBs\" width=\"1020\" height=\"574\" src=\"https:\/\/www.youtube.com\/embed\/2E8RJoLSSBI?feature=oembed\" frameborder=\"0\" allow=\"accelerometer; autoplay; clipboard-write; encrypted-media; gyroscope; picture-in-picture; web-share\" referrerpolicy=\"strict-origin-when-cross-origin\" allowfullscreen><\/iframe><\/p>\n<\/div>\n\t<div id=\"gap-1692622385\" class=\"gap-element clearfix\" style=\"display:block; height:auto;\">\n\t\t\n<style>\n#gap-1692622385 {\n  padding-top: 30px;\n}\n<\/style>\n\t<\/div>\n\t\n<blockquote>\n<p style=\"text-align: justify;\"><strong><span style=\"color: #008000;\">C\u00f4ng Ty C\u1ed5 Ph\u1ea7n Th\u01b0\u01a1ng M\u1ea1i D\u1ecbch V\u1ee5 King Spider<\/span><\/strong> <strong>( T\u00ean Ti\u00ea\u0301ng Anh: King Spider JSC.)<\/strong> \u0111\u01b0\u01a1\u0323c tha\u0300nh l\u00e2\u0323p t\u01b0\u0300 n\u0103m 2018, Chuy\u00ean s\u1ea3n xu\u1ea5t c\u00e1c s\u1ea3n ph\u1ea9m n\u00f4ng nghi\u1ec7p 100% t\u1ef1 nhi\u00ean, thu\u1ea7n th\u1ef1c v\u1eadt, bao g\u1ed3m B\u1ed9t s\u1eefa th\u1ef1c v\u1eadt, B\u1ed9t rau v\u00e0 th\u1ea3o m\u1ed9c s\u1ea5y l\u1ea1nh, Tr\u00e0 th\u1ea3o m\u1ed9c, C\u00e0 ph\u00ea rang nguy\u00ean ch\u1ea5t, Granola, D\u1ea7u \u00e9p l\u1ea1nh, C\u00e1c s\u1ea3n ph\u1ea9m ch\u0103m s\u00f3c da v\u00e0 t\u00f3c t\u1ef1 nhi\u00ean, Tinh d\u1ea7u nguy\u00ean ch\u1ea5t. Quy tr\u00ecnh s\u1ea3n xu\u1ea5t c\u1ee7a ch\u00fang t\u00f4i \u0111\u01b0\u1ee3c thi\u1ebft k\u1ebf \u0111\u1ec3 b\u1ea3o t\u1ed3n s\u1ef1 t\u1ed1t \u0111\u1eb9p t\u1ef1 nhi\u00ean c\u1ee7a c\u00e1c th\u00e0nh ph\u1ea7n, \u0111\u1ea3m b\u1ea3o r\u1eb1ng c\u00e1c s\u1ea3n ph\u1ea9m c\u1ee7a ch\u00fang t\u00f4i gi\u1eef t\u1ed1i \u01b0u c\u00e1c ch\u1ea5t dinh d\u01b0\u1ee1ng v\u00e0 vitamin thi\u1ebft y\u1ebfu. <strong><span style=\"color: #ed1c24;\">Ch\u00fang t\u00f4i s\u1eed d\u1ee5ng thi\u1ebft b\u1ecb v\u00e0 c\u00f4ng ngh\u1ec7 hi\u1ec7n \u0111\u1ea1i \u0111\u1ec3 \u0111\u1ea3m b\u1ea3o r\u1eb1ng s\u1ea3n ph\u1ea9m c\u1ee7a ch\u00fang t\u00f4i c\u00f3 ch\u1ea5t l\u01b0\u1ee3ng cao nh\u1ea5t v\u00e0 \u0111\u00e1p \u1ee9ng c\u00e1c ti\u00eau chu\u1ea9n qu\u1ed1c t\u1ebf : FDA v\u00e0 ISO 2200-2018<\/span><\/strong><\/p>\n<\/blockquote>\n<blockquote>\n<p style=\"text-align: justify;\"><strong><span style=\"color: #008000;\">King Spider Joint Stock Company<\/span><\/strong> was established in 2018, operating in the field of manufacturing a range of 100% natural agricultural products. Our product line includes Plant Milk Powder, Cold-dried vegetable and herb powder, Herbal tea, Pure roasted coffee, Granola, cold-pressed oil, natural skin and hair care products, and pure essential oils. Our manufacturing process is designed to preserve the natural goodness of our ingredients, ensuring that our products are packed with essential nutrients and vitamins. <strong><span style=\"color: #ed1c24;\">We use state-of-the-art equipment and technology to ensure that our products are of the highest quality and meet international standards : FDA v\u00e0 ISO 2200-2018<\/span><\/strong><\/p>\n<\/blockquote>\n\t<div id=\"gap-830978767\" class=\"gap-element clearfix\" style=\"display:block; height:auto;\">\n\t\t\n<style>\n#gap-830978767 {\n  padding-top: 30px;\n}\n<\/style>\n\t<\/div>\n\t\n\n  <div class=\"banner has-hover\" id=\"banner-1522501790\">\n          <div class=\"banner-inner fill\">\n        <div class=\"banner-bg fill\" >\n            <div class=\"bg fill bg-fill \"><\/div>\n                                    \n                    <\/div>\n\t\t\n        <div class=\"banner-layers container\">\n            <div class=\"fill banner-link\"><\/div>            \n        <\/div>\n      <\/div>\n\n            \n<style>\n#banner-1522501790 {\n  padding-top: 61.75%;\n}\n#banner-1522501790 .bg.bg-loaded {\n  background-image: url(https:\/\/goldzherbs.com\/wp-content\/uploads\/2024\/05\/5-1.jpg);\n}\n#banner-1522501790 .ux-shape-divider--top svg {\n  height: 150px;\n  --divider-top-width: 100%;\n}\n#banner-1522501790 .ux-shape-divider--bottom svg {\n  height: 150px;\n  --divider-width: 100%;\n}\n@media (min-width:550px) {\n  #banner-1522501790 {\n    padding-top: 712px;\n  }\n}\n<\/style>\n  <\/div>\n\n\n\t<div id=\"gap-815533428\" class=\"gap-element clearfix\" style=\"display:block; height:auto;\">\n\t\t\n<style>\n#gap-815533428 {\n  padding-top: 30px;\n}\n<\/style>\n\t<\/div>\n\t\n<blockquote>\n<p><strong><span style=\"color: #008000;\">Gi\u1edbi thi\u1ec7u | About us<\/span><\/strong><\/p>\n<\/blockquote>\n<p style=\"text-align: justify;\"><strong><span style=\"color: #008000;\">GOLDZHERBS<\/span><\/strong> l\u00e0 Th\u01b0\u01a1ng hi\u1ec7u thu\u1ed9c <strong><span style=\"color: #008000;\">C\u00f4ng ty C\u1ed5 ph\u1ea7n TMDV King Spider<\/span><\/strong>. Ch\u00fang t\u00f4i l\u00e0 m\u1ed9t c\u00f4ng ty s\u1ea3n xu\u1ea5t c\u1ee7a Vi\u1ec7t Nam chuy\u00ean s\u1ea3n xu\u1ea5t c\u00e1c s\u1ea3n ph\u1ea9m n\u00f4ng nghi\u1ec7p 100% t\u1ef1 nhi\u00ean. D\u00f2ng s\u1ea3n ph\u1ea9m c\u1ee7a ch\u00fang t\u00f4i bao g\u1ed3m B\u1ed9t s\u1eefa th\u1ef1c v\u1eadt, b\u1ed9t rau v\u00e0 th\u1ea3o m\u1ed9c s\u1ea5y l\u1ea1nh, tr\u00e0 th\u1ea3o m\u1ed9c, c\u00e0 ph\u00ea rang nguy\u00ean ch\u1ea5t, granola, d\u1ea7u \u00e9p l\u1ea1nh, c\u00e1c s\u1ea3n ph\u1ea9m ch\u0103m s\u00f3c da v\u00e0 t\u00f3c t\u1ef1 nhi\u00ean c\u0169ng nh\u01b0 tinh d\u1ea7u nguy\u00ean ch\u1ea5t.<\/p>\n<blockquote>\n<p style=\"text-align: justify;\"><span style=\"color: #008000; background-color: #ffffff;\">Quy tr\u00ecnh s\u1ea3n xu\u1ea5t c\u1ee7a ch\u00fang t\u00f4i \u0111\u01b0\u1ee3c thi\u1ebft k\u1ebf \u0111\u1ec3 b\u1ea3o t\u1ed3n s\u1ef1 t\u1ed1t \u0111\u1eb9p t\u1ef1 nhi\u00ean c\u1ee7a c\u00e1c th\u00e0nh ph\u1ea7n, \u0111\u1ea3m b\u1ea3o r\u1eb1ng c\u00e1c s\u1ea3n ph\u1ea9m c\u1ee7a ch\u00fang t\u00f4i gi\u1eef t\u1ed1i \u01b0u c\u00e1c ch\u1ea5t dinh d\u01b0\u1ee1ng v\u00e0 vitamin thi\u1ebft y\u1ebfu. Ch\u00fang t\u00f4i s\u1eed d\u1ee5ng thi\u1ebft b\u1ecb v\u00e0 c\u00f4ng ngh\u1ec7 hi\u1ec7n \u0111\u1ea1i \u0111\u1ec3 \u0111\u1ea3m b\u1ea3o r\u1eb1ng s\u1ea3n ph\u1ea9m c\u1ee7a ch\u00fang t\u00f4i c\u00f3 ch\u1ea5t l\u01b0\u1ee3ng cao nh\u1ea5t v\u00e0 \u0111\u00e1p \u1ee9ng c\u00e1c ti\u00eau chu\u1ea9n qu\u1ed1c t\u1ebf.<\/span><\/p>\n<\/blockquote>\n<p style=\"text-align: justify;\"><strong><span style=\"color: #008000;\">GOLDZHERBS<\/span><\/strong> is a Brand belongs to <span style=\"color: #008000;\"><strong>King Spider Trading Service JSC<\/strong><\/span>. We are a Vietnamese manufacturing company that specializes in producing a range of 100% natural agricultural products.Our product line includes Plant Milk Powder, cold-dried vegetable and herb powder, herbal tea, Pure roasted coffee, granola, cold-pressed oil, natural skin and hair care products, and pure essential oils.<\/p>\n<blockquote>\n<p style=\"text-align: justify;\"><span style=\"color: #008000;\">Our manufacturing process is designed to preserve the natural goodness of our ingredients, ensuring that our products are packed with essential nutrients and vitamins. We use state-of-the-art equipment and technology to ensure that our products are of the highest quality and meet international standards.<\/span><\/p>\n<\/blockquote>\n<blockquote>\n<p><strong><span style=\"color: #008000;\">S\u1ea3n Ph\u1ea9m | Product<\/span><\/strong><\/p>\n<\/blockquote>\n\n  <div class=\"banner has-hover\" id=\"banner-308253950\">\n          <div class=\"banner-inner fill\">\n        <div class=\"banner-bg fill\" >\n            <div class=\"bg fill bg-fill \"><\/div>\n                                    \n                    <\/div>\n\t\t\n        <div class=\"banner-layers container\">\n            <div class=\"fill banner-link\"><\/div>            \n        <\/div>\n      <\/div>\n\n            \n<style>\n#banner-308253950 {\n  padding-top: 564px;\n}\n#banner-308253950 .bg.bg-loaded {\n  background-image: url(https:\/\/goldzherbs.com\/wp-content\/uploads\/2024\/05\/4.jpg);\n}\n#banner-308253950 .ux-shape-divider--top svg {\n  height: 150px;\n  --divider-top-width: 100%;\n}\n#banner-308253950 .ux-shape-divider--bottom svg {\n  height: 150px;\n  --divider-width: 100%;\n}\n<\/style>\n  <\/div>\n\n\n<div class=\"row\"  id=\"row-739645356\">\n\n\t<div id=\"col-763398052\" class=\"col medium-4 small-12 large-4\"  >\n\t\t\t\t<div class=\"col-inner\"  >\n\t\t\t\n\t\t\t\n\n  <div class=\"banner has-hover\" id=\"banner-1697657239\">\n          <div class=\"banner-inner fill\">\n        <div class=\"banner-bg fill\" >\n            <div class=\"bg fill bg-fill \"><\/div>\n                                    \n                    <\/div>\n\t\t\n        <div class=\"banner-layers container\">\n            <div class=\"fill banner-link\"><\/div>            \n        <\/div>\n      <\/div>\n\n            \n<style>\n#banner-1697657239 {\n  padding-top: 99.99%;\n}\n#banner-1697657239 .bg.bg-loaded {\n  background-image: url(https:\/\/goldzherbs.com\/wp-content\/uploads\/2024\/05\/5.jpg);\n}\n#banner-1697657239 .ux-shape-divider--top svg {\n  height: 150px;\n  --divider-top-width: 100%;\n}\n#banner-1697657239 .ux-shape-divider--bottom svg {\n  height: 150px;\n  --divider-width: 100%;\n}\n<\/style>\n  <\/div>\n\n\n\t\t<\/div>\n\t\t\t\t\t<\/div>\n\n\t\n\n\t<div id=\"col-378822613\" class=\"col medium-4 small-12 large-4\"  >\n\t\t\t\t<div class=\"col-inner\"  >\n\t\t\t\n\t\t\t\n\n  <div class=\"banner has-hover\" id=\"banner-273085644\">\n          <div class=\"banner-inner fill\">\n        <div class=\"banner-bg fill\" >\n            <div class=\"bg fill bg-fill \"><\/div>\n                                    \n                    <\/div>\n\t\t\n        <div class=\"banner-layers container\">\n            <div class=\"fill banner-link\"><\/div>            \n        <\/div>\n      <\/div>\n\n            \n<style>\n#banner-273085644 {\n  padding-top: 99.99%;\n}\n#banner-273085644 .bg.bg-loaded {\n  background-image: url(https:\/\/goldzherbs.com\/wp-content\/uploads\/2024\/05\/3.jpg);\n}\n#banner-273085644 .ux-shape-divider--top svg {\n  height: 150px;\n  --divider-top-width: 100%;\n}\n#banner-273085644 .ux-shape-divider--bottom svg {\n  height: 150px;\n  --divider-width: 100%;\n}\n<\/style>\n  <\/div>\n\n\n\t\t<\/div>\n\t\t\t\t\t<\/div>\n\n\t\n\n\t<div id=\"col-1111182358\" class=\"col medium-4 small-12 large-4\"  >\n\t\t\t\t<div class=\"col-inner\"  >\n\t\t\t\n\t\t\t\n\n  <div class=\"banner has-hover\" id=\"banner-69496098\">\n          <div class=\"banner-inner fill\">\n        <div class=\"banner-bg fill\" >\n            <div class=\"bg fill bg-fill \"><\/div>\n                                    \n                    <\/div>\n\t\t\n        <div class=\"banner-layers container\">\n            <div class=\"fill banner-link\"><\/div>            \n        <\/div>\n      <\/div>\n\n            \n<style>\n#banner-69496098 {\n  padding-top: 99.99%;\n}\n#banner-69496098 .bg.bg-loaded {\n  background-image: url(https:\/\/goldzherbs.com\/wp-content\/uploads\/2024\/05\/1.jpg);\n}\n#banner-69496098 .ux-shape-divider--top svg {\n  height: 150px;\n  --divider-top-width: 100%;\n}\n#banner-69496098 .ux-shape-divider--bottom svg {\n  height: 150px;\n  --divider-width: 100%;\n}\n<\/style>\n  <\/div>\n\n\n\t\t<\/div>\n\t\t\t\t\t<\/div>\n\n\t\n<\/div>\n<blockquote>\n<p><em><span style=\"color: #008000;\"><strong>Ch\u1ee9ng ch\u1ec9 | Certificate<\/strong><\/span><\/em><\/p>\n<\/blockquote>\n<div class=\"row row-box-shadow-3 row-box-shadow-5-hover\"  id=\"row-873997148\">\n\n\t<div id=\"col-1454507144\" class=\"col medium-4 small-12 large-4\"  >\n\t\t\t\t<div class=\"col-inner\"  >\n\t\t\t\n\t\t\t\n\n  <div class=\"banner has-hover\" id=\"banner-1851920483\">\n          <div class=\"banner-inner fill\">\n        <div class=\"banner-bg fill\" >\n            <div class=\"bg fill bg-fill \"><\/div>\n                                    \n                    <\/div>\n\t\t\n        <div class=\"banner-layers container\">\n            <div class=\"fill banner-link\"><\/div>            \n        <\/div>\n      <\/div>\n\n            \n<style>\n#banner-1851920483 {\n  padding-top: 500px;\n}\n#banner-1851920483 .bg.bg-loaded {\n  background-image: url(https:\/\/goldzherbs.com\/wp-content\/uploads\/2024\/05\/1-1.jpg);\n}\n#banner-1851920483 .ux-shape-divider--top svg {\n  height: 150px;\n  --divider-top-width: 100%;\n}\n#banner-1851920483 .ux-shape-divider--bottom svg {\n  height: 150px;\n  --divider-width: 100%;\n}\n<\/style>\n  <\/div>\n\n\n\t\t<\/div>\n\t\t\t\t\t<\/div>\n\n\t\n\n\t<div id=\"col-2145308965\" class=\"col medium-4 small-12 large-4\"  >\n\t\t\t\t<div class=\"col-inner\"  >\n\t\t\t\n\t\t\t\n\n  <div class=\"banner has-hover\" id=\"banner-249847737\">\n          <div class=\"banner-inner fill\">\n        <div class=\"banner-bg fill\" >\n            <div class=\"bg fill bg-fill \"><\/div>\n                                    \n                    <\/div>\n\t\t\n        <div class=\"banner-layers container\">\n            <div class=\"fill banner-link\"><\/div>            \n        <\/div>\n      <\/div>\n\n            \n<style>\n#banner-249847737 {\n  padding-top: 500px;\n}\n#banner-249847737 .bg.bg-loaded {\n  background-image: url(https:\/\/goldzherbs.com\/wp-content\/uploads\/2024\/05\/2-724x1024.jpg);\n}\n#banner-249847737 .ux-shape-divider--top svg {\n  height: 150px;\n  --divider-top-width: 100%;\n}\n#banner-249847737 .ux-shape-divider--bottom svg {\n  height: 150px;\n  --divider-width: 100%;\n}\n<\/style>\n  <\/div>\n\n\n\t\t<\/div>\n\t\t\t\t\t<\/div>\n\n\t\n\n\t<div id=\"col-2051103299\" class=\"col medium-4 small-12 large-4\"  >\n\t\t\t\t<div class=\"col-inner\"  >\n\t\t\t\n\t\t\t\n\n  <div class=\"banner has-hover\" id=\"banner-1900732290\">\n          <div class=\"banner-inner fill\">\n        <div class=\"banner-bg fill\" >\n            <div class=\"bg fill bg-fill \"><\/div>\n                                    \n                    <\/div>\n\t\t\n        <div class=\"banner-layers container\">\n            <div class=\"fill banner-link\"><\/div>            \n        <\/div>\n      <\/div>\n\n            \n<style>\n#banner-1900732290 {\n  padding-top: 500px;\n}\n#banner-1900732290 .bg.bg-loaded {\n  background-image: url(https:\/\/goldzherbs.com\/wp-content\/uploads\/2024\/05\/3-1-724x1024.jpg);\n}\n#banner-1900732290 .ux-shape-divider--top svg {\n  height: 150px;\n  --divider-top-width: 100%;\n}\n#banner-1900732290 .ux-shape-divider--bottom svg {\n  height: 150px;\n  --divider-width: 100%;\n}\n<\/style>\n  <\/div>\n\n\n\t\t<\/div>\n\t\t\t\t\t<\/div>\n\n\t\n<\/div>\n","protected":false},"excerpt":{"rendered":"<p>C\u00f4ng Ty C\u1ed5 Ph\u1ea7n Th\u01b0\u01a1ng M\u1ea1i D\u1ecbch V\u1ee5 King Spider ( T\u00ean Ti\u00ea\u0301ng Anh: King Spider JSC.) \u0111\u01b0\u01a1\u0323c tha\u0300nh l\u00e2\u0323p t\u01b0\u0300 n\u0103m 2018, Chuy\u00ean s\u1ea3n xu\u1ea5t c\u00e1c s\u1ea3n ph\u1ea9m n\u00f4ng nghi\u1ec7p 100% t\u1ef1 nhi\u00ean, thu\u1ea7n th\u1ef1c v\u1eadt, bao g\u1ed3m B\u1ed9t s\u1eefa th\u1ef1c v\u1eadt, B\u1ed9t rau v\u00e0 th\u1ea3o m\u1ed9c s\u1ea5y l\u1ea1nh, Tr\u00e0 th\u1ea3o m\u1ed9c, C\u00e0 ph\u00ea<\/p>\n","protected":false},"author":2,"featured_media":0,"parent":0,"menu_order":0,"comment_status":"closed","ping_status":"closed","template":"","meta":{"footnotes":""},"class_list":["post-3679","page","type-page","status-publish","hentry"],"acf":[],"yoast_head":"<!-- This site is optimized with the Yoast SEO plugin v27.4 - https:\/\/yoast.com\/product\/yoast-seo-wordpress\/ -->\n<title>GoldzHerbs<\/title>\n<meta name=\"description\" content=\"C\u00f4ng Ty C\u1ed5 Ph\u1ea7n Th\u01b0\u01a1ng M\u1ea1i D\u1ecbch V\u1ee5 King Spider ( T\u00ean Ti\u00ea\u0301ng Anh: King Spider JSC.) \u0111\u01b0\u01a1\u0323c tha\u0300nh l\u00e2\u0323p t\u01b0\u0300 n\u0103m 2018, Chuy\u00ean s\u1ea3n xu\u1ea5t c\u00e1c s\u1ea3n ph\u1ea9m n\u00f4ng\" \/>\n<meta name=\"robots\" content=\"index, follow, max-snippet:-1, max-image-preview:large, max-video-preview:-1\" \/>\n<link rel=\"canonical\" href=\"https:\/\/goldzherbs.com\/en\/ve-chung-toi\/\" \/>\n<meta property=\"og:locale\" content=\"en_US\" \/>\n<meta property=\"og:type\" content=\"article\" \/>\n<meta property=\"og:title\" content=\"GoldzHerbs\" \/>\n<meta property=\"og:description\" content=\"C\u00f4ng Ty C\u1ed5 Ph\u1ea7n Th\u01b0\u01a1ng M\u1ea1i D\u1ecbch V\u1ee5 King Spider ( T\u00ean Ti\u00ea\u0301ng Anh: King Spider JSC.) \u0111\u01b0\u01a1\u0323c tha\u0300nh l\u00e2\u0323p t\u01b0\u0300 n\u0103m 2018, Chuy\u00ean s\u1ea3n xu\u1ea5t c\u00e1c s\u1ea3n ph\u1ea9m n\u00f4ng\" \/>\n<meta property=\"og:url\" content=\"https:\/\/goldzherbs.com\/en\/ve-chung-toi\/\" \/>\n<meta property=\"og:site_name\" content=\"GoldzHerbs\" \/>\n<meta property=\"article:modified_time\" content=\"2024-06-06T02:36:11+00:00\" \/>\n<meta name=\"twitter:card\" content=\"summary_large_image\" \/>\n<meta name=\"twitter:label1\" content=\"Est. reading time\" \/>\n\t<meta name=\"twitter:data1\" content=\"2 minutes\" \/>\n<script type=\"application\/ld+json\" class=\"yoast-schema-graph\">{\"@context\":\"https:\\\/\\\/schema.org\",\"@graph\":[{\"@type\":\"WebPage\",\"@id\":\"https:\\\/\\\/goldzherbs.com\\\/en\\\/ve-chung-toi\\\/\",\"url\":\"https:\\\/\\\/goldzherbs.com\\\/en\\\/ve-chung-toi\\\/\",\"name\":\"GoldzHerbs\",\"isPartOf\":{\"@id\":\"https:\\\/\\\/goldzherbs.com\\\/#website\"},\"datePublished\":\"2020-09-30T17:15:41+00:00\",\"dateModified\":\"2024-06-06T02:36:11+00:00\",\"description\":\"C\u00f4ng Ty C\u1ed5 Ph\u1ea7n Th\u01b0\u01a1ng M\u1ea1i D\u1ecbch V\u1ee5 King Spider ( T\u00ean Ti\u00ea\u0301ng Anh: King Spider JSC.) \u0111\u01b0\u01a1\u0323c tha\u0300nh l\u00e2\u0323p t\u01b0\u0300 n\u0103m 2018, Chuy\u00ean s\u1ea3n xu\u1ea5t c\u00e1c s\u1ea3n ph\u1ea9m n\u00f4ng\",\"inLanguage\":\"en-US\",\"potentialAction\":[{\"@type\":\"ReadAction\",\"target\":[\"https:\\\/\\\/goldzherbs.com\\\/en\\\/ve-chung-toi\\\/\"]}]},{\"@type\":\"WebSite\",\"@id\":\"https:\\\/\\\/goldzherbs.com\\\/#website\",\"url\":\"https:\\\/\\\/goldzherbs.com\\\/\",\"name\":\"GoldzHerbs\",\"description\":\"Th\u1ef1c Ph\u1ea9m V\u00ec S\u1ee9c Kh\u1ecfe\",\"publisher\":{\"@id\":\"https:\\\/\\\/goldzherbs.com\\\/#organization\"},\"potentialAction\":[{\"@type\":\"SearchAction\",\"target\":{\"@type\":\"EntryPoint\",\"urlTemplate\":\"https:\\\/\\\/goldzherbs.com\\\/?s={search_term_string}\"},\"query-input\":{\"@type\":\"PropertyValueSpecification\",\"valueRequired\":true,\"valueName\":\"search_term_string\"}}],\"inLanguage\":\"en-US\"},{\"@type\":\"Organization\",\"@id\":\"https:\\\/\\\/goldzherbs.com\\\/#organization\",\"name\":\"GoldzHerbs\",\"url\":\"https:\\\/\\\/goldzherbs.com\\\/\",\"logo\":{\"@type\":\"ImageObject\",\"inLanguage\":\"en-US\",\"@id\":\"https:\\\/\\\/goldzherbs.com\\\/#\\\/schema\\\/logo\\\/image\\\/\",\"url\":\"https:\\\/\\\/goldzherbs.com\\\/wp-content\\\/uploads\\\/2023\\\/01\\\/pixel.png\",\"contentUrl\":\"https:\\\/\\\/goldzherbs.com\\\/wp-content\\\/uploads\\\/2023\\\/01\\\/pixel.png\",\"width\":515,\"height\":514,\"caption\":\"GoldzHerbs\"},\"image\":{\"@id\":\"https:\\\/\\\/goldzherbs.com\\\/#\\\/schema\\\/logo\\\/image\\\/\"}}]}<\/script>\n<!-- \/ Yoast SEO plugin. -->","yoast_head_json":{"title":"GoldzHerbs","description":"C\u00f4ng Ty C\u1ed5 Ph\u1ea7n Th\u01b0\u01a1ng M\u1ea1i D\u1ecbch V\u1ee5 King Spider ( T\u00ean Ti\u00ea\u0301ng Anh: King Spider JSC.) \u0111\u01b0\u01a1\u0323c tha\u0300nh l\u00e2\u0323p t\u01b0\u0300 n\u0103m 2018, Chuy\u00ean s\u1ea3n xu\u1ea5t c\u00e1c s\u1ea3n ph\u1ea9m n\u00f4ng","robots":{"index":"index","follow":"follow","max-snippet":"max-snippet:-1","max-image-preview":"max-image-preview:large","max-video-preview":"max-video-preview:-1"},"canonical":"https:\/\/goldzherbs.com\/en\/ve-chung-toi\/","og_locale":"en_US","og_type":"article","og_title":"GoldzHerbs","og_description":"C\u00f4ng Ty C\u1ed5 Ph\u1ea7n Th\u01b0\u01a1ng M\u1ea1i D\u1ecbch V\u1ee5 King Spider ( T\u00ean Ti\u00ea\u0301ng Anh: King Spider JSC.) \u0111\u01b0\u01a1\u0323c tha\u0300nh l\u00e2\u0323p t\u01b0\u0300 n\u0103m 2018, Chuy\u00ean s\u1ea3n xu\u1ea5t c\u00e1c s\u1ea3n ph\u1ea9m n\u00f4ng","og_url":"https:\/\/goldzherbs.com\/en\/ve-chung-toi\/","og_site_name":"GoldzHerbs","article_modified_time":"2024-06-06T02:36:11+00:00","twitter_card":"summary_large_image","twitter_misc":{"Est. reading time":"2 minutes"},"schema":{"@context":"https:\/\/schema.org","@graph":[{"@type":"WebPage","@id":"https:\/\/goldzherbs.com\/en\/ve-chung-toi\/","url":"https:\/\/goldzherbs.com\/en\/ve-chung-toi\/","name":"GoldzHerbs","isPartOf":{"@id":"https:\/\/goldzherbs.com\/#website"},"datePublished":"2020-09-30T17:15:41+00:00","dateModified":"2024-06-06T02:36:11+00:00","description":"C\u00f4ng Ty C\u1ed5 Ph\u1ea7n Th\u01b0\u01a1ng M\u1ea1i D\u1ecbch V\u1ee5 King Spider ( T\u00ean Ti\u00ea\u0301ng Anh: King Spider JSC.) \u0111\u01b0\u01a1\u0323c tha\u0300nh l\u00e2\u0323p t\u01b0\u0300 n\u0103m 2018, Chuy\u00ean s\u1ea3n xu\u1ea5t c\u00e1c s\u1ea3n ph\u1ea9m n\u00f4ng","inLanguage":"en-US","potentialAction":[{"@type":"ReadAction","target":["https:\/\/goldzherbs.com\/en\/ve-chung-toi\/"]}]},{"@type":"WebSite","@id":"https:\/\/goldzherbs.com\/#website","url":"https:\/\/goldzherbs.com\/","name":"GoldzHerbs","description":"Th\u1ef1c Ph\u1ea9m V\u00ec S\u1ee9c Kh\u1ecfe","publisher":{"@id":"https:\/\/goldzherbs.com\/#organization"},"potentialAction":[{"@type":"SearchAction","target":{"@type":"EntryPoint","urlTemplate":"https:\/\/goldzherbs.com\/?s={search_term_string}"},"query-input":{"@type":"PropertyValueSpecification","valueRequired":true,"valueName":"search_term_string"}}],"inLanguage":"en-US"},{"@type":"Organization","@id":"https:\/\/goldzherbs.com\/#organization","name":"GoldzHerbs","url":"https:\/\/goldzherbs.com\/","logo":{"@type":"ImageObject","inLanguage":"en-US","@id":"https:\/\/goldzherbs.com\/#\/schema\/logo\/image\/","url":"https:\/\/goldzherbs.com\/wp-content\/uploads\/2023\/01\/pixel.png","contentUrl":"https:\/\/goldzherbs.com\/wp-content\/uploads\/2023\/01\/pixel.png","width":515,"height":514,"caption":"GoldzHerbs"},"image":{"@id":"https:\/\/goldzherbs.com\/#\/schema\/logo\/image\/"}}]}},"_links":{"self":[{"href":"https:\/\/goldzherbs.com\/en\/wp-json\/wp\/v2\/pages\/3679","targetHints":{"allow":["GET"]}}],"collection":[{"href":"https:\/\/goldzherbs.com\/en\/wp-json\/wp\/v2\/pages"}],"about":[{"href":"https:\/\/goldzherbs.com\/en\/wp-json\/wp\/v2\/types\/page"}],"author":[{"embeddable":true,"href":"https:\/\/goldzherbs.com\/en\/wp-json\/wp\/v2\/users\/2"}],"replies":[{"embeddable":true,"href":"https:\/\/goldzherbs.com\/en\/wp-json\/wp\/v2\/comments?post=3679"}],"version-history":[{"count":15,"href":"https:\/\/goldzherbs.com\/en\/wp-json\/wp\/v2\/pages\/3679\/revisions"}],"predecessor-version":[{"id":4330,"href":"https:\/\/goldzherbs.com\/en\/wp-json\/wp\/v2\/pages\/3679\/revisions\/4330"}],"wp:attachment":[{"href":"https:\/\/goldzherbs.com\/en\/wp-json\/wp\/v2\/media?parent=3679"}],"curies":[{"name":"wp","href":"https:\/\/api.w.org\/{rel}","templated":true}]}}