{"id":3415,"date":"2023-02-18T19:39:56","date_gmt":"2023-02-18T12:39:56","guid":{"rendered":"https:\/\/goldzherbs.com\/san-pham\/dau-oc-cho-ep-lanh-nguyen-chat\/"},"modified":"2024-09-27T09:10:30","modified_gmt":"2024-09-27T02:10:30","slug":"dau-oc-cho-ep-lanh-nguyen-chat","status":"publish","type":"product","link":"https:\/\/goldzherbs.com\/en\/san-pham\/dau-oc-cho-ep-lanh-nguyen-chat\/","title":{"rendered":"Goldzherbs Pure Cold-Pressed Walnut Oil"},"content":{"rendered":"<h1 style=\"text-align: center;\"><strong>Goldzherbs Pure Cold-Pressed Walnut Oil<\/strong><\/h1>\n<h2 style=\"text-align: center;\"><b>\u2013 Virgin Cold Pressed Walnut Oil &#8211;<\/b><\/h2>\n<p><span style=\"color: #282828;\"><strong>Goldzherbs Pure Cold-Pressed Walnut Oil<\/strong> is made from 100% premium walnut kernels, cold-pressed to retain its nutritional value, with a pleasant and mild aroma.<\/span><\/p>\n<h4 data-sourcepos=\"7:1-7:87\"><span style=\"color: #282828;\"><strong>Benefits:<\/strong> 1 tablespoon of <strong>Goldzherbs Pure Cold-Pressed Walnut Oil<\/strong> daily helps with:<\/span><\/h4>\n<h4 data-sourcepos=\"9:1-9:15\"><span style=\"color: #282828;\"><strong>Health Care<\/strong><\/span><\/h4>\n<ul data-sourcepos=\"11:1-13:47\">\n<li data-sourcepos=\"11:1-11:43\"><span style=\"color: #282828;\">Improves digestion and boosts metabolism.<\/span><\/li>\n<li data-sourcepos=\"12:1-12:47\"><span style=\"color: #282828;\">Manages weight and prevents fat accumulation.<\/span><\/li>\n<li data-sourcepos=\"13:1-13:47\"><span style=\"color: #282828;\">Enhances bone and joint health, reduces pain.<\/span><\/li>\n<li data-sourcepos=\"14:1-15:0\"><span style=\"color: #282828;\">Reduces fatigue and stress, promotes deep and restful sleep.<\/span><\/li>\n<\/ul>\n<h4 data-sourcepos=\"16:1-16:13\"><span style=\"color: #282828;\"><strong>Hair Care<\/strong><\/span><\/h4>\n<ul data-sourcepos=\"18:1-20:0\">\n<li data-sourcepos=\"18:1-18:54\"><span style=\"color: #282828;\">Reduces hair loss and stimulates faster hair growth.<\/span><\/li>\n<li data-sourcepos=\"19:1-20:0\"><span style=\"color: #282828;\">Moisturizes hair, keeping it soft and shiny.<\/span><\/li>\n<\/ul>\n<h4 data-sourcepos=\"21:1-21:13\"><span style=\"color: #282828;\"><strong>Skin Care<\/strong><\/span><\/h4>\n<ul data-sourcepos=\"23:1-26:0\">\n<li data-sourcepos=\"23:1-23:59\"><span style=\"color: #282828;\">Naturally moisturizes skin, reduces dryness and cracking.<\/span><\/li>\n<li data-sourcepos=\"24:1-24:70\"><span style=\"color: #282828;\">Cleanses pores, enhances antibacterial properties, and reduces acne.<\/span><\/li>\n<li data-sourcepos=\"25:1-26:0\"><span style=\"color: #282828;\">Delays aging, prevents the appearance of dark spots and freckles.<\/span><\/li>\n<\/ul>\n<h4 data-sourcepos=\"27:1-27:12\"><span style=\"color: #282828;\"><strong>Lip Care<\/strong><\/span><\/h4>\n<ul data-sourcepos=\"29:1-29:75\">\n<li data-sourcepos=\"29:1-29:75\"><span style=\"color: #282828;\">Reduces darkness, nourishes lips for a natural pink and soft appearance.<\/span><\/li>\n<\/ul>\n<p>&nbsp;<\/p>\n<p><img loading=\"lazy\" decoding=\"async\" class=\"size-full wp-image-1791 aligncenter\" src=\"https:\/\/goldzherbs.com\/wp-content\/uploads\/2023\/02\/B07-06-3.png\" alt=\"Dau-Oc-Cho-Ep-Lanh\" width=\"900\" height=\"600\" \/><\/p>\n<p>&nbsp;<\/p>\n<h2><b>Instructions For Using Pure Cold &#8211; Pressed Walnut Oil<\/b><\/h2>\n<p><span style=\"color: #282828; font-size: 14.4px;\">With <strong>Goldzherbs Pure Cold-Pressed Walnut Oil<\/strong>, you can:<\/span><\/p>\n<div class=\"presented-response-container ng-tns-c776960531-180\">\n<div class=\"response-container-content ng-tns-c776960531-180\">\n<div class=\"response-content ng-tns-c776960531-180\">\n<div class=\"markdown markdown-main-panel\" dir=\"ltr\">\n<ul data-sourcepos=\"5:1-7:33\">\n<li data-sourcepos=\"5:1-5:98\"><span style=\"color: #282828;\">Add 1-2 tablespoons to dishes, drinks, or smoothies. Use it to mix salads, make sauces, or dips.<\/span><\/li>\n<li data-sourcepos=\"6:1-6:185\"><span style=\"color: #282828;\">Marinate meat, fish, shrimp, mushrooms, vegetables, etc. directly before cooking. Effectively replace animal butter in baking cookies, sponge cakes, bread, pizza, rice rolls, sushi&#8230;<\/span><\/li>\n<li data-sourcepos=\"7:1-7:33\"><span style=\"color: #282828;\">You can drink walnut oil in the morning, during or immediately after a meal. Note that to reduce bloating, you should drink gac oil 30 minutes to 1 hour after eating. At this time, the nutrients in gac oil will be naturally absorbed with food.<\/span><\/li>\n<\/ul>\n<p data-sourcepos=\"9:1-9:276\"><span style=\"color: #282828;\">To get <strong>Goldzherbs Pure Cold-Pressed Walnut Oil<\/strong> out of the bottle, tilt the bottle, do not hold it upright, after use, wipe the mouth of the bottle with your hand or paper, cloth to avoid oil leakage when the bottle is lying flat (due to the conductive properties of the oil)<\/span><\/p>\n<p data-sourcepos=\"9:1-9:276\">\n<\/div>\n<\/div>\n<\/div>\n<\/div>\n<p><img loading=\"lazy\" decoding=\"async\" class=\"size-full wp-image-1792 aligncenter\" src=\"https:\/\/goldzherbs.com\/wp-content\/uploads\/2023\/02\/B07-06-4.png\" alt=\"Dau-Oc-Cho-Ep-Lanh\" width=\"900\" height=\"600\" \/><\/p>\n<p>&nbsp;<\/p>\n<h2><b>Certifications For Goldzherbs Pure Cold-Pressed Walnut Oil<\/b><\/h2>\n<h4><b>Manufactured in accordance with ISO 22000:2018 certification: GOODVN38922.FSMS<\/b><\/h4>\n<h4><img loading=\"lazy\" decoding=\"async\" class=\"wp-image-1346 size-large aligncenter\" src=\"https:\/\/goldzherbs.com\/wp-content\/uploads\/2023\/06\/ISO1-1-724x1024.png\" alt=\"\" width=\"724\" height=\"1024\" \/><\/h4>\n<h4><span style=\"color: #282828;\"><em><b>Product meets food safety requirements according to:<\/b><\/em><\/span><\/h4>\n<ul>\n<li style=\"font-weight: 400;\" aria-level=\"1\"><span style=\"font-weight: 400; color: #282828;\">QCVN 8-2:2011\/BYT (National technical regulation on limits of heavy metal contamination in food).<\/span><\/li>\n<li style=\"font-weight: 400;\" aria-level=\"1\"><span style=\"font-weight: 400; color: #282828;\">QCVN 8-1:2011\/BYT (National technical regulation on limits of mycotoxin contamination in food).<\/span><\/li>\n<li style=\"font-weight: 400;\" aria-level=\"1\"><span style=\"font-weight: 400; color: #282828;\">Decision 46\/2007\/Q\u0110-BYT (Regulation on maximum limits of biological and chemical contamination in food).<\/span><\/li>\n<\/ul>\n<p><span style=\"color: #282828;\"><b>Packaging:\u00a0<\/b><\/span><\/p>\n<p><span style=\"color: #282828;\"><b>Shelf life:<\/b><span style=\"font-weight: 400;\"> 2 years from the date of manufacture.<\/span><\/span><\/p>\n<p><span style=\"color: #282828;\"><b>Storage:<\/b><span style=\"font-weight: 400;\"> Store in a cool, dry place.<\/span><\/span><\/p>\n<p><span style=\"color: #282828;\"><b>Customer Reviews:<\/b><span style=\"font-weight: 400;\"> (Updating)<\/span><\/span><\/p>\n<h2><span style=\"color: #282828;\"><b>KING SPIDER TRADING SERVICE JOINT STOCK COMPANY<\/b><\/span><\/h2>\n<h4><span style=\"color: #282828;\"><b>Office Address: <\/b><span style=\"font-weight: 400;\">No. 3, Street No. 5, Linh Tay Ward, Thu Duc City, Ho Chi Minh City<\/span><\/span><\/h4>\n<ul>\n<li style=\"font-weight: 400;\" aria-level=\"1\"><b>Website: <\/b><a href=\"https:\/\/goldzherbs.com\/en\/\">https:\/\/goldzherbs.com\/<\/a><\/li>\n<li style=\"font-weight: 400;\" aria-level=\"1\"><b>Hotline:<\/b><span style=\"font-weight: 400;\"> 0902.329.106<\/span><\/li>\n<li style=\"font-weight: 400;\" aria-level=\"1\"><b>Email:<\/b><span style=\"font-weight: 400;\"> GoldzHerbs@gmail.com<\/span><\/li>\n<\/ul>\n<h4><span style=\"color: #282828;\"><b>Connect with us:<\/b><\/span><\/h4>\n<ul>\n<li style=\"font-weight: 400;\" aria-level=\"1\"><a href=\"https:\/\/www.facebook.com\/goldzherbs.official\"><span style=\"font-weight: 400;\">www.facebook.com\/goldzherbs.official<\/span><\/a><\/li>\n<li style=\"font-weight: 400;\" aria-level=\"1\"><a href=\"https:\/\/www.instagram.com\/goldzherbs.official\"><span style=\"font-weight: 400;\">www.instagram.com\/goldzherbs.official<\/span><\/a><\/li>\n<li style=\"font-weight: 400;\" aria-level=\"1\"><a href=\"https:\/\/www.tiktok.com\/@goldzherbs.official\"><span style=\"font-weight: 400;\">www.tiktok.com\/@goldzherbs.official<\/span><\/a><\/li>\n<\/ul>\n<h4><b>Official E-commerce Platforms:<\/b><\/h4>\n<ul>\n<li style=\"font-weight: 400;\" aria-level=\"1\"><a href=\"https:\/\/www.lazada.vn\/shop\/goldzherbs\/\">https:\/\/www.lazada.vn\/shop\/goldzherbs\/<\/a><\/li>\n<li style=\"font-weight: 400;\" aria-level=\"1\"><a href=\"https:\/\/shopee.vn\/goldzherbs\">https:\/\/shopee.vn\/goldzherbs<\/a><\/li>\n<li style=\"font-weight: 400;\" aria-level=\"1\"><span style=\"font-weight: 400;\">Tiktok Shop:\u00a0<\/span><\/li>\n<\/ul>\n","protected":false},"excerpt":{"rendered":"<p style=\"text-align: justify;\"><span style=\"color: #282828;\"><strong>Goldzherbs Pure Cold-Pressed Walnut Oil<\/strong> is made from 100% premium walnut kernels, cold-pressed to retain its nutritional value, with a pleasant and mild aroma.<\/span><\/p>\n","protected":false},"featured_media":5332,"template":"","meta":[],"product_brand":[],"product_cat":[446],"product_tag":[],"class_list":{"0":"post-3415","1":"product","2":"type-product","3":"status-publish","4":"has-post-thumbnail","6":"product_cat-cold-pressed-seed-oil","8":"first","9":"instock","10":"taxable","11":"shipping-taxable","12":"purchasable","13":"product-type-variable"},"acf":[],"yoast_head":"<!-- This site is optimized with the Yoast SEO plugin v27.4 - https:\/\/yoast.com\/product\/yoast-seo-wordpress\/ -->\n<title>D\u1ea7u \u00d3c Ch\u00f3 \u00c9p L\u1ea1nh Nguy\u00ean Ch\u1ea5t Goldzherbs<\/title>\n<meta name=\"description\" content=\"D\u1ea7u \u00d3c Ch\u00f3 \u00c9p L\u1ea1nh Nguy\u00ean Ch\u1ea5t Goldzherbs \u0111\u01b0\u1ee3c l\u00e0m t\u1eeb 100% Nh\u00e2n h\u1ea1t \u00f3c ch\u00f3 cao c\u1ea5p \u0111\u01b0\u1ee3c \u00e9p l\u1ea1nh gi\u1eef nguy\u00ean gi\u00e1 tr\u1ecb dinh d\u01b0\u1ee1ng, c\u00f3 h\u01b0\u01a1ng v\u1ecb..\" \/>\n<meta name=\"robots\" content=\"index, follow, max-snippet:-1, max-image-preview:large, max-video-preview:-1\" \/>\n<link rel=\"canonical\" href=\"https:\/\/goldzherbs.com\/en\/san-pham\/dau-oc-cho-ep-lanh-nguyen-chat\/\" \/>\n<meta property=\"og:locale\" content=\"en_US\" \/>\n<meta property=\"og:type\" content=\"article\" \/>\n<meta property=\"og:title\" content=\"D\u1ea7u \u00d3c Ch\u00f3 \u00c9p L\u1ea1nh Nguy\u00ean Ch\u1ea5t Goldzherbs\" \/>\n<meta property=\"og:description\" content=\"D\u1ea7u \u00d3c Ch\u00f3 \u00c9p L\u1ea1nh Nguy\u00ean Ch\u1ea5t Goldzherbs \u0111\u01b0\u1ee3c l\u00e0m t\u1eeb 100% Nh\u00e2n h\u1ea1t \u00f3c ch\u00f3 cao c\u1ea5p \u0111\u01b0\u1ee3c \u00e9p l\u1ea1nh gi\u1eef nguy\u00ean gi\u00e1 tr\u1ecb dinh d\u01b0\u1ee1ng, c\u00f3 h\u01b0\u01a1ng v\u1ecb..\" \/>\n<meta property=\"og:url\" content=\"https:\/\/goldzherbs.com\/en\/san-pham\/dau-oc-cho-ep-lanh-nguyen-chat\/\" \/>\n<meta property=\"og:site_name\" content=\"GoldzHerbs\" \/>\n<meta property=\"article:modified_time\" content=\"2024-09-27T02:10:30+00:00\" \/>\n<meta property=\"og:image\" content=\"https:\/\/goldzherbs.com\/wp-content\/uploads\/2023\/02\/16-3.png\" \/>\n\t<meta property=\"og:image:width\" content=\"1000\" \/>\n\t<meta property=\"og:image:height\" content=\"1000\" \/>\n\t<meta property=\"og:image:type\" content=\"image\/png\" \/>\n<meta name=\"twitter:card\" content=\"summary_large_image\" \/>\n<meta name=\"twitter:label1\" content=\"Est. reading time\" \/>\n\t<meta name=\"twitter:data1\" content=\"4 minutes\" \/>\n<script type=\"application\/ld+json\" class=\"yoast-schema-graph\">{\"@context\":\"https:\\\/\\\/schema.org\",\"@graph\":[{\"@type\":\"WebPage\",\"@id\":\"https:\\\/\\\/goldzherbs.com\\\/en\\\/san-pham\\\/dau-oc-cho-ep-lanh-nguyen-chat\\\/\",\"url\":\"https:\\\/\\\/goldzherbs.com\\\/en\\\/san-pham\\\/dau-oc-cho-ep-lanh-nguyen-chat\\\/\",\"name\":\"D\u1ea7u \u00d3c Ch\u00f3 \u00c9p L\u1ea1nh Nguy\u00ean Ch\u1ea5t Goldzherbs\",\"isPartOf\":{\"@id\":\"https:\\\/\\\/goldzherbs.com\\\/#website\"},\"primaryImageOfPage\":{\"@id\":\"https:\\\/\\\/goldzherbs.com\\\/en\\\/san-pham\\\/dau-oc-cho-ep-lanh-nguyen-chat\\\/#primaryimage\"},\"image\":{\"@id\":\"https:\\\/\\\/goldzherbs.com\\\/en\\\/san-pham\\\/dau-oc-cho-ep-lanh-nguyen-chat\\\/#primaryimage\"},\"thumbnailUrl\":\"https:\\\/\\\/goldzherbs.com\\\/wp-content\\\/uploads\\\/2023\\\/02\\\/dau-oc-cho-1.png\",\"datePublished\":\"2023-02-18T12:39:56+00:00\",\"dateModified\":\"2024-09-27T02:10:30+00:00\",\"description\":\"D\u1ea7u \u00d3c Ch\u00f3 \u00c9p L\u1ea1nh Nguy\u00ean Ch\u1ea5t Goldzherbs \u0111\u01b0\u1ee3c l\u00e0m t\u1eeb 100% Nh\u00e2n h\u1ea1t \u00f3c ch\u00f3 cao c\u1ea5p \u0111\u01b0\u1ee3c \u00e9p l\u1ea1nh gi\u1eef nguy\u00ean gi\u00e1 tr\u1ecb dinh d\u01b0\u1ee1ng, c\u00f3 h\u01b0\u01a1ng v\u1ecb..\",\"breadcrumb\":{\"@id\":\"https:\\\/\\\/goldzherbs.com\\\/en\\\/san-pham\\\/dau-oc-cho-ep-lanh-nguyen-chat\\\/#breadcrumb\"},\"inLanguage\":\"en-US\",\"potentialAction\":[{\"@type\":\"ReadAction\",\"target\":[\"https:\\\/\\\/goldzherbs.com\\\/en\\\/san-pham\\\/dau-oc-cho-ep-lanh-nguyen-chat\\\/\"]}]},{\"@type\":\"ImageObject\",\"inLanguage\":\"en-US\",\"@id\":\"https:\\\/\\\/goldzherbs.com\\\/en\\\/san-pham\\\/dau-oc-cho-ep-lanh-nguyen-chat\\\/#primaryimage\",\"url\":\"https:\\\/\\\/goldzherbs.com\\\/wp-content\\\/uploads\\\/2023\\\/02\\\/dau-oc-cho-1.png\",\"contentUrl\":\"https:\\\/\\\/goldzherbs.com\\\/wp-content\\\/uploads\\\/2023\\\/02\\\/dau-oc-cho-1.png\",\"width\":800,\"height\":800,\"caption\":\"dau-oc-cho\"},{\"@type\":\"BreadcrumbList\",\"@id\":\"https:\\\/\\\/goldzherbs.com\\\/en\\\/san-pham\\\/dau-oc-cho-ep-lanh-nguyen-chat\\\/#breadcrumb\",\"itemListElement\":[{\"@type\":\"ListItem\",\"position\":1,\"name\":\"Shop\",\"item\":\"https:\\\/\\\/goldzherbs.com\\\/shop\\\/\"},{\"@type\":\"ListItem\",\"position\":2,\"name\":\"D\u1ea7u \u00d3c Ch\u00f3 \u00c9p L\u1ea1nh Nguy\u00ean Ch\u1ea5t Goldzherbs\"}]},{\"@type\":\"WebSite\",\"@id\":\"https:\\\/\\\/goldzherbs.com\\\/#website\",\"url\":\"https:\\\/\\\/goldzherbs.com\\\/\",\"name\":\"GoldzHerbs\",\"description\":\"Th\u1ef1c Ph\u1ea9m V\u00ec S\u1ee9c Kh\u1ecfe\",\"publisher\":{\"@id\":\"https:\\\/\\\/goldzherbs.com\\\/#organization\"},\"potentialAction\":[{\"@type\":\"SearchAction\",\"target\":{\"@type\":\"EntryPoint\",\"urlTemplate\":\"https:\\\/\\\/goldzherbs.com\\\/?s={search_term_string}\"},\"query-input\":{\"@type\":\"PropertyValueSpecification\",\"valueRequired\":true,\"valueName\":\"search_term_string\"}}],\"inLanguage\":\"en-US\"},{\"@type\":\"Organization\",\"@id\":\"https:\\\/\\\/goldzherbs.com\\\/#organization\",\"name\":\"GoldzHerbs\",\"url\":\"https:\\\/\\\/goldzherbs.com\\\/\",\"logo\":{\"@type\":\"ImageObject\",\"inLanguage\":\"en-US\",\"@id\":\"https:\\\/\\\/goldzherbs.com\\\/#\\\/schema\\\/logo\\\/image\\\/\",\"url\":\"https:\\\/\\\/goldzherbs.com\\\/wp-content\\\/uploads\\\/2023\\\/01\\\/pixel.png\",\"contentUrl\":\"https:\\\/\\\/goldzherbs.com\\\/wp-content\\\/uploads\\\/2023\\\/01\\\/pixel.png\",\"width\":515,\"height\":514,\"caption\":\"GoldzHerbs\"},\"image\":{\"@id\":\"https:\\\/\\\/goldzherbs.com\\\/#\\\/schema\\\/logo\\\/image\\\/\"}}]}<\/script>\n<!-- \/ Yoast SEO plugin. -->","yoast_head_json":{"title":"D\u1ea7u \u00d3c Ch\u00f3 \u00c9p L\u1ea1nh Nguy\u00ean Ch\u1ea5t Goldzherbs","description":"D\u1ea7u \u00d3c Ch\u00f3 \u00c9p L\u1ea1nh Nguy\u00ean Ch\u1ea5t Goldzherbs \u0111\u01b0\u1ee3c l\u00e0m t\u1eeb 100% Nh\u00e2n h\u1ea1t \u00f3c ch\u00f3 cao c\u1ea5p \u0111\u01b0\u1ee3c \u00e9p l\u1ea1nh gi\u1eef nguy\u00ean gi\u00e1 tr\u1ecb dinh d\u01b0\u1ee1ng, c\u00f3 h\u01b0\u01a1ng v\u1ecb..","robots":{"index":"index","follow":"follow","max-snippet":"max-snippet:-1","max-image-preview":"max-image-preview:large","max-video-preview":"max-video-preview:-1"},"canonical":"https:\/\/goldzherbs.com\/en\/san-pham\/dau-oc-cho-ep-lanh-nguyen-chat\/","og_locale":"en_US","og_type":"article","og_title":"D\u1ea7u \u00d3c Ch\u00f3 \u00c9p L\u1ea1nh Nguy\u00ean Ch\u1ea5t Goldzherbs","og_description":"D\u1ea7u \u00d3c Ch\u00f3 \u00c9p L\u1ea1nh Nguy\u00ean Ch\u1ea5t Goldzherbs \u0111\u01b0\u1ee3c l\u00e0m t\u1eeb 100% Nh\u00e2n h\u1ea1t \u00f3c ch\u00f3 cao c\u1ea5p \u0111\u01b0\u1ee3c \u00e9p l\u1ea1nh gi\u1eef nguy\u00ean gi\u00e1 tr\u1ecb dinh d\u01b0\u1ee1ng, c\u00f3 h\u01b0\u01a1ng v\u1ecb..","og_url":"https:\/\/goldzherbs.com\/en\/san-pham\/dau-oc-cho-ep-lanh-nguyen-chat\/","og_site_name":"GoldzHerbs","article_modified_time":"2024-09-27T02:10:30+00:00","og_image":[{"width":1000,"height":1000,"url":"https:\/\/goldzherbs.com\/wp-content\/uploads\/2023\/02\/16-3.png","type":"image\/png"}],"twitter_card":"summary_large_image","twitter_misc":{"Est. reading time":"4 minutes"},"schema":{"@context":"https:\/\/schema.org","@graph":[{"@type":"WebPage","@id":"https:\/\/goldzherbs.com\/en\/san-pham\/dau-oc-cho-ep-lanh-nguyen-chat\/","url":"https:\/\/goldzherbs.com\/en\/san-pham\/dau-oc-cho-ep-lanh-nguyen-chat\/","name":"D\u1ea7u \u00d3c Ch\u00f3 \u00c9p L\u1ea1nh Nguy\u00ean Ch\u1ea5t Goldzherbs","isPartOf":{"@id":"https:\/\/goldzherbs.com\/#website"},"primaryImageOfPage":{"@id":"https:\/\/goldzherbs.com\/en\/san-pham\/dau-oc-cho-ep-lanh-nguyen-chat\/#primaryimage"},"image":{"@id":"https:\/\/goldzherbs.com\/en\/san-pham\/dau-oc-cho-ep-lanh-nguyen-chat\/#primaryimage"},"thumbnailUrl":"https:\/\/goldzherbs.com\/wp-content\/uploads\/2023\/02\/dau-oc-cho-1.png","datePublished":"2023-02-18T12:39:56+00:00","dateModified":"2024-09-27T02:10:30+00:00","description":"D\u1ea7u \u00d3c Ch\u00f3 \u00c9p L\u1ea1nh Nguy\u00ean Ch\u1ea5t Goldzherbs \u0111\u01b0\u1ee3c l\u00e0m t\u1eeb 100% Nh\u00e2n h\u1ea1t \u00f3c ch\u00f3 cao c\u1ea5p \u0111\u01b0\u1ee3c \u00e9p l\u1ea1nh gi\u1eef nguy\u00ean gi\u00e1 tr\u1ecb dinh d\u01b0\u1ee1ng, c\u00f3 h\u01b0\u01a1ng v\u1ecb..","breadcrumb":{"@id":"https:\/\/goldzherbs.com\/en\/san-pham\/dau-oc-cho-ep-lanh-nguyen-chat\/#breadcrumb"},"inLanguage":"en-US","potentialAction":[{"@type":"ReadAction","target":["https:\/\/goldzherbs.com\/en\/san-pham\/dau-oc-cho-ep-lanh-nguyen-chat\/"]}]},{"@type":"ImageObject","inLanguage":"en-US","@id":"https:\/\/goldzherbs.com\/en\/san-pham\/dau-oc-cho-ep-lanh-nguyen-chat\/#primaryimage","url":"https:\/\/goldzherbs.com\/wp-content\/uploads\/2023\/02\/dau-oc-cho-1.png","contentUrl":"https:\/\/goldzherbs.com\/wp-content\/uploads\/2023\/02\/dau-oc-cho-1.png","width":800,"height":800,"caption":"dau-oc-cho"},{"@type":"BreadcrumbList","@id":"https:\/\/goldzherbs.com\/en\/san-pham\/dau-oc-cho-ep-lanh-nguyen-chat\/#breadcrumb","itemListElement":[{"@type":"ListItem","position":1,"name":"Shop","item":"https:\/\/goldzherbs.com\/shop\/"},{"@type":"ListItem","position":2,"name":"D\u1ea7u \u00d3c Ch\u00f3 \u00c9p L\u1ea1nh Nguy\u00ean Ch\u1ea5t Goldzherbs"}]},{"@type":"WebSite","@id":"https:\/\/goldzherbs.com\/#website","url":"https:\/\/goldzherbs.com\/","name":"GoldzHerbs","description":"Th\u1ef1c Ph\u1ea9m V\u00ec S\u1ee9c Kh\u1ecfe","publisher":{"@id":"https:\/\/goldzherbs.com\/#organization"},"potentialAction":[{"@type":"SearchAction","target":{"@type":"EntryPoint","urlTemplate":"https:\/\/goldzherbs.com\/?s={search_term_string}"},"query-input":{"@type":"PropertyValueSpecification","valueRequired":true,"valueName":"search_term_string"}}],"inLanguage":"en-US"},{"@type":"Organization","@id":"https:\/\/goldzherbs.com\/#organization","name":"GoldzHerbs","url":"https:\/\/goldzherbs.com\/","logo":{"@type":"ImageObject","inLanguage":"en-US","@id":"https:\/\/goldzherbs.com\/#\/schema\/logo\/image\/","url":"https:\/\/goldzherbs.com\/wp-content\/uploads\/2023\/01\/pixel.png","contentUrl":"https:\/\/goldzherbs.com\/wp-content\/uploads\/2023\/01\/pixel.png","width":515,"height":514,"caption":"GoldzHerbs"},"image":{"@id":"https:\/\/goldzherbs.com\/#\/schema\/logo\/image\/"}}]}},"_links":{"self":[{"href":"https:\/\/goldzherbs.com\/en\/wp-json\/wp\/v2\/product\/3415","targetHints":{"allow":["GET"]}}],"collection":[{"href":"https:\/\/goldzherbs.com\/en\/wp-json\/wp\/v2\/product"}],"about":[{"href":"https:\/\/goldzherbs.com\/en\/wp-json\/wp\/v2\/types\/product"}],"wp:featuredmedia":[{"embeddable":true,"href":"https:\/\/goldzherbs.com\/en\/wp-json\/wp\/v2\/media\/5332"}],"wp:attachment":[{"href":"https:\/\/goldzherbs.com\/en\/wp-json\/wp\/v2\/media?parent=3415"}],"wp:term":[{"taxonomy":"product_brand","embeddable":true,"href":"https:\/\/goldzherbs.com\/en\/wp-json\/wp\/v2\/product_brand?post=3415"},{"taxonomy":"product_cat","embeddable":true,"href":"https:\/\/goldzherbs.com\/en\/wp-json\/wp\/v2\/product_cat?post=3415"},{"taxonomy":"product_tag","embeddable":true,"href":"https:\/\/goldzherbs.com\/en\/wp-json\/wp\/v2\/product_tag?post=3415"}],"curies":[{"name":"wp","href":"https:\/\/api.w.org\/{rel}","templated":true}]}}