{"id":3447,"date":"2023-06-16T08:33:57","date_gmt":"2023-06-16T01:33:57","guid":{"rendered":"https:\/\/goldzherbs.com\/san-pham\/tra-hoa-ngu-coc-gao-lut-thao-moc-slimfit-goldzherbs-200g\/"},"modified":"2024-09-26T14:41:04","modified_gmt":"2024-09-26T07:41:04","slug":"tra-hoa-ngu-coc-gao-lut-thao-moc-slimfit-goldzherbs-200g","status":"publish","type":"product","link":"https:\/\/goldzherbs.com\/en\/san-pham\/tra-hoa-ngu-coc-gao-lut-thao-moc-slimfit-goldzherbs-200g\/","title":{"rendered":"Slimfit Goldzherbs Multigrain Brown Rice Herbal Tea"},"content":{"rendered":"<h1 style=\"text-align: center;\"><strong>Slimfit Goldzherbs Multigrain Brown Rice Herbal Tea<\/strong><\/h1>\n<h2 style=\"text-align: center;\"><b>\u2013 Flower &amp; Herb Tea With Brown Rice &amp; Seed Slimfit &#8211;<\/b><\/h2>\n<p data-sourcepos=\"5:1-5:223\"><span style=\"color: #282828;\"><strong>Slimfit Goldzherbs Multigrain Brown Rice Herbal Tea<\/strong> is made from 100% natural ingredients. It is a blend of renowned dried herbs and grains such as: Lao Cai brown rice, black soybeans, jasmine flowers, rosebuds, and stevia.<\/span><\/p>\n<p data-sourcepos=\"7:1-7:97\"><span style=\"color: #282828;\"><strong>Benefits:<\/strong> One cup of <strong>Slimfit Goldzherbs Multigrain Brown Rice Herbal Tea<\/strong> each day helps with:<\/span><\/p>\n<h4 data-sourcepos=\"9:1-9:6\"><span style=\"color: #282828;\"><strong>Health Care:<\/strong><\/span><\/h4>\n<ul data-sourcepos=\"10:1-16:0\">\n<li data-sourcepos=\"10:1-10:22\"><span style=\"color: #282828;\">Promotes good health<\/span><\/li>\n<li data-sourcepos=\"11:1-11:50\"><span style=\"color: #282828;\">Aids in better sleep, reduces fatigue and stress<\/span><\/li>\n<li data-sourcepos=\"12:1-12:49\"><span style=\"color: #282828;\">Detoxifies the body, supports weight management<\/span><\/li>\n<li data-sourcepos=\"13:1-13:37\"><span style=\"color: #282828;\">Boosts metabolism, burns excess fat<\/span><\/li>\n<li data-sourcepos=\"14:1-14:61\"><span style=\"color: #282828;\">Regulates blood pressure, prevents heart disease, arthritis<\/span><\/li>\n<li data-sourcepos=\"15:1-16:0\"><span style=\"color: #282828;\">Supports digestion, soothes the liver<\/span><\/li>\n<\/ul>\n<h4 data-sourcepos=\"17:1-17:16\"><span style=\"color: #282828;\"><strong>Beauty Care:<\/strong><\/span><\/h4>\n<ul data-sourcepos=\"18:1-18:106\">\n<li data-sourcepos=\"18:1-18:106\"><span style=\"color: #282828;\">Moisturizes the skin, promotes brighter skin, reduces acne, improves skin elasticity, and fights aging.<\/span><\/li>\n<\/ul>\n<p>&nbsp;<\/p>\n<p><img loading=\"lazy\" decoding=\"async\" class=\"size-full wp-image-1761 aligncenter\" src=\"https:\/\/goldzherbs.com\/wp-content\/uploads\/2023\/06\/B06-07-1.png\" alt=\"Tra-Hoa-Ngu-Coc\" width=\"900\" height=\"600\" \/><\/p>\n<p>&nbsp;<\/p>\n<h2><strong>Instructions for Using Slimfit Goldzherbs Flower, Multigrain, Brown Rice, and Herbal Tea:<\/strong><\/h2>\n<ul>\n<li style=\"font-weight: 400;\" aria-level=\"1\">\n<p data-sourcepos=\"3:1-3:209\"><span style=\"color: #282828;\"><strong>Hot:<\/strong> Use an appropriate amount of tea, or 2 spoons, in a 300ml teapot depending on your taste. Steep in boiling water for 15-20 minutes, or simmer for 5 minutes. You can add rock sugar or honey as desired.<\/span><\/p>\n<\/li>\n<li style=\"font-weight: 400;\" aria-level=\"1\">\n<p data-sourcepos=\"3:1-3:209\"><span style=\"color: #282828;\"><strong>Cold:<\/strong> Strain the tea leaves and keep the liquid. Add ice or refrigerate.<\/span><\/p>\n<\/li>\n<li style=\"font-weight: 400;\" aria-level=\"1\">\n<p data-sourcepos=\"3:1-3:209\"><span style=\"color: #282828;\"><strong>For optimal results:<\/strong> The best times to drink Slimfit Goldzherbs Flower, Multigrain, Brown Rice, and Herbal Tea are upon waking up, at least 30 minutes after meals, and at least 30 minutes before bedtime.<\/span><\/p>\n<\/li>\n<\/ul>\n<p>&nbsp;<\/p>\n<p><img loading=\"lazy\" decoding=\"async\" class=\"size-full wp-image-1762 aligncenter\" src=\"https:\/\/goldzherbs.com\/wp-content\/uploads\/2023\/06\/B06-07-2.png\" alt=\"Tra-Hoa-Ngu-Coc\" width=\"900\" height=\"600\" \/><\/p>\n<p>&nbsp;<\/p>\n<h2><b>Certifications For Slimfit Goldzherbs Multigrain Brown Rice Herbal Tea<\/b><\/h2>\n<h4><b>Manufactured in accordance with ISO 22000:2018 certification: GOODVN38922.FSMS<\/b><\/h4>\n<h4><img loading=\"lazy\" decoding=\"async\" class=\"wp-image-1346 size-large aligncenter\" src=\"https:\/\/goldzherbs.com\/wp-content\/uploads\/2023\/06\/ISO1-1-724x1024.png\" alt=\"\" width=\"724\" height=\"1024\" \/><em><span style=\"color: #282828;\"><b>Product meets food safety requirements according to:<\/b><\/span><\/em><\/h4>\n<ul>\n<li style=\"font-weight: 400;\" aria-level=\"1\"><span style=\"font-weight: 400; color: #282828;\">QCVN 8-2:2011\/BYT (National technical regulation on limits of heavy metal contamination in food).<\/span><\/li>\n<li style=\"font-weight: 400;\" aria-level=\"1\"><span style=\"font-weight: 400; color: #282828;\">QCVN 8-1:2011\/BYT (National technical regulation on limits of mycotoxin contamination in food).<\/span><\/li>\n<li style=\"font-weight: 400;\" aria-level=\"1\"><span style=\"font-weight: 400; color: #282828;\">Decision 46\/2007\/Q\u0110-BYT (Regulation on maximum limits of biological and chemical contamination in food).<\/span><\/li>\n<\/ul>\n<p><span style=\"color: #282828;\"><b>Packaging:\u00a0<\/b><\/span><\/p>\n<p><span style=\"color: #282828;\"><b>Shelf life:<\/b><span style=\"font-weight: 400;\"> 2 years from the date of manufacture.<\/span><\/span><\/p>\n<p><span style=\"color: #282828;\"><b>Storage:<\/b><span style=\"font-weight: 400;\"> Store in a cool, dry place.<\/span><\/span><\/p>\n<p><span style=\"color: #282828;\"><b>Customer Reviews:<\/b><span style=\"font-weight: 400;\"> (Updating)<\/span><\/span><\/p>\n<h2><span style=\"color: #282828;\"><b>KING SPIDER TRADING SERVICE JOINT STOCK COMPANY<\/b><\/span><\/h2>\n<h4><span style=\"color: #282828;\"><b>Office Address: <\/b><span style=\"font-weight: 400;\">No. 3, Street No. 5, Linh Tay Ward, Thu Duc City, Ho Chi Minh City<\/span><\/span><\/h4>\n<ul>\n<li style=\"font-weight: 400;\" aria-level=\"1\"><b>Website: <\/b><a href=\"https:\/\/goldzherbs.com\/en\/\">https:\/\/goldzherbs.com\/<\/a><\/li>\n<li style=\"font-weight: 400;\" aria-level=\"1\"><b>Hotline:<\/b><span style=\"font-weight: 400;\"> 0902.329.106<\/span><\/li>\n<li style=\"font-weight: 400;\" aria-level=\"1\"><b>Email:<\/b><span style=\"font-weight: 400;\"> GoldzHerbs@gmail.com<\/span><\/li>\n<\/ul>\n<h4><b>Connect with us:<\/b><\/h4>\n<ul>\n<li style=\"font-weight: 400;\" aria-level=\"1\"><a href=\"https:\/\/www.facebook.com\/goldzherbs.official\"><span style=\"font-weight: 400;\">www.facebook.com\/goldzherbs.official<\/span><\/a><\/li>\n<li style=\"font-weight: 400;\" aria-level=\"1\"><a href=\"https:\/\/www.instagram.com\/goldzherbs.official\"><span style=\"font-weight: 400;\">www.instagram.com\/goldzherbs.official<\/span><\/a><\/li>\n<li style=\"font-weight: 400;\" aria-level=\"1\"><a href=\"https:\/\/www.tiktok.com\/@goldzherbs.official\"><span style=\"font-weight: 400;\">www.tiktok.com\/@goldzherbs.official<\/span><\/a><\/li>\n<\/ul>\n<h4><b>Official E-commerce Platforms:<\/b><\/h4>\n<ul>\n<li style=\"font-weight: 400;\" aria-level=\"1\"><a href=\"https:\/\/www.lazada.vn\/shop\/goldzherbs\/\">https:\/\/www.lazada.vn\/shop\/goldzherbs\/<\/a><\/li>\n<li style=\"font-weight: 400;\" aria-level=\"1\"><a href=\"https:\/\/shopee.vn\/goldzherbs\">https:\/\/shopee.vn\/goldzherbs<\/a><\/li>\n<li style=\"font-weight: 400;\" aria-level=\"1\"><span style=\"font-weight: 400;\">Tiktok Shop:\u00a0<\/span><\/li>\n<\/ul>\n","protected":false},"excerpt":{"rendered":"<p style=\"text-align: justify;\"><span style=\"color: #282828;\"><strong>Slimfit Goldzherbs Multigrain Brown Rice Herbal Tea<\/strong> is made from 100% natural ingredients. It is a blend of renowned dried herbs and grains such as: Lao Cai brown rice, black soybeans, jasmine flowers, rosebuds, and stevia.<\/span><\/p>\n","protected":false},"featured_media":5109,"template":"","meta":[],"product_brand":[],"product_cat":[455],"product_tag":[],"class_list":{"0":"post-3447","1":"product","2":"type-product","3":"status-publish","4":"has-post-thumbnail","6":"product_cat-herbal-flower-tea","8":"first","9":"instock","10":"taxable","11":"shipping-taxable","12":"purchasable","13":"product-type-variable"},"acf":[],"yoast_head":"<!-- This site is optimized with the Yoast SEO plugin v27.4 - https:\/\/yoast.com\/product\/yoast-seo-wordpress\/ -->\n<title>Tr\u00e0 Hoa Ng\u0169 C\u1ed1c G\u1ea1o L\u1ee9t Th\u1ea3o M\u1ed9c Slimfit Goldzherbs<\/title>\n<meta name=\"description\" content=\"Tr\u00e0 Hoa Ng\u0169 C\u1ed1c G\u1ea1o L\u1ee9t Th\u1ea3o M\u1ed9c Slimfit Goldzherbs \u0111\u01b0\u1ee3c l\u00e0m t\u1eeb 100% t\u1ef1 nhi\u00ean. L\u00e0 s\u1ef1 k\u1ebft h\u1ee3p c\u1ee7a c\u00e1c th\u1ea3o d\u01b0\u1ee3c kh\u00f4 v\u00e0 ng\u0169 c\u1ed1c n\u1ed5i ti\u1ebfng nh\u01b0: G\u1ea1o l\u1ee9t...\" \/>\n<meta name=\"robots\" content=\"index, follow, max-snippet:-1, max-image-preview:large, max-video-preview:-1\" \/>\n<link rel=\"canonical\" href=\"https:\/\/goldzherbs.com\/en\/san-pham\/tra-hoa-ngu-coc-gao-lut-thao-moc-slimfit-goldzherbs-200g\/\" \/>\n<meta property=\"og:locale\" content=\"en_US\" \/>\n<meta property=\"og:type\" content=\"article\" \/>\n<meta property=\"og:title\" content=\"Tr\u00e0 Hoa Ng\u0169 C\u1ed1c G\u1ea1o L\u1ee9t Th\u1ea3o M\u1ed9c Slimfit Goldzherbs\" \/>\n<meta property=\"og:description\" content=\"Tr\u00e0 Hoa Ng\u0169 C\u1ed1c G\u1ea1o L\u1ee9t Th\u1ea3o M\u1ed9c Slimfit Goldzherbs \u0111\u01b0\u1ee3c l\u00e0m t\u1eeb 100% t\u1ef1 nhi\u00ean. L\u00e0 s\u1ef1 k\u1ebft h\u1ee3p c\u1ee7a c\u00e1c th\u1ea3o d\u01b0\u1ee3c kh\u00f4 v\u00e0 ng\u0169 c\u1ed1c n\u1ed5i ti\u1ebfng nh\u01b0: G\u1ea1o l\u1ee9t...\" \/>\n<meta property=\"og:url\" content=\"https:\/\/goldzherbs.com\/en\/san-pham\/tra-hoa-ngu-coc-gao-lut-thao-moc-slimfit-goldzherbs-200g\/\" \/>\n<meta property=\"og:site_name\" content=\"GoldzHerbs\" \/>\n<meta property=\"article:modified_time\" content=\"2024-09-26T07:41:04+00:00\" \/>\n<meta property=\"og:image\" content=\"https:\/\/goldzherbs.com\/wp-content\/uploads\/2023\/06\/tra-hoa-ngu-coc-gao-luc-thao-moc.png\" \/>\n\t<meta property=\"og:image:width\" content=\"270\" \/>\n\t<meta property=\"og:image:height\" content=\"243\" \/>\n\t<meta property=\"og:image:type\" content=\"image\/png\" \/>\n<meta name=\"twitter:card\" content=\"summary_large_image\" \/>\n<meta name=\"twitter:label1\" content=\"Est. reading time\" \/>\n\t<meta name=\"twitter:data1\" content=\"2 minutes\" \/>\n<script type=\"application\/ld+json\" class=\"yoast-schema-graph\">{\"@context\":\"https:\\\/\\\/schema.org\",\"@graph\":[{\"@type\":\"WebPage\",\"@id\":\"https:\\\/\\\/goldzherbs.com\\\/en\\\/san-pham\\\/tra-hoa-ngu-coc-gao-lut-thao-moc-slimfit-goldzherbs-200g\\\/\",\"url\":\"https:\\\/\\\/goldzherbs.com\\\/en\\\/san-pham\\\/tra-hoa-ngu-coc-gao-lut-thao-moc-slimfit-goldzherbs-200g\\\/\",\"name\":\"Tr\u00e0 Hoa Ng\u0169 C\u1ed1c G\u1ea1o L\u1ee9t Th\u1ea3o M\u1ed9c Slimfit Goldzherbs\",\"isPartOf\":{\"@id\":\"https:\\\/\\\/goldzherbs.com\\\/#website\"},\"primaryImageOfPage\":{\"@id\":\"https:\\\/\\\/goldzherbs.com\\\/en\\\/san-pham\\\/tra-hoa-ngu-coc-gao-lut-thao-moc-slimfit-goldzherbs-200g\\\/#primaryimage\"},\"image\":{\"@id\":\"https:\\\/\\\/goldzherbs.com\\\/en\\\/san-pham\\\/tra-hoa-ngu-coc-gao-lut-thao-moc-slimfit-goldzherbs-200g\\\/#primaryimage\"},\"thumbnailUrl\":\"https:\\\/\\\/goldzherbs.com\\\/wp-content\\\/uploads\\\/2023\\\/06\\\/tra-hoa-ngu-coc-gao-lut-thao-moc.png\",\"datePublished\":\"2023-06-16T01:33:57+00:00\",\"dateModified\":\"2024-09-26T07:41:04+00:00\",\"description\":\"Tr\u00e0 Hoa Ng\u0169 C\u1ed1c G\u1ea1o L\u1ee9t Th\u1ea3o M\u1ed9c Slimfit Goldzherbs \u0111\u01b0\u1ee3c l\u00e0m t\u1eeb 100% t\u1ef1 nhi\u00ean. L\u00e0 s\u1ef1 k\u1ebft h\u1ee3p c\u1ee7a c\u00e1c th\u1ea3o d\u01b0\u1ee3c kh\u00f4 v\u00e0 ng\u0169 c\u1ed1c n\u1ed5i ti\u1ebfng nh\u01b0: G\u1ea1o l\u1ee9t...\",\"breadcrumb\":{\"@id\":\"https:\\\/\\\/goldzherbs.com\\\/en\\\/san-pham\\\/tra-hoa-ngu-coc-gao-lut-thao-moc-slimfit-goldzherbs-200g\\\/#breadcrumb\"},\"inLanguage\":\"en-US\",\"potentialAction\":[{\"@type\":\"ReadAction\",\"target\":[\"https:\\\/\\\/goldzherbs.com\\\/en\\\/san-pham\\\/tra-hoa-ngu-coc-gao-lut-thao-moc-slimfit-goldzherbs-200g\\\/\"]}]},{\"@type\":\"ImageObject\",\"inLanguage\":\"en-US\",\"@id\":\"https:\\\/\\\/goldzherbs.com\\\/en\\\/san-pham\\\/tra-hoa-ngu-coc-gao-lut-thao-moc-slimfit-goldzherbs-200g\\\/#primaryimage\",\"url\":\"https:\\\/\\\/goldzherbs.com\\\/wp-content\\\/uploads\\\/2023\\\/06\\\/tra-hoa-ngu-coc-gao-lut-thao-moc.png\",\"contentUrl\":\"https:\\\/\\\/goldzherbs.com\\\/wp-content\\\/uploads\\\/2023\\\/06\\\/tra-hoa-ngu-coc-gao-lut-thao-moc.png\",\"width\":800,\"height\":800,\"caption\":\"tra-hoa-ngu-coc-gao-lut-thao-moc\"},{\"@type\":\"BreadcrumbList\",\"@id\":\"https:\\\/\\\/goldzherbs.com\\\/en\\\/san-pham\\\/tra-hoa-ngu-coc-gao-lut-thao-moc-slimfit-goldzherbs-200g\\\/#breadcrumb\",\"itemListElement\":[{\"@type\":\"ListItem\",\"position\":1,\"name\":\"Shop\",\"item\":\"https:\\\/\\\/goldzherbs.com\\\/shop\\\/\"},{\"@type\":\"ListItem\",\"position\":2,\"name\":\"Tr\u00e0 Hoa Ng\u0169 C\u1ed1c G\u1ea1o L\u1ee9t Th\u1ea3o M\u1ed9c Slimfit Goldzherbs\"}]},{\"@type\":\"WebSite\",\"@id\":\"https:\\\/\\\/goldzherbs.com\\\/#website\",\"url\":\"https:\\\/\\\/goldzherbs.com\\\/\",\"name\":\"GoldzHerbs\",\"description\":\"Th\u1ef1c Ph\u1ea9m V\u00ec S\u1ee9c Kh\u1ecfe\",\"publisher\":{\"@id\":\"https:\\\/\\\/goldzherbs.com\\\/#organization\"},\"potentialAction\":[{\"@type\":\"SearchAction\",\"target\":{\"@type\":\"EntryPoint\",\"urlTemplate\":\"https:\\\/\\\/goldzherbs.com\\\/?s={search_term_string}\"},\"query-input\":{\"@type\":\"PropertyValueSpecification\",\"valueRequired\":true,\"valueName\":\"search_term_string\"}}],\"inLanguage\":\"en-US\"},{\"@type\":\"Organization\",\"@id\":\"https:\\\/\\\/goldzherbs.com\\\/#organization\",\"name\":\"GoldzHerbs\",\"url\":\"https:\\\/\\\/goldzherbs.com\\\/\",\"logo\":{\"@type\":\"ImageObject\",\"inLanguage\":\"en-US\",\"@id\":\"https:\\\/\\\/goldzherbs.com\\\/#\\\/schema\\\/logo\\\/image\\\/\",\"url\":\"https:\\\/\\\/goldzherbs.com\\\/wp-content\\\/uploads\\\/2023\\\/01\\\/pixel.png\",\"contentUrl\":\"https:\\\/\\\/goldzherbs.com\\\/wp-content\\\/uploads\\\/2023\\\/01\\\/pixel.png\",\"width\":515,\"height\":514,\"caption\":\"GoldzHerbs\"},\"image\":{\"@id\":\"https:\\\/\\\/goldzherbs.com\\\/#\\\/schema\\\/logo\\\/image\\\/\"}}]}<\/script>\n<!-- \/ Yoast SEO plugin. -->","yoast_head_json":{"title":"Tr\u00e0 Hoa Ng\u0169 C\u1ed1c G\u1ea1o L\u1ee9t Th\u1ea3o M\u1ed9c Slimfit Goldzherbs","description":"Tr\u00e0 Hoa Ng\u0169 C\u1ed1c G\u1ea1o L\u1ee9t Th\u1ea3o M\u1ed9c Slimfit Goldzherbs \u0111\u01b0\u1ee3c l\u00e0m t\u1eeb 100% t\u1ef1 nhi\u00ean. L\u00e0 s\u1ef1 k\u1ebft h\u1ee3p c\u1ee7a c\u00e1c th\u1ea3o d\u01b0\u1ee3c kh\u00f4 v\u00e0 ng\u0169 c\u1ed1c n\u1ed5i ti\u1ebfng nh\u01b0: G\u1ea1o l\u1ee9t...","robots":{"index":"index","follow":"follow","max-snippet":"max-snippet:-1","max-image-preview":"max-image-preview:large","max-video-preview":"max-video-preview:-1"},"canonical":"https:\/\/goldzherbs.com\/en\/san-pham\/tra-hoa-ngu-coc-gao-lut-thao-moc-slimfit-goldzherbs-200g\/","og_locale":"en_US","og_type":"article","og_title":"Tr\u00e0 Hoa Ng\u0169 C\u1ed1c G\u1ea1o L\u1ee9t Th\u1ea3o M\u1ed9c Slimfit Goldzherbs","og_description":"Tr\u00e0 Hoa Ng\u0169 C\u1ed1c G\u1ea1o L\u1ee9t Th\u1ea3o M\u1ed9c Slimfit Goldzherbs \u0111\u01b0\u1ee3c l\u00e0m t\u1eeb 100% t\u1ef1 nhi\u00ean. L\u00e0 s\u1ef1 k\u1ebft h\u1ee3p c\u1ee7a c\u00e1c th\u1ea3o d\u01b0\u1ee3c kh\u00f4 v\u00e0 ng\u0169 c\u1ed1c n\u1ed5i ti\u1ebfng nh\u01b0: G\u1ea1o l\u1ee9t...","og_url":"https:\/\/goldzherbs.com\/en\/san-pham\/tra-hoa-ngu-coc-gao-lut-thao-moc-slimfit-goldzherbs-200g\/","og_site_name":"GoldzHerbs","article_modified_time":"2024-09-26T07:41:04+00:00","og_image":[{"width":270,"height":243,"url":"https:\/\/goldzherbs.com\/wp-content\/uploads\/2023\/06\/tra-hoa-ngu-coc-gao-luc-thao-moc.png","type":"image\/png"}],"twitter_card":"summary_large_image","twitter_misc":{"Est. reading time":"2 minutes"},"schema":{"@context":"https:\/\/schema.org","@graph":[{"@type":"WebPage","@id":"https:\/\/goldzherbs.com\/en\/san-pham\/tra-hoa-ngu-coc-gao-lut-thao-moc-slimfit-goldzherbs-200g\/","url":"https:\/\/goldzherbs.com\/en\/san-pham\/tra-hoa-ngu-coc-gao-lut-thao-moc-slimfit-goldzherbs-200g\/","name":"Tr\u00e0 Hoa Ng\u0169 C\u1ed1c G\u1ea1o L\u1ee9t Th\u1ea3o M\u1ed9c Slimfit Goldzherbs","isPartOf":{"@id":"https:\/\/goldzherbs.com\/#website"},"primaryImageOfPage":{"@id":"https:\/\/goldzherbs.com\/en\/san-pham\/tra-hoa-ngu-coc-gao-lut-thao-moc-slimfit-goldzherbs-200g\/#primaryimage"},"image":{"@id":"https:\/\/goldzherbs.com\/en\/san-pham\/tra-hoa-ngu-coc-gao-lut-thao-moc-slimfit-goldzherbs-200g\/#primaryimage"},"thumbnailUrl":"https:\/\/goldzherbs.com\/wp-content\/uploads\/2023\/06\/tra-hoa-ngu-coc-gao-lut-thao-moc.png","datePublished":"2023-06-16T01:33:57+00:00","dateModified":"2024-09-26T07:41:04+00:00","description":"Tr\u00e0 Hoa Ng\u0169 C\u1ed1c G\u1ea1o L\u1ee9t Th\u1ea3o M\u1ed9c Slimfit Goldzherbs \u0111\u01b0\u1ee3c l\u00e0m t\u1eeb 100% t\u1ef1 nhi\u00ean. L\u00e0 s\u1ef1 k\u1ebft h\u1ee3p c\u1ee7a c\u00e1c th\u1ea3o d\u01b0\u1ee3c kh\u00f4 v\u00e0 ng\u0169 c\u1ed1c n\u1ed5i ti\u1ebfng nh\u01b0: G\u1ea1o l\u1ee9t...","breadcrumb":{"@id":"https:\/\/goldzherbs.com\/en\/san-pham\/tra-hoa-ngu-coc-gao-lut-thao-moc-slimfit-goldzherbs-200g\/#breadcrumb"},"inLanguage":"en-US","potentialAction":[{"@type":"ReadAction","target":["https:\/\/goldzherbs.com\/en\/san-pham\/tra-hoa-ngu-coc-gao-lut-thao-moc-slimfit-goldzherbs-200g\/"]}]},{"@type":"ImageObject","inLanguage":"en-US","@id":"https:\/\/goldzherbs.com\/en\/san-pham\/tra-hoa-ngu-coc-gao-lut-thao-moc-slimfit-goldzherbs-200g\/#primaryimage","url":"https:\/\/goldzherbs.com\/wp-content\/uploads\/2023\/06\/tra-hoa-ngu-coc-gao-lut-thao-moc.png","contentUrl":"https:\/\/goldzherbs.com\/wp-content\/uploads\/2023\/06\/tra-hoa-ngu-coc-gao-lut-thao-moc.png","width":800,"height":800,"caption":"tra-hoa-ngu-coc-gao-lut-thao-moc"},{"@type":"BreadcrumbList","@id":"https:\/\/goldzherbs.com\/en\/san-pham\/tra-hoa-ngu-coc-gao-lut-thao-moc-slimfit-goldzherbs-200g\/#breadcrumb","itemListElement":[{"@type":"ListItem","position":1,"name":"Shop","item":"https:\/\/goldzherbs.com\/shop\/"},{"@type":"ListItem","position":2,"name":"Tr\u00e0 Hoa Ng\u0169 C\u1ed1c G\u1ea1o L\u1ee9t Th\u1ea3o M\u1ed9c Slimfit Goldzherbs"}]},{"@type":"WebSite","@id":"https:\/\/goldzherbs.com\/#website","url":"https:\/\/goldzherbs.com\/","name":"GoldzHerbs","description":"Th\u1ef1c Ph\u1ea9m V\u00ec S\u1ee9c Kh\u1ecfe","publisher":{"@id":"https:\/\/goldzherbs.com\/#organization"},"potentialAction":[{"@type":"SearchAction","target":{"@type":"EntryPoint","urlTemplate":"https:\/\/goldzherbs.com\/?s={search_term_string}"},"query-input":{"@type":"PropertyValueSpecification","valueRequired":true,"valueName":"search_term_string"}}],"inLanguage":"en-US"},{"@type":"Organization","@id":"https:\/\/goldzherbs.com\/#organization","name":"GoldzHerbs","url":"https:\/\/goldzherbs.com\/","logo":{"@type":"ImageObject","inLanguage":"en-US","@id":"https:\/\/goldzherbs.com\/#\/schema\/logo\/image\/","url":"https:\/\/goldzherbs.com\/wp-content\/uploads\/2023\/01\/pixel.png","contentUrl":"https:\/\/goldzherbs.com\/wp-content\/uploads\/2023\/01\/pixel.png","width":515,"height":514,"caption":"GoldzHerbs"},"image":{"@id":"https:\/\/goldzherbs.com\/#\/schema\/logo\/image\/"}}]}},"_links":{"self":[{"href":"https:\/\/goldzherbs.com\/en\/wp-json\/wp\/v2\/product\/3447","targetHints":{"allow":["GET"]}}],"collection":[{"href":"https:\/\/goldzherbs.com\/en\/wp-json\/wp\/v2\/product"}],"about":[{"href":"https:\/\/goldzherbs.com\/en\/wp-json\/wp\/v2\/types\/product"}],"wp:featuredmedia":[{"embeddable":true,"href":"https:\/\/goldzherbs.com\/en\/wp-json\/wp\/v2\/media\/5109"}],"wp:attachment":[{"href":"https:\/\/goldzherbs.com\/en\/wp-json\/wp\/v2\/media?parent=3447"}],"wp:term":[{"taxonomy":"product_brand","embeddable":true,"href":"https:\/\/goldzherbs.com\/en\/wp-json\/wp\/v2\/product_brand?post=3447"},{"taxonomy":"product_cat","embeddable":true,"href":"https:\/\/goldzherbs.com\/en\/wp-json\/wp\/v2\/product_cat?post=3447"},{"taxonomy":"product_tag","embeddable":true,"href":"https:\/\/goldzherbs.com\/en\/wp-json\/wp\/v2\/product_tag?post=3447"}],"curies":[{"name":"wp","href":"https:\/\/api.w.org\/{rel}","templated":true}]}}