{"id":3501,"date":"2023-05-04T14:22:50","date_gmt":"2023-05-04T07:22:50","guid":{"rendered":"https:\/\/goldzherbs.com\/san-pham\/bot-gao-lut-me-den-goldzherbs-250g-500g\/"},"modified":"2024-09-26T16:22:51","modified_gmt":"2024-09-26T09:22:51","slug":"bot-gao-lut-me-den-goldzherbs-250g-500g","status":"publish","type":"product","link":"https:\/\/goldzherbs.com\/en\/san-pham\/bot-gao-lut-me-den-goldzherbs-250g-500g\/","title":{"rendered":"GoldzHerbs Black Sesame Brown Rice Powder"},"content":{"rendered":"<h1 style=\"text-align: center;\"><strong>GoldzHerbs Black Sesame Brown Rice Powder<\/strong><\/h1>\n<h2 style=\"text-align: center;\"><b>\u2013 Brown Rice With Black Sesame Powder &#8211;<\/b><\/h2>\n<p data-sourcepos=\"3:1-3:194\"><span style=\"color: #282828;\"><strong>GoldzHerbs Black Sesame Brown Rice Powder<\/strong> is made from brown rice and black sesame seeds that have been roasted at a moderate temperature to retain their valuable nutrients and delicious flavor.<\/span><\/p>\n<p data-sourcepos=\"5:1-5:89\"><span style=\"color: #282828;\"><strong>Benefits:<\/strong> 1 cup of milk made from<strong> GoldzHerbs Black Sesame Brown Rice Powder<\/strong> per day helps<\/span><\/p>\n<h4><span style=\"color: #282828;\"><b>Health Care<\/b><\/span><\/h4>\n<ul>\n<li style=\"font-weight: 400;\" aria-level=\"1\"><span style=\"color: #282828;\">Prevent constipation, promote bowel movements, and diuresis.<\/span><\/li>\n<li style=\"font-weight: 400;\" aria-level=\"1\"><span style=\"color: #282828;\">Control blood sugar levels.<\/span><\/li>\n<li style=\"font-weight: 400;\" aria-level=\"1\"><span style=\"color: #282828;\">Reduce cholesterol in the blood, reducing the risk of cardiovascular diseases.<\/span><\/li>\n<li style=\"font-weight: 400;\" aria-level=\"1\"><span style=\"color: #282828;\">Detoxify the body and control weight.<\/span><\/li>\n<li style=\"font-weight: 400;\" aria-level=\"1\"><span style=\"color: #282828;\">Increase absorption and promote a healthy digestive system.<\/span><\/li>\n<li style=\"font-weight: 400;\" aria-level=\"1\"><span style=\"color: #282828;\">Improve eyesight.<\/span><\/li>\n<\/ul>\n<h4><span style=\"color: #282828;\"><b>Beauty Care<\/b><\/span><\/h4>\n<ul>\n<li><span style=\"color: #282828;\">Help your skin stay smooth and rosy.<\/span><\/li>\n<li><span style=\"color: #282828;\">Prevent rough skin and promote a vibrant complexion.<\/span><\/li>\n<li><span style=\"color: #282828;\">Achieve safe and effective weight loss, maintaining a healthy and beautiful figure.<\/span><\/li>\n<\/ul>\n<p>&nbsp;<\/p>\n<p><img loading=\"lazy\" decoding=\"async\" class=\"size-full wp-image-1654 aligncenter\" src=\"https:\/\/goldzherbs.com\/wp-content\/uploads\/2023\/05\/B4-2.png\" alt=\"bot-gao-lut-me-den-GoldzHerbs\" width=\"900\" height=\"600\" \/><\/p>\n<p>&nbsp;<\/p>\n<h2><strong>I<span style=\"color: #282828;\">nstructions for Using GoldzHerbs Brown Rice and Black Sesame Powder:<\/span><\/strong><\/h2>\n<ul>\n<li data-sourcepos=\"3:1-3:200\"><span style=\"color: #282828;\"><strong>Hot:<\/strong> Dissolve 2 tablespoons (about 30g) into 150ml of hot water (around 80 degrees Celsius). Stir well and let it cool down slightly before enjoying. For a richer taste, you can add sugar or milk.<\/span><\/li>\n<li data-sourcepos=\"5:1-5:103\"><span style=\"color: #282828;\"><strong>Cold:<\/strong> Dissolve 2 tablespoons (about 30g) into 50ml of boiling water. Stir well, add ice, and enjoy.<\/span><\/li>\n<\/ul>\n<p data-sourcepos=\"7:1-7:260\"><span style=\"color: #282828;\"><strong>Recommended Use:<\/strong> GoldzHerbs Brown Rice and Black Sesame Powder should be consumed daily, at least twice a day, at breakfast and dinner. Use 2 teaspoons of powder per serving. A glass of this nutritious drink can be a great substitute for a full breakfast.<\/span><\/p>\n<p>&nbsp;<\/p>\n<p><img loading=\"lazy\" decoding=\"async\" class=\"size-full wp-image-1653 aligncenter\" src=\"https:\/\/goldzherbs.com\/wp-content\/uploads\/2023\/05\/B4-1.png\" alt=\"bot-gao-lut-me-den-GoldzHerbs\" width=\"900\" height=\"600\" \/><\/p>\n<p>&nbsp;<\/p>\n<h2><b>Certifications For GoldzHerbs Black Sesame Brown Rice Powder<\/b><\/h2>\n<h4><b>Manufactured in accordance with ISO 22000:2018 certification: GOODVN38922.FSMS<\/b><\/h4>\n<h4><img loading=\"lazy\" decoding=\"async\" class=\"wp-image-1346 size-large aligncenter\" src=\"https:\/\/goldzherbs.com\/wp-content\/uploads\/2023\/06\/ISO1-1-724x1024.png\" alt=\"\" width=\"724\" height=\"1024\" \/><\/h4>\n<h4><span style=\"color: #282828;\"><em><b>Product meets food safety requirements according to:<\/b><\/em><\/span><\/h4>\n<ul>\n<li style=\"font-weight: 400;\" aria-level=\"1\"><span style=\"font-weight: 400; color: #282828;\">QCVN 8-2:2011\/BYT (National technical regulation on limits of heavy metal contamination in food).<\/span><\/li>\n<li style=\"font-weight: 400;\" aria-level=\"1\"><span style=\"font-weight: 400; color: #282828;\">QCVN 8-1:2011\/BYT (National technical regulation on limits of mycotoxin contamination in food).<\/span><\/li>\n<li style=\"font-weight: 400;\" aria-level=\"1\"><span style=\"font-weight: 400; color: #282828;\">Decision 46\/2007\/Q\u0110-BYT (Regulation on maximum limits of biological and chemical contamination in food).<\/span><\/li>\n<\/ul>\n<p><span style=\"color: #282828;\"><b>Packaging:\u00a0<\/b><\/span><\/p>\n<p><span style=\"color: #282828;\"><b>Shelf life:<\/b><span style=\"font-weight: 400;\"> 2 years from the date of manufacture.<\/span><\/span><\/p>\n<p><span style=\"color: #282828;\"><b>Storage:<\/b><span style=\"font-weight: 400;\"> Store in a cool, dry place.<\/span><\/span><\/p>\n<p><span style=\"color: #282828;\"><b>Customer Reviews:<\/b><span style=\"font-weight: 400;\"> (Updating)<\/span><\/span><\/p>\n<h2><span style=\"color: #282828;\"><b>KING SPIDER TRADING SERVICE JOINT STOCK COMPANY<\/b><\/span><\/h2>\n<h4><span style=\"color: #282828;\"><b>Office Address: <\/b><span style=\"font-weight: 400;\">No. 3, Street No. 5, Linh Tay Ward, Thu Duc City, Ho Chi Minh City<\/span><\/span><\/h4>\n<ul>\n<li style=\"font-weight: 400;\" aria-level=\"1\"><b>Website: <\/b><a href=\"https:\/\/goldzherbs.com\/en\/\">https:\/\/goldzherbs.com\/<\/a><\/li>\n<li style=\"font-weight: 400;\" aria-level=\"1\"><b>Hotline:<\/b><span style=\"font-weight: 400;\"> 0902.329.106<\/span><\/li>\n<li style=\"font-weight: 400;\" aria-level=\"1\"><b>Email:<\/b><span style=\"font-weight: 400;\"> GoldzHerbs@gmail.com<\/span><\/li>\n<\/ul>\n<h4><b>Connect with us:<\/b><\/h4>\n<ul>\n<li style=\"font-weight: 400;\" aria-level=\"1\"><a href=\"https:\/\/www.facebook.com\/goldzherbs.official\"><span style=\"font-weight: 400;\">www.facebook.com\/goldzherbs.official<\/span><\/a><\/li>\n<li style=\"font-weight: 400;\" aria-level=\"1\"><a href=\"https:\/\/www.instagram.com\/goldzherbs.official\"><span style=\"font-weight: 400;\">www.instagram.com\/goldzherbs.official<\/span><\/a><\/li>\n<li style=\"font-weight: 400;\" aria-level=\"1\"><a href=\"https:\/\/www.tiktok.com\/@goldzherbs.official\"><span style=\"font-weight: 400;\">www.tiktok.com\/@goldzherbs.official<\/span><\/a><\/li>\n<\/ul>\n<h4><b>Official E-commerce Platforms:<\/b><\/h4>\n<ul>\n<li style=\"font-weight: 400;\" aria-level=\"1\"><a href=\"https:\/\/www.lazada.vn\/shop\/goldzherbs\/\">https:\/\/www.lazada.vn\/shop\/goldzherbs\/<\/a><\/li>\n<li style=\"font-weight: 400;\" aria-level=\"1\"><a href=\"https:\/\/shopee.vn\/goldzherbs\">https:\/\/shopee.vn\/goldzherbs<\/a><\/li>\n<li style=\"font-weight: 400;\" aria-level=\"1\"><span style=\"font-weight: 400;\">Tiktok Shop:\u00a0<\/span><\/li>\n<\/ul>\n","protected":false},"excerpt":{"rendered":"<p style=\"text-align: justify;\"><span style=\"color: #282828;\"><strong>GoldzHerbs Black Sesame Brown Rice Powder<\/strong> is made from brown rice and black sesame seeds that have been roasted at a moderate temperature to retain their valuable nutrients and delicious flavor.<\/span><\/p>\n","protected":false},"featured_media":8447,"template":"","meta":[],"product_brand":[],"product_cat":[430],"product_tag":[],"class_list":{"0":"post-3501","1":"product","2":"type-product","3":"status-publish","4":"has-post-thumbnail","6":"product_cat-bot-sua-hat-en","8":"first","9":"instock","10":"taxable","11":"shipping-taxable","12":"purchasable","13":"product-type-variable"},"acf":[],"yoast_head":"<!-- This site is optimized with the Yoast SEO plugin v27.4 - https:\/\/yoast.com\/product\/yoast-seo-wordpress\/ -->\n<title>B\u1ed9t G\u1ea1o L\u1ee9t M\u00e8 \u0110en GoldzHerbs<\/title>\n<meta name=\"description\" content=\"B\u1ed9t G\u1ea1o L\u1ee9t M\u00e8 \u0110en GoldzHerbs \u0111\u01b0\u1ee3c l\u00e0m t\u1eeb g\u1ea1o l\u1ee9t v\u00e0 h\u1ea1t m\u00e8 \u0111en \u0111\u00e3 \u0111\u01b0\u1ee3c rang ch\u00edn v\u1edbi nhi\u1ec7t \u0111\u1ed9 v\u1eeba ph\u1ea3i gi\u1eef l\u1ea1i ch\u1ea5t dinh d\u01b0\u1ee1ng qu\u00fd gi\u00e1, h\u01b0\u01a1ng v\u1ecb th\u01a1m\" \/>\n<meta name=\"robots\" content=\"index, follow, max-snippet:-1, max-image-preview:large, max-video-preview:-1\" \/>\n<link rel=\"canonical\" href=\"https:\/\/goldzherbs.com\/en\/san-pham\/bot-gao-lut-me-den-goldzherbs-250g-500g\/\" \/>\n<meta property=\"og:locale\" content=\"en_US\" \/>\n<meta property=\"og:type\" content=\"article\" \/>\n<meta property=\"og:title\" content=\"B\u1ed9t G\u1ea1o L\u1ee9t M\u00e8 \u0110en GoldzHerbs\" \/>\n<meta property=\"og:description\" content=\"B\u1ed9t G\u1ea1o L\u1ee9t M\u00e8 \u0110en GoldzHerbs \u0111\u01b0\u1ee3c l\u00e0m t\u1eeb g\u1ea1o l\u1ee9t v\u00e0 h\u1ea1t m\u00e8 \u0111en \u0111\u00e3 \u0111\u01b0\u1ee3c rang ch\u00edn v\u1edbi nhi\u1ec7t \u0111\u1ed9 v\u1eeba ph\u1ea3i gi\u1eef l\u1ea1i ch\u1ea5t dinh d\u01b0\u1ee1ng qu\u00fd gi\u00e1, h\u01b0\u01a1ng v\u1ecb th\u01a1m\" \/>\n<meta property=\"og:url\" content=\"https:\/\/goldzherbs.com\/en\/san-pham\/bot-gao-lut-me-den-goldzherbs-250g-500g\/\" \/>\n<meta property=\"og:site_name\" content=\"GoldzHerbs\" \/>\n<meta property=\"article:modified_time\" content=\"2024-09-26T09:22:51+00:00\" \/>\n<meta property=\"og:image\" content=\"https:\/\/goldzherbs.com\/wp-content\/uploads\/2023\/05\/13.png\" \/>\n\t<meta property=\"og:image:width\" content=\"1000\" \/>\n\t<meta property=\"og:image:height\" content=\"1000\" \/>\n\t<meta property=\"og:image:type\" content=\"image\/png\" \/>\n<meta name=\"twitter:card\" content=\"summary_large_image\" \/>\n<meta name=\"twitter:label1\" content=\"Est. reading time\" \/>\n\t<meta name=\"twitter:data1\" content=\"2 minutes\" \/>\n<script type=\"application\/ld+json\" class=\"yoast-schema-graph\">{\"@context\":\"https:\\\/\\\/schema.org\",\"@graph\":[{\"@type\":\"WebPage\",\"@id\":\"https:\\\/\\\/goldzherbs.com\\\/en\\\/san-pham\\\/bot-gao-lut-me-den-goldzherbs-250g-500g\\\/\",\"url\":\"https:\\\/\\\/goldzherbs.com\\\/en\\\/san-pham\\\/bot-gao-lut-me-den-goldzherbs-250g-500g\\\/\",\"name\":\"B\u1ed9t G\u1ea1o L\u1ee9t M\u00e8 \u0110en GoldzHerbs\",\"isPartOf\":{\"@id\":\"https:\\\/\\\/goldzherbs.com\\\/#website\"},\"primaryImageOfPage\":{\"@id\":\"https:\\\/\\\/goldzherbs.com\\\/en\\\/san-pham\\\/bot-gao-lut-me-den-goldzherbs-250g-500g\\\/#primaryimage\"},\"image\":{\"@id\":\"https:\\\/\\\/goldzherbs.com\\\/en\\\/san-pham\\\/bot-gao-lut-me-den-goldzherbs-250g-500g\\\/#primaryimage\"},\"thumbnailUrl\":\"https:\\\/\\\/goldzherbs.com\\\/wp-content\\\/uploads\\\/2023\\\/05\\\/7-2.png\",\"datePublished\":\"2023-05-04T07:22:50+00:00\",\"dateModified\":\"2024-09-26T09:22:51+00:00\",\"description\":\"B\u1ed9t G\u1ea1o L\u1ee9t M\u00e8 \u0110en GoldzHerbs \u0111\u01b0\u1ee3c l\u00e0m t\u1eeb g\u1ea1o l\u1ee9t v\u00e0 h\u1ea1t m\u00e8 \u0111en \u0111\u00e3 \u0111\u01b0\u1ee3c rang ch\u00edn v\u1edbi nhi\u1ec7t \u0111\u1ed9 v\u1eeba ph\u1ea3i gi\u1eef l\u1ea1i ch\u1ea5t dinh d\u01b0\u1ee1ng qu\u00fd gi\u00e1, h\u01b0\u01a1ng v\u1ecb th\u01a1m\",\"breadcrumb\":{\"@id\":\"https:\\\/\\\/goldzherbs.com\\\/en\\\/san-pham\\\/bot-gao-lut-me-den-goldzherbs-250g-500g\\\/#breadcrumb\"},\"inLanguage\":\"en-US\",\"potentialAction\":[{\"@type\":\"ReadAction\",\"target\":[\"https:\\\/\\\/goldzherbs.com\\\/en\\\/san-pham\\\/bot-gao-lut-me-den-goldzherbs-250g-500g\\\/\"]}]},{\"@type\":\"ImageObject\",\"inLanguage\":\"en-US\",\"@id\":\"https:\\\/\\\/goldzherbs.com\\\/en\\\/san-pham\\\/bot-gao-lut-me-den-goldzherbs-250g-500g\\\/#primaryimage\",\"url\":\"https:\\\/\\\/goldzherbs.com\\\/wp-content\\\/uploads\\\/2023\\\/05\\\/7-2.png\",\"contentUrl\":\"https:\\\/\\\/goldzherbs.com\\\/wp-content\\\/uploads\\\/2023\\\/05\\\/7-2.png\",\"width\":1000,\"height\":1000,\"caption\":\"bot-gao-lut-me-den (1)\"},{\"@type\":\"BreadcrumbList\",\"@id\":\"https:\\\/\\\/goldzherbs.com\\\/en\\\/san-pham\\\/bot-gao-lut-me-den-goldzherbs-250g-500g\\\/#breadcrumb\",\"itemListElement\":[{\"@type\":\"ListItem\",\"position\":1,\"name\":\"Shop\",\"item\":\"https:\\\/\\\/goldzherbs.com\\\/shop\\\/\"},{\"@type\":\"ListItem\",\"position\":2,\"name\":\"B\u1ed9t G\u1ea1o L\u1ee9t M\u00e8 \u0110en GoldzHerbs\"}]},{\"@type\":\"WebSite\",\"@id\":\"https:\\\/\\\/goldzherbs.com\\\/#website\",\"url\":\"https:\\\/\\\/goldzherbs.com\\\/\",\"name\":\"GoldzHerbs\",\"description\":\"Th\u1ef1c Ph\u1ea9m V\u00ec S\u1ee9c Kh\u1ecfe\",\"publisher\":{\"@id\":\"https:\\\/\\\/goldzherbs.com\\\/#organization\"},\"potentialAction\":[{\"@type\":\"SearchAction\",\"target\":{\"@type\":\"EntryPoint\",\"urlTemplate\":\"https:\\\/\\\/goldzherbs.com\\\/?s={search_term_string}\"},\"query-input\":{\"@type\":\"PropertyValueSpecification\",\"valueRequired\":true,\"valueName\":\"search_term_string\"}}],\"inLanguage\":\"en-US\"},{\"@type\":\"Organization\",\"@id\":\"https:\\\/\\\/goldzherbs.com\\\/#organization\",\"name\":\"GoldzHerbs\",\"url\":\"https:\\\/\\\/goldzherbs.com\\\/\",\"logo\":{\"@type\":\"ImageObject\",\"inLanguage\":\"en-US\",\"@id\":\"https:\\\/\\\/goldzherbs.com\\\/#\\\/schema\\\/logo\\\/image\\\/\",\"url\":\"https:\\\/\\\/goldzherbs.com\\\/wp-content\\\/uploads\\\/2023\\\/01\\\/pixel.png\",\"contentUrl\":\"https:\\\/\\\/goldzherbs.com\\\/wp-content\\\/uploads\\\/2023\\\/01\\\/pixel.png\",\"width\":515,\"height\":514,\"caption\":\"GoldzHerbs\"},\"image\":{\"@id\":\"https:\\\/\\\/goldzherbs.com\\\/#\\\/schema\\\/logo\\\/image\\\/\"}}]}<\/script>\n<!-- \/ Yoast SEO plugin. -->","yoast_head_json":{"title":"B\u1ed9t G\u1ea1o L\u1ee9t M\u00e8 \u0110en GoldzHerbs","description":"B\u1ed9t G\u1ea1o L\u1ee9t M\u00e8 \u0110en GoldzHerbs \u0111\u01b0\u1ee3c l\u00e0m t\u1eeb g\u1ea1o l\u1ee9t v\u00e0 h\u1ea1t m\u00e8 \u0111en \u0111\u00e3 \u0111\u01b0\u1ee3c rang ch\u00edn v\u1edbi nhi\u1ec7t \u0111\u1ed9 v\u1eeba ph\u1ea3i gi\u1eef l\u1ea1i ch\u1ea5t dinh d\u01b0\u1ee1ng qu\u00fd gi\u00e1, h\u01b0\u01a1ng v\u1ecb th\u01a1m","robots":{"index":"index","follow":"follow","max-snippet":"max-snippet:-1","max-image-preview":"max-image-preview:large","max-video-preview":"max-video-preview:-1"},"canonical":"https:\/\/goldzherbs.com\/en\/san-pham\/bot-gao-lut-me-den-goldzherbs-250g-500g\/","og_locale":"en_US","og_type":"article","og_title":"B\u1ed9t G\u1ea1o L\u1ee9t M\u00e8 \u0110en GoldzHerbs","og_description":"B\u1ed9t G\u1ea1o L\u1ee9t M\u00e8 \u0110en GoldzHerbs \u0111\u01b0\u1ee3c l\u00e0m t\u1eeb g\u1ea1o l\u1ee9t v\u00e0 h\u1ea1t m\u00e8 \u0111en \u0111\u00e3 \u0111\u01b0\u1ee3c rang ch\u00edn v\u1edbi nhi\u1ec7t \u0111\u1ed9 v\u1eeba ph\u1ea3i gi\u1eef l\u1ea1i ch\u1ea5t dinh d\u01b0\u1ee1ng qu\u00fd gi\u00e1, h\u01b0\u01a1ng v\u1ecb th\u01a1m","og_url":"https:\/\/goldzherbs.com\/en\/san-pham\/bot-gao-lut-me-den-goldzherbs-250g-500g\/","og_site_name":"GoldzHerbs","article_modified_time":"2024-09-26T09:22:51+00:00","og_image":[{"width":1000,"height":1000,"url":"https:\/\/goldzherbs.com\/wp-content\/uploads\/2023\/05\/13.png","type":"image\/png"}],"twitter_card":"summary_large_image","twitter_misc":{"Est. reading time":"2 minutes"},"schema":{"@context":"https:\/\/schema.org","@graph":[{"@type":"WebPage","@id":"https:\/\/goldzherbs.com\/en\/san-pham\/bot-gao-lut-me-den-goldzherbs-250g-500g\/","url":"https:\/\/goldzherbs.com\/en\/san-pham\/bot-gao-lut-me-den-goldzherbs-250g-500g\/","name":"B\u1ed9t G\u1ea1o L\u1ee9t M\u00e8 \u0110en GoldzHerbs","isPartOf":{"@id":"https:\/\/goldzherbs.com\/#website"},"primaryImageOfPage":{"@id":"https:\/\/goldzherbs.com\/en\/san-pham\/bot-gao-lut-me-den-goldzherbs-250g-500g\/#primaryimage"},"image":{"@id":"https:\/\/goldzherbs.com\/en\/san-pham\/bot-gao-lut-me-den-goldzherbs-250g-500g\/#primaryimage"},"thumbnailUrl":"https:\/\/goldzherbs.com\/wp-content\/uploads\/2023\/05\/7-2.png","datePublished":"2023-05-04T07:22:50+00:00","dateModified":"2024-09-26T09:22:51+00:00","description":"B\u1ed9t G\u1ea1o L\u1ee9t M\u00e8 \u0110en GoldzHerbs \u0111\u01b0\u1ee3c l\u00e0m t\u1eeb g\u1ea1o l\u1ee9t v\u00e0 h\u1ea1t m\u00e8 \u0111en \u0111\u00e3 \u0111\u01b0\u1ee3c rang ch\u00edn v\u1edbi nhi\u1ec7t \u0111\u1ed9 v\u1eeba ph\u1ea3i gi\u1eef l\u1ea1i ch\u1ea5t dinh d\u01b0\u1ee1ng qu\u00fd gi\u00e1, h\u01b0\u01a1ng v\u1ecb th\u01a1m","breadcrumb":{"@id":"https:\/\/goldzherbs.com\/en\/san-pham\/bot-gao-lut-me-den-goldzherbs-250g-500g\/#breadcrumb"},"inLanguage":"en-US","potentialAction":[{"@type":"ReadAction","target":["https:\/\/goldzherbs.com\/en\/san-pham\/bot-gao-lut-me-den-goldzherbs-250g-500g\/"]}]},{"@type":"ImageObject","inLanguage":"en-US","@id":"https:\/\/goldzherbs.com\/en\/san-pham\/bot-gao-lut-me-den-goldzherbs-250g-500g\/#primaryimage","url":"https:\/\/goldzherbs.com\/wp-content\/uploads\/2023\/05\/7-2.png","contentUrl":"https:\/\/goldzherbs.com\/wp-content\/uploads\/2023\/05\/7-2.png","width":1000,"height":1000,"caption":"bot-gao-lut-me-den (1)"},{"@type":"BreadcrumbList","@id":"https:\/\/goldzherbs.com\/en\/san-pham\/bot-gao-lut-me-den-goldzherbs-250g-500g\/#breadcrumb","itemListElement":[{"@type":"ListItem","position":1,"name":"Shop","item":"https:\/\/goldzherbs.com\/shop\/"},{"@type":"ListItem","position":2,"name":"B\u1ed9t G\u1ea1o L\u1ee9t M\u00e8 \u0110en GoldzHerbs"}]},{"@type":"WebSite","@id":"https:\/\/goldzherbs.com\/#website","url":"https:\/\/goldzherbs.com\/","name":"GoldzHerbs","description":"Th\u1ef1c Ph\u1ea9m V\u00ec S\u1ee9c Kh\u1ecfe","publisher":{"@id":"https:\/\/goldzherbs.com\/#organization"},"potentialAction":[{"@type":"SearchAction","target":{"@type":"EntryPoint","urlTemplate":"https:\/\/goldzherbs.com\/?s={search_term_string}"},"query-input":{"@type":"PropertyValueSpecification","valueRequired":true,"valueName":"search_term_string"}}],"inLanguage":"en-US"},{"@type":"Organization","@id":"https:\/\/goldzherbs.com\/#organization","name":"GoldzHerbs","url":"https:\/\/goldzherbs.com\/","logo":{"@type":"ImageObject","inLanguage":"en-US","@id":"https:\/\/goldzherbs.com\/#\/schema\/logo\/image\/","url":"https:\/\/goldzherbs.com\/wp-content\/uploads\/2023\/01\/pixel.png","contentUrl":"https:\/\/goldzherbs.com\/wp-content\/uploads\/2023\/01\/pixel.png","width":515,"height":514,"caption":"GoldzHerbs"},"image":{"@id":"https:\/\/goldzherbs.com\/#\/schema\/logo\/image\/"}}]}},"_links":{"self":[{"href":"https:\/\/goldzherbs.com\/en\/wp-json\/wp\/v2\/product\/3501","targetHints":{"allow":["GET"]}}],"collection":[{"href":"https:\/\/goldzherbs.com\/en\/wp-json\/wp\/v2\/product"}],"about":[{"href":"https:\/\/goldzherbs.com\/en\/wp-json\/wp\/v2\/types\/product"}],"wp:featuredmedia":[{"embeddable":true,"href":"https:\/\/goldzherbs.com\/en\/wp-json\/wp\/v2\/media\/8447"}],"wp:attachment":[{"href":"https:\/\/goldzherbs.com\/en\/wp-json\/wp\/v2\/media?parent=3501"}],"wp:term":[{"taxonomy":"product_brand","embeddable":true,"href":"https:\/\/goldzherbs.com\/en\/wp-json\/wp\/v2\/product_brand?post=3501"},{"taxonomy":"product_cat","embeddable":true,"href":"https:\/\/goldzherbs.com\/en\/wp-json\/wp\/v2\/product_cat?post=3501"},{"taxonomy":"product_tag","embeddable":true,"href":"https:\/\/goldzherbs.com\/en\/wp-json\/wp\/v2\/product_tag?post=3501"}],"curies":[{"name":"wp","href":"https:\/\/api.w.org\/{rel}","templated":true}]}}