{"id":3536,"date":"2023-04-23T22:21:24","date_gmt":"2023-04-23T15:21:24","guid":{"rendered":"https:\/\/goldzherbs.com\/san-pham\/mat-ong-hoa-rung-tay-nguyen-goldzherbs-500g\/"},"modified":"2024-09-27T11:46:32","modified_gmt":"2024-09-27T04:46:32","slug":"mat-ong-hoa-rung-tay-nguyen-goldzherbs-500g","status":"publish","type":"product","link":"https:\/\/goldzherbs.com\/en\/san-pham\/mat-ong-hoa-rung-tay-nguyen-goldzherbs-500g\/","title":{"rendered":"Goldzherbs Wild Flower Honey from Tay Nguyen"},"content":{"rendered":"<h1 style=\"text-align: center;\"><strong>Goldzherbs Wild Flower Honey from Tay Nguyen<\/strong><\/h1>\n<h2 style=\"text-align: center;\"><span style=\"color: #282828;\"><b>\u2013 Highland Wild Flower Honey <\/b><b style=\"font-size: 23.04px;\">&#8211;<\/b><\/span><\/h2>\n<p><span style=\"color: #333333;\"><strong>Goldzherbs Wild Flower Honey from Tay Nguyen<\/strong> is made from 100% natural wild honey from the Tay Nguyen region, a product beneficial for the health of your family and loved ones.<\/span><\/p>\n<p data-sourcepos=\"5:1-5:49\"><span style=\"color: #333333;\"><strong>Benefits:<\/strong> A glass of <strong>Goldzherbs Wild Flower Honey from Tay Nguyen<\/strong> each day helps:<\/span><\/p>\n<p data-sourcepos=\"7:1-7:24\"><span style=\"color: #333333;\"><strong>Health Care<\/strong><\/span><\/p>\n<ul data-sourcepos=\"8:1-9:26\">\n<li data-sourcepos=\"8:1-8:63\"><span style=\"color: #333333;\">Nourish the body, supplement essential vitamins and minerals.<\/span><\/li>\n<li data-sourcepos=\"9:1-9:26\"><span style=\"color: #333333;\">Support the reduction of chronic gastritis and duodenitis.<\/span><\/li>\n<li data-sourcepos=\"10:1-10:57\"><span style=\"color: #333333;\">Reduce stress and fatigue, slow down the aging process.<\/span><\/li>\n<li data-sourcepos=\"11:1-11:68\"><span style=\"color: #333333;\">Fight bacteria, promote wound healing, relieve coughs, and prevent sore throats.<\/span><\/li>\n<li data-sourcepos=\"12:1-13:0\"><span style=\"color: #333333;\">Improve sexual function for both men and women.<\/span><\/li>\n<\/ul>\n<p data-sourcepos=\"14:1-14:24\"><span style=\"color: #333333;\"><strong>Beauty Care<\/strong><\/span><\/p>\n<ul data-sourcepos=\"15:1-16:36\">\n<li data-sourcepos=\"15:1-15:43\"><span style=\"color: #333333;\">Nourish skin for smoothness and radiance.<\/span><\/li>\n<li data-sourcepos=\"16:1-16:36\"><span style=\"color: #333333;\">Unclog pores, inhibit blackheads.<\/span><\/li>\n<\/ul>\n<p>&nbsp;<\/p>\n<p><img loading=\"lazy\" decoding=\"async\" class=\"aligncenter size-full wp-image-1830\" src=\"https:\/\/goldzherbs.com\/wp-content\/uploads\/2023\/04\/B10-09-1.png\" alt=\"Mat-Ong-Hoa-Rung-Tay-Nguyen\" width=\"900\" height=\"600\" \/><\/p>\n<p>&nbsp;<\/p>\n<h2><strong>Instructions for Using Goldzherbs Highland Wild Flower Honey:<\/strong><\/h2>\n<p data-sourcepos=\"5:1-5:39\"><span style=\"color: #282828;\"><strong>How to use:<\/strong> Dissolve 2-3 spoons (20g-25g) in warm water, drink twice a day before breakfast and before bed. Add ice if desired.<\/span><\/p>\n<p data-sourcepos=\"7:1-7:56\"><span style=\"color: #282828;\"><strong>With Goldzherbs Highland Wild Flower Honey, you can:<\/strong><\/span><\/p>\n<ul data-sourcepos=\"9:1-12:0\">\n<li data-sourcepos=\"9:1-9:31\"><span style=\"color: #282828;\">Mix with warm water and drink<\/span><\/li>\n<li data-sourcepos=\"10:1-10:44\"><span style=\"color: #282828;\">Use as an ingredient in beverages and food<\/span><\/li>\n<li data-sourcepos=\"11:1-12:0\"><span style=\"color: #282828;\">Use to soak herbs and ginseng<\/span><\/li>\n<\/ul>\n<p>&nbsp;<\/p>\n<p><img loading=\"lazy\" decoding=\"async\" class=\"aligncenter size-full wp-image-1831\" src=\"https:\/\/goldzherbs.com\/wp-content\/uploads\/2023\/04\/B10-09-2.png\" alt=\"Mat-Ong-Hoa-Rung-Tay-Nguyen\" width=\"900\" height=\"600\" \/><\/p>\n<p>&nbsp;<\/p>\n<h2><b>Certifications For Goldzherbs Wild Flower Honey from Tay Nguyen<\/b><\/h2>\n<h4><b>Manufactured in accordance with ISO 22000:2018 certification: GOODVN38922.FSMS<\/b><\/h4>\n<h4><img loading=\"lazy\" decoding=\"async\" class=\"wp-image-1346 size-large aligncenter\" src=\"https:\/\/goldzherbs.com\/wp-content\/uploads\/2023\/06\/ISO1-1-724x1024.png\" alt=\"\" width=\"724\" height=\"1024\" \/><\/h4>\n<h4><span style=\"color: #282828;\"><em><b>Product meets food safety requirements according to:<\/b><\/em><\/span><\/h4>\n<ul>\n<li style=\"font-weight: 400;\" aria-level=\"1\"><span style=\"font-weight: 400; color: #282828;\">QCVN 8-2:2011\/BYT (National technical regulation on limits of heavy metal contamination in food).<\/span><\/li>\n<li style=\"font-weight: 400;\" aria-level=\"1\"><span style=\"font-weight: 400; color: #282828;\">QCVN 8-1:2011\/BYT (National technical regulation on limits of mycotoxin contamination in food).<\/span><\/li>\n<li style=\"font-weight: 400;\" aria-level=\"1\"><span style=\"font-weight: 400; color: #282828;\">Decision 46\/2007\/Q\u0110-BYT (Regulation on maximum limits of biological and chemical contamination in food).<\/span><\/li>\n<\/ul>\n<p><span style=\"color: #282828;\"><b>Packaging:\u00a0<\/b><\/span><\/p>\n<p><span style=\"color: #282828;\"><b>Shelf life:<\/b><span style=\"font-weight: 400;\"> 2 years from the date of manufacture.<\/span><\/span><\/p>\n<p><span style=\"color: #282828;\"><b>Storage:<\/b><span style=\"font-weight: 400;\"> Store in a cool, dry place.<\/span><\/span><\/p>\n<p><span style=\"color: #282828;\"><b>Customer Reviews:<\/b><span style=\"font-weight: 400;\"> (Updating)<\/span><\/span><\/p>\n<h2><span style=\"color: #282828;\"><b>KING SPIDER TRADING SERVICE JOINT STOCK COMPANY<\/b><\/span><\/h2>\n<h4><span style=\"color: #282828;\"><b>Office Address: <\/b><span style=\"font-weight: 400;\">No. 3, Street No. 5, Linh Tay Ward, Thu Duc City, Ho Chi Minh City<\/span><\/span><\/h4>\n<ul>\n<li style=\"font-weight: 400;\" aria-level=\"1\"><b>Website: <\/b><a href=\"https:\/\/goldzherbs.com\/en\/\">https:\/\/goldzherbs.com\/<\/a><\/li>\n<li style=\"font-weight: 400;\" aria-level=\"1\"><b>Hotline:<\/b><span style=\"font-weight: 400;\"> 0902.329.106<\/span><\/li>\n<li style=\"font-weight: 400;\" aria-level=\"1\"><b>Email:<\/b><span style=\"font-weight: 400;\"> GoldzHerbs@gmail.com<\/span><\/li>\n<\/ul>\n<h4><b>Connect with us:<\/b><\/h4>\n<ul>\n<li style=\"font-weight: 400;\" aria-level=\"1\"><a href=\"https:\/\/www.facebook.com\/goldzherbs.official\"><span style=\"font-weight: 400;\">www.facebook.com\/goldzherbs.official<\/span><\/a><\/li>\n<li style=\"font-weight: 400;\" aria-level=\"1\"><a href=\"https:\/\/www.instagram.com\/goldzherbs.official\"><span style=\"font-weight: 400;\">www.instagram.com\/goldzherbs.official<\/span><\/a><\/li>\n<li style=\"font-weight: 400;\" aria-level=\"1\"><a href=\"https:\/\/www.tiktok.com\/@goldzherbs.official\"><span style=\"font-weight: 400;\">www.tiktok.com\/@goldzherbs.official<\/span><\/a><\/li>\n<\/ul>\n<h4><b>Official E-commerce Platforms:<\/b><\/h4>\n<ul>\n<li style=\"font-weight: 400;\" aria-level=\"1\"><a href=\"https:\/\/www.lazada.vn\/shop\/goldzherbs\/\">https:\/\/www.lazada.vn\/shop\/goldzherbs\/<\/a><\/li>\n<li style=\"font-weight: 400;\" aria-level=\"1\"><a href=\"https:\/\/shopee.vn\/goldzherbs\">https:\/\/shopee.vn\/goldzherbs<\/a><\/li>\n<li style=\"font-weight: 400;\" aria-level=\"1\"><span style=\"font-weight: 400;\">Tiktok Shop:\u00a0<\/span><\/li>\n<\/ul>\n","protected":false},"excerpt":{"rendered":"<p style=\"text-align: justify;\"><span style=\"color: #333333;\"><strong>Goldzherbs Wild Flower Honey from Tay Nguyen<\/strong> is made from 100% natural wild honey from the Tay Nguyen region, a product beneficial for the health of your family and loved ones.<\/span><\/p>\n","protected":false},"featured_media":7989,"template":"","meta":[],"product_brand":[],"product_cat":[447],"product_tag":[],"class_list":{"0":"post-3536","1":"product","2":"type-product","3":"status-publish","4":"has-post-thumbnail","6":"product_cat-natural-honey","8":"first","9":"instock","10":"taxable","11":"shipping-taxable","12":"purchasable","13":"product-type-variable"},"acf":[],"yoast_head":"<!-- This site is optimized with the Yoast SEO plugin v27.3 - https:\/\/yoast.com\/product\/yoast-seo-wordpress\/ -->\n<title>M\u1eadt Ong Hoa R\u1eebng T\u00e2y Nguy\u00ean Goldzherbs<\/title>\n<meta name=\"description\" content=\"M\u1eadt Ong Hoa R\u1eebng T\u00e2y Nguy\u00ean Goldzherbs \u0111\u01b0\u1ee3c l\u00e0m t\u1eeb 100% M\u1eadt ong r\u1eebng T\u00e2y Nguy\u00ean t\u1ef1 nhi\u00ean, l\u00e0 s\u1ea3n ph\u1ea9m t\u1ed1t cho s\u1ee9c kh\u1ecfe gia \u0111\u00ecnh v\u00e0 ng\u01b0\u1eddi th\u00e2n.\" \/>\n<meta name=\"robots\" content=\"index, follow, max-snippet:-1, max-image-preview:large, max-video-preview:-1\" \/>\n<link rel=\"canonical\" href=\"https:\/\/goldzherbs.com\/en\/san-pham\/mat-ong-hoa-rung-tay-nguyen-goldzherbs-500g\/\" \/>\n<meta property=\"og:locale\" content=\"en_US\" \/>\n<meta property=\"og:type\" content=\"article\" \/>\n<meta property=\"og:title\" content=\"M\u1eadt Ong Hoa R\u1eebng T\u00e2y Nguy\u00ean Goldzherbs\" \/>\n<meta property=\"og:description\" content=\"M\u1eadt Ong Hoa R\u1eebng T\u00e2y Nguy\u00ean Goldzherbs \u0111\u01b0\u1ee3c l\u00e0m t\u1eeb 100% M\u1eadt ong r\u1eebng T\u00e2y Nguy\u00ean t\u1ef1 nhi\u00ean, l\u00e0 s\u1ea3n ph\u1ea9m t\u1ed1t cho s\u1ee9c kh\u1ecfe gia \u0111\u00ecnh v\u00e0 ng\u01b0\u1eddi th\u00e2n.\" \/>\n<meta property=\"og:url\" content=\"https:\/\/goldzherbs.com\/en\/san-pham\/mat-ong-hoa-rung-tay-nguyen-goldzherbs-500g\/\" \/>\n<meta property=\"og:site_name\" content=\"GoldzHerbs\" \/>\n<meta property=\"article:modified_time\" content=\"2024-09-27T04:46:32+00:00\" \/>\n<meta property=\"og:image\" content=\"https:\/\/goldzherbs.com\/wp-content\/uploads\/2023\/04\/25-1.png\" \/>\n\t<meta property=\"og:image:width\" content=\"1000\" \/>\n\t<meta property=\"og:image:height\" content=\"1000\" \/>\n\t<meta property=\"og:image:type\" content=\"image\/png\" \/>\n<meta name=\"twitter:card\" content=\"summary_large_image\" \/>\n<meta name=\"twitter:label1\" content=\"Est. reading time\" \/>\n\t<meta name=\"twitter:data1\" content=\"2 minutes\" \/>\n<script type=\"application\/ld+json\" class=\"yoast-schema-graph\">{\"@context\":\"https:\\\/\\\/schema.org\",\"@graph\":[{\"@type\":\"WebPage\",\"@id\":\"https:\\\/\\\/goldzherbs.com\\\/en\\\/san-pham\\\/mat-ong-hoa-rung-tay-nguyen-goldzherbs-500g\\\/\",\"url\":\"https:\\\/\\\/goldzherbs.com\\\/en\\\/san-pham\\\/mat-ong-hoa-rung-tay-nguyen-goldzherbs-500g\\\/\",\"name\":\"M\u1eadt Ong Hoa R\u1eebng T\u00e2y Nguy\u00ean Goldzherbs\",\"isPartOf\":{\"@id\":\"https:\\\/\\\/goldzherbs.com\\\/#website\"},\"primaryImageOfPage\":{\"@id\":\"https:\\\/\\\/goldzherbs.com\\\/en\\\/san-pham\\\/mat-ong-hoa-rung-tay-nguyen-goldzherbs-500g\\\/#primaryimage\"},\"image\":{\"@id\":\"https:\\\/\\\/goldzherbs.com\\\/en\\\/san-pham\\\/mat-ong-hoa-rung-tay-nguyen-goldzherbs-500g\\\/#primaryimage\"},\"thumbnailUrl\":\"https:\\\/\\\/goldzherbs.com\\\/wp-content\\\/uploads\\\/2023\\\/04\\\/mat-ong-hoa-rung-tay-nguyen-2.png\",\"datePublished\":\"2023-04-23T15:21:24+00:00\",\"dateModified\":\"2024-09-27T04:46:32+00:00\",\"description\":\"M\u1eadt Ong Hoa R\u1eebng T\u00e2y Nguy\u00ean Goldzherbs \u0111\u01b0\u1ee3c l\u00e0m t\u1eeb 100% M\u1eadt ong r\u1eebng T\u00e2y Nguy\u00ean t\u1ef1 nhi\u00ean, l\u00e0 s\u1ea3n ph\u1ea9m t\u1ed1t cho s\u1ee9c kh\u1ecfe gia \u0111\u00ecnh v\u00e0 ng\u01b0\u1eddi th\u00e2n.\",\"breadcrumb\":{\"@id\":\"https:\\\/\\\/goldzherbs.com\\\/en\\\/san-pham\\\/mat-ong-hoa-rung-tay-nguyen-goldzherbs-500g\\\/#breadcrumb\"},\"inLanguage\":\"en-US\",\"potentialAction\":[{\"@type\":\"ReadAction\",\"target\":[\"https:\\\/\\\/goldzherbs.com\\\/en\\\/san-pham\\\/mat-ong-hoa-rung-tay-nguyen-goldzherbs-500g\\\/\"]}]},{\"@type\":\"ImageObject\",\"inLanguage\":\"en-US\",\"@id\":\"https:\\\/\\\/goldzherbs.com\\\/en\\\/san-pham\\\/mat-ong-hoa-rung-tay-nguyen-goldzherbs-500g\\\/#primaryimage\",\"url\":\"https:\\\/\\\/goldzherbs.com\\\/wp-content\\\/uploads\\\/2023\\\/04\\\/mat-ong-hoa-rung-tay-nguyen-2.png\",\"contentUrl\":\"https:\\\/\\\/goldzherbs.com\\\/wp-content\\\/uploads\\\/2023\\\/04\\\/mat-ong-hoa-rung-tay-nguyen-2.png\",\"width\":800,\"height\":800,\"caption\":\"mat-ong-hoa-rung-tay-nguyen (1)\"},{\"@type\":\"BreadcrumbList\",\"@id\":\"https:\\\/\\\/goldzherbs.com\\\/en\\\/san-pham\\\/mat-ong-hoa-rung-tay-nguyen-goldzherbs-500g\\\/#breadcrumb\",\"itemListElement\":[{\"@type\":\"ListItem\",\"position\":1,\"name\":\"Shop\",\"item\":\"https:\\\/\\\/goldzherbs.com\\\/shop\\\/\"},{\"@type\":\"ListItem\",\"position\":2,\"name\":\"M\u1eadt Ong Hoa R\u1eebng T\u00e2y Nguy\u00ean Goldzherbs\"}]},{\"@type\":\"WebSite\",\"@id\":\"https:\\\/\\\/goldzherbs.com\\\/#website\",\"url\":\"https:\\\/\\\/goldzherbs.com\\\/\",\"name\":\"GoldzHerbs\",\"description\":\"Th\u1ef1c Ph\u1ea9m V\u00ec S\u1ee9c Kh\u1ecfe\",\"publisher\":{\"@id\":\"https:\\\/\\\/goldzherbs.com\\\/#organization\"},\"potentialAction\":[{\"@type\":\"SearchAction\",\"target\":{\"@type\":\"EntryPoint\",\"urlTemplate\":\"https:\\\/\\\/goldzherbs.com\\\/?s={search_term_string}\"},\"query-input\":{\"@type\":\"PropertyValueSpecification\",\"valueRequired\":true,\"valueName\":\"search_term_string\"}}],\"inLanguage\":\"en-US\"},{\"@type\":\"Organization\",\"@id\":\"https:\\\/\\\/goldzherbs.com\\\/#organization\",\"name\":\"GoldzHerbs\",\"url\":\"https:\\\/\\\/goldzherbs.com\\\/\",\"logo\":{\"@type\":\"ImageObject\",\"inLanguage\":\"en-US\",\"@id\":\"https:\\\/\\\/goldzherbs.com\\\/#\\\/schema\\\/logo\\\/image\\\/\",\"url\":\"https:\\\/\\\/goldzherbs.com\\\/wp-content\\\/uploads\\\/2023\\\/01\\\/pixel.png\",\"contentUrl\":\"https:\\\/\\\/goldzherbs.com\\\/wp-content\\\/uploads\\\/2023\\\/01\\\/pixel.png\",\"width\":515,\"height\":514,\"caption\":\"GoldzHerbs\"},\"image\":{\"@id\":\"https:\\\/\\\/goldzherbs.com\\\/#\\\/schema\\\/logo\\\/image\\\/\"}}]}<\/script>\n<!-- \/ Yoast SEO plugin. -->","yoast_head_json":{"title":"M\u1eadt Ong Hoa R\u1eebng T\u00e2y Nguy\u00ean Goldzherbs","description":"M\u1eadt Ong Hoa R\u1eebng T\u00e2y Nguy\u00ean Goldzherbs \u0111\u01b0\u1ee3c l\u00e0m t\u1eeb 100% M\u1eadt ong r\u1eebng T\u00e2y Nguy\u00ean t\u1ef1 nhi\u00ean, l\u00e0 s\u1ea3n ph\u1ea9m t\u1ed1t cho s\u1ee9c kh\u1ecfe gia \u0111\u00ecnh v\u00e0 ng\u01b0\u1eddi th\u00e2n.","robots":{"index":"index","follow":"follow","max-snippet":"max-snippet:-1","max-image-preview":"max-image-preview:large","max-video-preview":"max-video-preview:-1"},"canonical":"https:\/\/goldzherbs.com\/en\/san-pham\/mat-ong-hoa-rung-tay-nguyen-goldzherbs-500g\/","og_locale":"en_US","og_type":"article","og_title":"M\u1eadt Ong Hoa R\u1eebng T\u00e2y Nguy\u00ean Goldzherbs","og_description":"M\u1eadt Ong Hoa R\u1eebng T\u00e2y Nguy\u00ean Goldzherbs \u0111\u01b0\u1ee3c l\u00e0m t\u1eeb 100% M\u1eadt ong r\u1eebng T\u00e2y Nguy\u00ean t\u1ef1 nhi\u00ean, l\u00e0 s\u1ea3n ph\u1ea9m t\u1ed1t cho s\u1ee9c kh\u1ecfe gia \u0111\u00ecnh v\u00e0 ng\u01b0\u1eddi th\u00e2n.","og_url":"https:\/\/goldzherbs.com\/en\/san-pham\/mat-ong-hoa-rung-tay-nguyen-goldzherbs-500g\/","og_site_name":"GoldzHerbs","article_modified_time":"2024-09-27T04:46:32+00:00","og_image":[{"width":1000,"height":1000,"url":"https:\/\/goldzherbs.com\/wp-content\/uploads\/2023\/04\/25-1.png","type":"image\/png"}],"twitter_card":"summary_large_image","twitter_misc":{"Est. reading time":"2 minutes"},"schema":{"@context":"https:\/\/schema.org","@graph":[{"@type":"WebPage","@id":"https:\/\/goldzherbs.com\/en\/san-pham\/mat-ong-hoa-rung-tay-nguyen-goldzherbs-500g\/","url":"https:\/\/goldzherbs.com\/en\/san-pham\/mat-ong-hoa-rung-tay-nguyen-goldzherbs-500g\/","name":"M\u1eadt Ong Hoa R\u1eebng T\u00e2y Nguy\u00ean Goldzherbs","isPartOf":{"@id":"https:\/\/goldzherbs.com\/#website"},"primaryImageOfPage":{"@id":"https:\/\/goldzherbs.com\/en\/san-pham\/mat-ong-hoa-rung-tay-nguyen-goldzherbs-500g\/#primaryimage"},"image":{"@id":"https:\/\/goldzherbs.com\/en\/san-pham\/mat-ong-hoa-rung-tay-nguyen-goldzherbs-500g\/#primaryimage"},"thumbnailUrl":"https:\/\/goldzherbs.com\/wp-content\/uploads\/2023\/04\/mat-ong-hoa-rung-tay-nguyen-2.png","datePublished":"2023-04-23T15:21:24+00:00","dateModified":"2024-09-27T04:46:32+00:00","description":"M\u1eadt Ong Hoa R\u1eebng T\u00e2y Nguy\u00ean Goldzherbs \u0111\u01b0\u1ee3c l\u00e0m t\u1eeb 100% M\u1eadt ong r\u1eebng T\u00e2y Nguy\u00ean t\u1ef1 nhi\u00ean, l\u00e0 s\u1ea3n ph\u1ea9m t\u1ed1t cho s\u1ee9c kh\u1ecfe gia \u0111\u00ecnh v\u00e0 ng\u01b0\u1eddi th\u00e2n.","breadcrumb":{"@id":"https:\/\/goldzherbs.com\/en\/san-pham\/mat-ong-hoa-rung-tay-nguyen-goldzherbs-500g\/#breadcrumb"},"inLanguage":"en-US","potentialAction":[{"@type":"ReadAction","target":["https:\/\/goldzherbs.com\/en\/san-pham\/mat-ong-hoa-rung-tay-nguyen-goldzherbs-500g\/"]}]},{"@type":"ImageObject","inLanguage":"en-US","@id":"https:\/\/goldzherbs.com\/en\/san-pham\/mat-ong-hoa-rung-tay-nguyen-goldzherbs-500g\/#primaryimage","url":"https:\/\/goldzherbs.com\/wp-content\/uploads\/2023\/04\/mat-ong-hoa-rung-tay-nguyen-2.png","contentUrl":"https:\/\/goldzherbs.com\/wp-content\/uploads\/2023\/04\/mat-ong-hoa-rung-tay-nguyen-2.png","width":800,"height":800,"caption":"mat-ong-hoa-rung-tay-nguyen (1)"},{"@type":"BreadcrumbList","@id":"https:\/\/goldzherbs.com\/en\/san-pham\/mat-ong-hoa-rung-tay-nguyen-goldzherbs-500g\/#breadcrumb","itemListElement":[{"@type":"ListItem","position":1,"name":"Shop","item":"https:\/\/goldzherbs.com\/shop\/"},{"@type":"ListItem","position":2,"name":"M\u1eadt Ong Hoa R\u1eebng T\u00e2y Nguy\u00ean Goldzherbs"}]},{"@type":"WebSite","@id":"https:\/\/goldzherbs.com\/#website","url":"https:\/\/goldzherbs.com\/","name":"GoldzHerbs","description":"Th\u1ef1c Ph\u1ea9m V\u00ec S\u1ee9c Kh\u1ecfe","publisher":{"@id":"https:\/\/goldzherbs.com\/#organization"},"potentialAction":[{"@type":"SearchAction","target":{"@type":"EntryPoint","urlTemplate":"https:\/\/goldzherbs.com\/?s={search_term_string}"},"query-input":{"@type":"PropertyValueSpecification","valueRequired":true,"valueName":"search_term_string"}}],"inLanguage":"en-US"},{"@type":"Organization","@id":"https:\/\/goldzherbs.com\/#organization","name":"GoldzHerbs","url":"https:\/\/goldzherbs.com\/","logo":{"@type":"ImageObject","inLanguage":"en-US","@id":"https:\/\/goldzherbs.com\/#\/schema\/logo\/image\/","url":"https:\/\/goldzherbs.com\/wp-content\/uploads\/2023\/01\/pixel.png","contentUrl":"https:\/\/goldzherbs.com\/wp-content\/uploads\/2023\/01\/pixel.png","width":515,"height":514,"caption":"GoldzHerbs"},"image":{"@id":"https:\/\/goldzherbs.com\/#\/schema\/logo\/image\/"}}]}},"_links":{"self":[{"href":"https:\/\/goldzherbs.com\/en\/wp-json\/wp\/v2\/product\/3536","targetHints":{"allow":["GET"]}}],"collection":[{"href":"https:\/\/goldzherbs.com\/en\/wp-json\/wp\/v2\/product"}],"about":[{"href":"https:\/\/goldzherbs.com\/en\/wp-json\/wp\/v2\/types\/product"}],"wp:featuredmedia":[{"embeddable":true,"href":"https:\/\/goldzherbs.com\/en\/wp-json\/wp\/v2\/media\/7989"}],"wp:attachment":[{"href":"https:\/\/goldzherbs.com\/en\/wp-json\/wp\/v2\/media?parent=3536"}],"wp:term":[{"taxonomy":"product_brand","embeddable":true,"href":"https:\/\/goldzherbs.com\/en\/wp-json\/wp\/v2\/product_brand?post=3536"},{"taxonomy":"product_cat","embeddable":true,"href":"https:\/\/goldzherbs.com\/en\/wp-json\/wp\/v2\/product_cat?post=3536"},{"taxonomy":"product_tag","embeddable":true,"href":"https:\/\/goldzherbs.com\/en\/wp-json\/wp\/v2\/product_tag?post=3536"}],"curies":[{"name":"wp","href":"https:\/\/api.w.org\/{rel}","templated":true}]}}