{"id":3538,"date":"2023-04-23T22:19:01","date_gmt":"2023-04-23T15:19:01","guid":{"rendered":"https:\/\/goldzherbs.com\/san-pham\/mat-ong-hoa-cafe-ban-me-goldzherbs-500g\/"},"modified":"2024-09-27T11:42:41","modified_gmt":"2024-09-27T04:42:41","slug":"mat-ong-hoa-cafe-ban-me-goldzherbs-500g","status":"publish","type":"product","link":"https:\/\/goldzherbs.com\/en\/san-pham\/mat-ong-hoa-cafe-ban-me-goldzherbs-500g\/","title":{"rendered":"Ban Me Goldzherbs Coffee Blossom Honey"},"content":{"rendered":"<h1 style=\"text-align: center;\"><strong>Ban Me Goldzherbs Coffee Blossom Honey<\/strong><\/h1>\n<h2 style=\"text-align: center;\"><b>\u2013 Ban Me Coffee Flower Honey <\/b><b style=\"font-size: 23.04px;\">&#8211;<\/b><\/h2>\n<p><span style=\"color: #282828;\"><strong>Ban Me Goldzherbs Coffee Blossom Honey<\/strong> is made from 100% pure coffee blossom honey, which is very nutritious and beneficial for human health.<\/span><\/p>\n<h4 data-sourcepos=\"7:1-7:42\"><span style=\"color: #282828;\"><strong>Benefits:<\/strong> A glass of <strong>Ban Me Goldzherbs Coffee Blossom Honey<\/strong> every day helps:<\/span><\/h4>\n<h4 data-sourcepos=\"9:1-9:15\"><span style=\"color: #282828;\"><strong>Health Care<\/strong><\/span><\/h4>\n<ul data-sourcepos=\"11:1-12:34\">\n<li data-sourcepos=\"11:1-11:63\"><span style=\"color: #282828;\">Nourish the body, supplement essential vitamins and minerals.<\/span><\/li>\n<li data-sourcepos=\"12:1-12:34\"><span style=\"color: #282828;\">Support the reduction of chronic gastritis and duodenitis.<\/span><\/li>\n<li data-sourcepos=\"13:1-13:58\"><span style=\"color: #282828;\">Reduce stress, fatigue, and slow down the aging process.<\/span><\/li>\n<li data-sourcepos=\"14:1-14:50\"><span style=\"color: #282828;\">Antibacterial, helps wounds heal faster, reduces cough, prevents sore throat.<\/span><\/li>\n<li data-sourcepos=\"15:1-16:0\"><span style=\"color: #282828;\">Improves physiological functions for both men and women.<\/span><\/li>\n<\/ul>\n<h4 data-sourcepos=\"17:1-17:15\"><span style=\"color: #282828;\"><strong>Beauty Care<\/strong><\/span><\/h4>\n<ul data-sourcepos=\"19:1-21:0\">\n<li data-sourcepos=\"19:1-19:49\"><span style=\"color: #282828;\">Nourishes the skin for smoothness and radiance.<\/span><\/li>\n<li data-sourcepos=\"20:1-21:0\"><span style=\"color: #282828;\">Unclogs pores and inhibits blackheads.<\/span><\/li>\n<\/ul>\n<p>&nbsp;<\/p>\n<p><img loading=\"lazy\" decoding=\"async\" class=\"aligncenter size-full wp-image-1829\" src=\"https:\/\/goldzherbs.com\/wp-content\/uploads\/2023\/04\/B10-08-2.png\" alt=\"Mat-Ong-Hoa-Ban-Cafe-Ban-Me-Goldzherbs\" width=\"900\" height=\"600\" \/><\/p>\n<p>&nbsp;<\/p>\n<h2><strong>Instructions for using Ban Me Goldzherbs Coffee Flower Honey:<\/strong><\/h2>\n<ul>\n<li data-sourcepos=\"3:1-3:120\"><strong>How to use:<\/strong> Dissolve 2 tablespoons (about 16g) or adjust according to taste in 150ml of warm water, stir well and enjoy.<\/li>\n<li data-sourcepos=\"5:1-5:79\">With <strong>Ban Me Coffee Flower Honey<\/strong>, you can mix it with warm water to drink or use it as an ingredient in drinks, food, or to soak herbs and ginseng. Drinking coffee flower honey in the evening before going to bed helps restore balance after a tiring day, thereby improving sleep quality and maintaining health and alertness for the next day.<\/li>\n<\/ul>\n<p>&nbsp;<\/p>\n<p><img loading=\"lazy\" decoding=\"async\" class=\"aligncenter size-full wp-image-1828\" src=\"https:\/\/goldzherbs.com\/wp-content\/uploads\/2023\/04\/B10-08-1.png\" alt=\"Mat-Ong-Hoa-Ban-Cafe-Ban-Me-Goldzherbs\" width=\"900\" height=\"600\" \/><\/p>\n<p>&nbsp;<\/p>\n<h2><b>Certifications For Ban Me Goldzherbs Coffee Blossom Honey<\/b><\/h2>\n<h4><b>Manufactured in accordance with ISO 22000:2018 certification: GOODVN38922.FSMS<\/b><\/h4>\n<h4><img loading=\"lazy\" decoding=\"async\" class=\"wp-image-1346 size-large aligncenter\" src=\"https:\/\/goldzherbs.com\/wp-content\/uploads\/2023\/06\/ISO1-1-724x1024.png\" alt=\"\" width=\"724\" height=\"1024\" \/><\/h4>\n<h4><span style=\"color: #282828;\"><em><b>Product meets food safety requirements according to:<\/b><\/em><\/span><\/h4>\n<ul>\n<li style=\"font-weight: 400;\" aria-level=\"1\"><span style=\"font-weight: 400; color: #282828;\">QCVN 8-2:2011\/BYT (National technical regulation on limits of heavy metal contamination in food).<\/span><\/li>\n<li style=\"font-weight: 400;\" aria-level=\"1\"><span style=\"font-weight: 400; color: #282828;\">QCVN 8-1:2011\/BYT (National technical regulation on limits of mycotoxin contamination in food).<\/span><\/li>\n<li style=\"font-weight: 400;\" aria-level=\"1\"><span style=\"font-weight: 400; color: #282828;\">Decision 46\/2007\/Q\u0110-BYT (Regulation on maximum limits of biological and chemical contamination in food).<\/span><\/li>\n<\/ul>\n<p><span style=\"color: #282828;\"><b>Packaging:\u00a0<\/b><\/span><\/p>\n<p><span style=\"color: #282828;\"><b>Shelf life:<\/b><span style=\"font-weight: 400;\"> 2 years from the date of manufacture.<\/span><\/span><\/p>\n<p><span style=\"color: #282828;\"><b>Storage:<\/b><span style=\"font-weight: 400;\"> Store in a cool, dry place.<\/span><\/span><\/p>\n<p><span style=\"color: #282828;\"><b>Customer Reviews:<\/b><span style=\"font-weight: 400;\"> (Updating)<\/span><\/span><\/p>\n<h2><span style=\"color: #282828;\"><b>KING SPIDER TRADING SERVICE JOINT STOCK COMPANY<\/b><\/span><\/h2>\n<h4><span style=\"color: #282828;\"><b>Office Address: <\/b><span style=\"font-weight: 400;\">No. 3, Street No. 5, Linh Tay Ward, Thu Duc City, Ho Chi Minh City<\/span><\/span><\/h4>\n<ul>\n<li style=\"font-weight: 400;\" aria-level=\"1\"><b>Website: <\/b><a href=\"https:\/\/goldzherbs.com\/en\/\">https:\/\/goldzherbs.com\/<\/a><\/li>\n<li style=\"font-weight: 400;\" aria-level=\"1\"><b>Hotline:<\/b><span style=\"font-weight: 400;\"> 0902.329.106<\/span><\/li>\n<li style=\"font-weight: 400;\" aria-level=\"1\"><b>Email:<\/b><span style=\"font-weight: 400;\"> GoldzHerbs@gmail.com<\/span><\/li>\n<\/ul>\n<h4><b>Connect with us:<\/b><\/h4>\n<ul>\n<li style=\"font-weight: 400;\" aria-level=\"1\"><a href=\"https:\/\/www.facebook.com\/goldzherbs.official\"><span style=\"font-weight: 400;\">www.facebook.com\/goldzherbs.official<\/span><\/a><\/li>\n<li style=\"font-weight: 400;\" aria-level=\"1\"><a href=\"https:\/\/www.instagram.com\/goldzherbs.official\"><span style=\"font-weight: 400;\">www.instagram.com\/goldzherbs.official<\/span><\/a><\/li>\n<li style=\"font-weight: 400;\" aria-level=\"1\"><a href=\"https:\/\/www.tiktok.com\/@goldzherbs.official\"><span style=\"font-weight: 400;\">www.tiktok.com\/@goldzherbs.official<\/span><\/a><\/li>\n<\/ul>\n<h4><b>Official E-commerce Platforms:<\/b><\/h4>\n<ul>\n<li style=\"font-weight: 400;\" aria-level=\"1\"><a href=\"https:\/\/www.lazada.vn\/shop\/goldzherbs\/\">https:\/\/www.lazada.vn\/shop\/goldzherbs\/<\/a><\/li>\n<li style=\"font-weight: 400;\" aria-level=\"1\"><a href=\"https:\/\/shopee.vn\/goldzherbs\">https:\/\/shopee.vn\/goldzherbs<\/a><\/li>\n<li style=\"font-weight: 400;\" aria-level=\"1\"><span style=\"font-weight: 400;\">Tiktok Shop:\u00a0<\/span><\/li>\n<\/ul>\n","protected":false},"excerpt":{"rendered":"<p style=\"text-align: justify;\"><span style=\"color: #282828;\"><strong>Ban Me Goldzherbs Coffee Blossom Honey<\/strong> is made from 100% pure coffee blossom honey, which is very nutritious and beneficial for human health.<\/span><\/p>\n","protected":false},"featured_media":7963,"template":"","meta":[],"product_brand":[],"product_cat":[447],"product_tag":[],"class_list":{"0":"post-3538","1":"product","2":"type-product","3":"status-publish","4":"has-post-thumbnail","6":"product_cat-natural-honey","8":"first","9":"instock","10":"taxable","11":"shipping-taxable","12":"purchasable","13":"product-type-variable"},"acf":[],"yoast_head":"<!-- This site is optimized with the Yoast SEO plugin v27.4 - https:\/\/yoast.com\/product\/yoast-seo-wordpress\/ -->\n<title>M\u1eadt Ong Hoa Cafe Ban M\u00ea Goldzherbs<\/title>\n<meta name=\"description\" content=\"M\u1eadt Ong Hoa Cafe Ban M\u00ea Goldzherbs \u0111\u01b0\u1ee3c l\u00e0m t\u1eeb 100% M\u1eadt ong hoa c\u00e0 ph\u00ea nguy\u00ean ch\u1ea5t r\u1ea5t b\u1ed5 d\u01b0\u1ee1ng v\u00e0 c\u00f3 l\u1ee3i cho s\u1ee9c kh\u1ecfe con ng\u01b0\u1eddi.\" \/>\n<meta name=\"robots\" content=\"index, follow, max-snippet:-1, max-image-preview:large, max-video-preview:-1\" \/>\n<link rel=\"canonical\" href=\"https:\/\/goldzherbs.com\/en\/san-pham\/mat-ong-hoa-cafe-ban-me-goldzherbs-500g\/\" \/>\n<meta property=\"og:locale\" content=\"en_US\" \/>\n<meta property=\"og:type\" content=\"article\" \/>\n<meta property=\"og:title\" content=\"M\u1eadt Ong Hoa Cafe Ban M\u00ea Goldzherbs\" \/>\n<meta property=\"og:description\" content=\"M\u1eadt Ong Hoa Cafe Ban M\u00ea Goldzherbs \u0111\u01b0\u1ee3c l\u00e0m t\u1eeb 100% M\u1eadt ong hoa c\u00e0 ph\u00ea nguy\u00ean ch\u1ea5t r\u1ea5t b\u1ed5 d\u01b0\u1ee1ng v\u00e0 c\u00f3 l\u1ee3i cho s\u1ee9c kh\u1ecfe con ng\u01b0\u1eddi.\" \/>\n<meta property=\"og:url\" content=\"https:\/\/goldzherbs.com\/en\/san-pham\/mat-ong-hoa-cafe-ban-me-goldzherbs-500g\/\" \/>\n<meta property=\"og:site_name\" content=\"GoldzHerbs\" \/>\n<meta property=\"article:modified_time\" content=\"2024-09-27T04:42:41+00:00\" \/>\n<meta property=\"og:image\" content=\"https:\/\/goldzherbs.com\/wp-content\/uploads\/2023\/04\/22-1.png\" \/>\n\t<meta property=\"og:image:width\" content=\"1000\" \/>\n\t<meta property=\"og:image:height\" content=\"1000\" \/>\n\t<meta property=\"og:image:type\" content=\"image\/png\" \/>\n<meta name=\"twitter:card\" content=\"summary_large_image\" \/>\n<meta name=\"twitter:label1\" content=\"Est. reading time\" \/>\n\t<meta name=\"twitter:data1\" content=\"2 minutes\" \/>\n<script type=\"application\/ld+json\" class=\"yoast-schema-graph\">{\"@context\":\"https:\\\/\\\/schema.org\",\"@graph\":[{\"@type\":\"WebPage\",\"@id\":\"https:\\\/\\\/goldzherbs.com\\\/en\\\/san-pham\\\/mat-ong-hoa-cafe-ban-me-goldzherbs-500g\\\/\",\"url\":\"https:\\\/\\\/goldzherbs.com\\\/en\\\/san-pham\\\/mat-ong-hoa-cafe-ban-me-goldzherbs-500g\\\/\",\"name\":\"M\u1eadt Ong Hoa Cafe Ban M\u00ea Goldzherbs\",\"isPartOf\":{\"@id\":\"https:\\\/\\\/goldzherbs.com\\\/#website\"},\"primaryImageOfPage\":{\"@id\":\"https:\\\/\\\/goldzherbs.com\\\/en\\\/san-pham\\\/mat-ong-hoa-cafe-ban-me-goldzherbs-500g\\\/#primaryimage\"},\"image\":{\"@id\":\"https:\\\/\\\/goldzherbs.com\\\/en\\\/san-pham\\\/mat-ong-hoa-cafe-ban-me-goldzherbs-500g\\\/#primaryimage\"},\"thumbnailUrl\":\"https:\\\/\\\/goldzherbs.com\\\/wp-content\\\/uploads\\\/2023\\\/04\\\/mat-ong-hoa-ca-phe-ban-me-2.png\",\"datePublished\":\"2023-04-23T15:19:01+00:00\",\"dateModified\":\"2024-09-27T04:42:41+00:00\",\"description\":\"M\u1eadt Ong Hoa Cafe Ban M\u00ea Goldzherbs \u0111\u01b0\u1ee3c l\u00e0m t\u1eeb 100% M\u1eadt ong hoa c\u00e0 ph\u00ea nguy\u00ean ch\u1ea5t r\u1ea5t b\u1ed5 d\u01b0\u1ee1ng v\u00e0 c\u00f3 l\u1ee3i cho s\u1ee9c kh\u1ecfe con ng\u01b0\u1eddi.\",\"breadcrumb\":{\"@id\":\"https:\\\/\\\/goldzherbs.com\\\/en\\\/san-pham\\\/mat-ong-hoa-cafe-ban-me-goldzherbs-500g\\\/#breadcrumb\"},\"inLanguage\":\"en-US\",\"potentialAction\":[{\"@type\":\"ReadAction\",\"target\":[\"https:\\\/\\\/goldzherbs.com\\\/en\\\/san-pham\\\/mat-ong-hoa-cafe-ban-me-goldzherbs-500g\\\/\"]}]},{\"@type\":\"ImageObject\",\"inLanguage\":\"en-US\",\"@id\":\"https:\\\/\\\/goldzherbs.com\\\/en\\\/san-pham\\\/mat-ong-hoa-cafe-ban-me-goldzherbs-500g\\\/#primaryimage\",\"url\":\"https:\\\/\\\/goldzherbs.com\\\/wp-content\\\/uploads\\\/2023\\\/04\\\/mat-ong-hoa-ca-phe-ban-me-2.png\",\"contentUrl\":\"https:\\\/\\\/goldzherbs.com\\\/wp-content\\\/uploads\\\/2023\\\/04\\\/mat-ong-hoa-ca-phe-ban-me-2.png\",\"width\":800,\"height\":800,\"caption\":\"mat-ong-hoa-ca-phe-ban-me (2)\"},{\"@type\":\"BreadcrumbList\",\"@id\":\"https:\\\/\\\/goldzherbs.com\\\/en\\\/san-pham\\\/mat-ong-hoa-cafe-ban-me-goldzherbs-500g\\\/#breadcrumb\",\"itemListElement\":[{\"@type\":\"ListItem\",\"position\":1,\"name\":\"Shop\",\"item\":\"https:\\\/\\\/goldzherbs.com\\\/shop\\\/\"},{\"@type\":\"ListItem\",\"position\":2,\"name\":\"M\u1eadt Ong Hoa Cafe Ban M\u00ea Goldzherbs\"}]},{\"@type\":\"WebSite\",\"@id\":\"https:\\\/\\\/goldzherbs.com\\\/#website\",\"url\":\"https:\\\/\\\/goldzherbs.com\\\/\",\"name\":\"GoldzHerbs\",\"description\":\"Th\u1ef1c Ph\u1ea9m V\u00ec S\u1ee9c Kh\u1ecfe\",\"publisher\":{\"@id\":\"https:\\\/\\\/goldzherbs.com\\\/#organization\"},\"potentialAction\":[{\"@type\":\"SearchAction\",\"target\":{\"@type\":\"EntryPoint\",\"urlTemplate\":\"https:\\\/\\\/goldzherbs.com\\\/?s={search_term_string}\"},\"query-input\":{\"@type\":\"PropertyValueSpecification\",\"valueRequired\":true,\"valueName\":\"search_term_string\"}}],\"inLanguage\":\"en-US\"},{\"@type\":\"Organization\",\"@id\":\"https:\\\/\\\/goldzherbs.com\\\/#organization\",\"name\":\"GoldzHerbs\",\"url\":\"https:\\\/\\\/goldzherbs.com\\\/\",\"logo\":{\"@type\":\"ImageObject\",\"inLanguage\":\"en-US\",\"@id\":\"https:\\\/\\\/goldzherbs.com\\\/#\\\/schema\\\/logo\\\/image\\\/\",\"url\":\"https:\\\/\\\/goldzherbs.com\\\/wp-content\\\/uploads\\\/2023\\\/01\\\/pixel.png\",\"contentUrl\":\"https:\\\/\\\/goldzherbs.com\\\/wp-content\\\/uploads\\\/2023\\\/01\\\/pixel.png\",\"width\":515,\"height\":514,\"caption\":\"GoldzHerbs\"},\"image\":{\"@id\":\"https:\\\/\\\/goldzherbs.com\\\/#\\\/schema\\\/logo\\\/image\\\/\"}}]}<\/script>\n<!-- \/ Yoast SEO plugin. -->","yoast_head_json":{"title":"M\u1eadt Ong Hoa Cafe Ban M\u00ea Goldzherbs","description":"M\u1eadt Ong Hoa Cafe Ban M\u00ea Goldzherbs \u0111\u01b0\u1ee3c l\u00e0m t\u1eeb 100% M\u1eadt ong hoa c\u00e0 ph\u00ea nguy\u00ean ch\u1ea5t r\u1ea5t b\u1ed5 d\u01b0\u1ee1ng v\u00e0 c\u00f3 l\u1ee3i cho s\u1ee9c kh\u1ecfe con ng\u01b0\u1eddi.","robots":{"index":"index","follow":"follow","max-snippet":"max-snippet:-1","max-image-preview":"max-image-preview:large","max-video-preview":"max-video-preview:-1"},"canonical":"https:\/\/goldzherbs.com\/en\/san-pham\/mat-ong-hoa-cafe-ban-me-goldzherbs-500g\/","og_locale":"en_US","og_type":"article","og_title":"M\u1eadt Ong Hoa Cafe Ban M\u00ea Goldzherbs","og_description":"M\u1eadt Ong Hoa Cafe Ban M\u00ea Goldzherbs \u0111\u01b0\u1ee3c l\u00e0m t\u1eeb 100% M\u1eadt ong hoa c\u00e0 ph\u00ea nguy\u00ean ch\u1ea5t r\u1ea5t b\u1ed5 d\u01b0\u1ee1ng v\u00e0 c\u00f3 l\u1ee3i cho s\u1ee9c kh\u1ecfe con ng\u01b0\u1eddi.","og_url":"https:\/\/goldzherbs.com\/en\/san-pham\/mat-ong-hoa-cafe-ban-me-goldzherbs-500g\/","og_site_name":"GoldzHerbs","article_modified_time":"2024-09-27T04:42:41+00:00","og_image":[{"width":1000,"height":1000,"url":"https:\/\/goldzherbs.com\/wp-content\/uploads\/2023\/04\/22-1.png","type":"image\/png"}],"twitter_card":"summary_large_image","twitter_misc":{"Est. reading time":"2 minutes"},"schema":{"@context":"https:\/\/schema.org","@graph":[{"@type":"WebPage","@id":"https:\/\/goldzherbs.com\/en\/san-pham\/mat-ong-hoa-cafe-ban-me-goldzherbs-500g\/","url":"https:\/\/goldzherbs.com\/en\/san-pham\/mat-ong-hoa-cafe-ban-me-goldzherbs-500g\/","name":"M\u1eadt Ong Hoa Cafe Ban M\u00ea Goldzherbs","isPartOf":{"@id":"https:\/\/goldzherbs.com\/#website"},"primaryImageOfPage":{"@id":"https:\/\/goldzherbs.com\/en\/san-pham\/mat-ong-hoa-cafe-ban-me-goldzherbs-500g\/#primaryimage"},"image":{"@id":"https:\/\/goldzherbs.com\/en\/san-pham\/mat-ong-hoa-cafe-ban-me-goldzherbs-500g\/#primaryimage"},"thumbnailUrl":"https:\/\/goldzherbs.com\/wp-content\/uploads\/2023\/04\/mat-ong-hoa-ca-phe-ban-me-2.png","datePublished":"2023-04-23T15:19:01+00:00","dateModified":"2024-09-27T04:42:41+00:00","description":"M\u1eadt Ong Hoa Cafe Ban M\u00ea Goldzherbs \u0111\u01b0\u1ee3c l\u00e0m t\u1eeb 100% M\u1eadt ong hoa c\u00e0 ph\u00ea nguy\u00ean ch\u1ea5t r\u1ea5t b\u1ed5 d\u01b0\u1ee1ng v\u00e0 c\u00f3 l\u1ee3i cho s\u1ee9c kh\u1ecfe con ng\u01b0\u1eddi.","breadcrumb":{"@id":"https:\/\/goldzherbs.com\/en\/san-pham\/mat-ong-hoa-cafe-ban-me-goldzherbs-500g\/#breadcrumb"},"inLanguage":"en-US","potentialAction":[{"@type":"ReadAction","target":["https:\/\/goldzherbs.com\/en\/san-pham\/mat-ong-hoa-cafe-ban-me-goldzherbs-500g\/"]}]},{"@type":"ImageObject","inLanguage":"en-US","@id":"https:\/\/goldzherbs.com\/en\/san-pham\/mat-ong-hoa-cafe-ban-me-goldzherbs-500g\/#primaryimage","url":"https:\/\/goldzherbs.com\/wp-content\/uploads\/2023\/04\/mat-ong-hoa-ca-phe-ban-me-2.png","contentUrl":"https:\/\/goldzherbs.com\/wp-content\/uploads\/2023\/04\/mat-ong-hoa-ca-phe-ban-me-2.png","width":800,"height":800,"caption":"mat-ong-hoa-ca-phe-ban-me (2)"},{"@type":"BreadcrumbList","@id":"https:\/\/goldzherbs.com\/en\/san-pham\/mat-ong-hoa-cafe-ban-me-goldzherbs-500g\/#breadcrumb","itemListElement":[{"@type":"ListItem","position":1,"name":"Shop","item":"https:\/\/goldzherbs.com\/shop\/"},{"@type":"ListItem","position":2,"name":"M\u1eadt Ong Hoa Cafe Ban M\u00ea Goldzherbs"}]},{"@type":"WebSite","@id":"https:\/\/goldzherbs.com\/#website","url":"https:\/\/goldzherbs.com\/","name":"GoldzHerbs","description":"Th\u1ef1c Ph\u1ea9m V\u00ec S\u1ee9c Kh\u1ecfe","publisher":{"@id":"https:\/\/goldzherbs.com\/#organization"},"potentialAction":[{"@type":"SearchAction","target":{"@type":"EntryPoint","urlTemplate":"https:\/\/goldzherbs.com\/?s={search_term_string}"},"query-input":{"@type":"PropertyValueSpecification","valueRequired":true,"valueName":"search_term_string"}}],"inLanguage":"en-US"},{"@type":"Organization","@id":"https:\/\/goldzherbs.com\/#organization","name":"GoldzHerbs","url":"https:\/\/goldzherbs.com\/","logo":{"@type":"ImageObject","inLanguage":"en-US","@id":"https:\/\/goldzherbs.com\/#\/schema\/logo\/image\/","url":"https:\/\/goldzherbs.com\/wp-content\/uploads\/2023\/01\/pixel.png","contentUrl":"https:\/\/goldzherbs.com\/wp-content\/uploads\/2023\/01\/pixel.png","width":515,"height":514,"caption":"GoldzHerbs"},"image":{"@id":"https:\/\/goldzherbs.com\/#\/schema\/logo\/image\/"}}]}},"_links":{"self":[{"href":"https:\/\/goldzherbs.com\/en\/wp-json\/wp\/v2\/product\/3538","targetHints":{"allow":["GET"]}}],"collection":[{"href":"https:\/\/goldzherbs.com\/en\/wp-json\/wp\/v2\/product"}],"about":[{"href":"https:\/\/goldzherbs.com\/en\/wp-json\/wp\/v2\/types\/product"}],"wp:featuredmedia":[{"embeddable":true,"href":"https:\/\/goldzherbs.com\/en\/wp-json\/wp\/v2\/media\/7963"}],"wp:attachment":[{"href":"https:\/\/goldzherbs.com\/en\/wp-json\/wp\/v2\/media?parent=3538"}],"wp:term":[{"taxonomy":"product_brand","embeddable":true,"href":"https:\/\/goldzherbs.com\/en\/wp-json\/wp\/v2\/product_brand?post=3538"},{"taxonomy":"product_cat","embeddable":true,"href":"https:\/\/goldzherbs.com\/en\/wp-json\/wp\/v2\/product_cat?post=3538"},{"taxonomy":"product_tag","embeddable":true,"href":"https:\/\/goldzherbs.com\/en\/wp-json\/wp\/v2\/product_tag?post=3538"}],"curies":[{"name":"wp","href":"https:\/\/api.w.org\/{rel}","templated":true}]}}