{"id":3640,"date":"2023-01-30T15:37:55","date_gmt":"2023-01-30T08:37:55","guid":{"rendered":"https:\/\/goldzherbs.com\/san-pham\/granola-trai-cay-yen-mach-sieu-hat-tam-mat-ong\/"},"modified":"2025-01-18T15:50:23","modified_gmt":"2025-01-18T08:50:23","slug":"granola-trai-cay-yen-mach-sieu-hat-tam-mat-ong","status":"publish","type":"product","link":"https:\/\/goldzherbs.com\/en\/san-pham\/granola-trai-cay-yen-mach-sieu-hat-tam-mat-ong\/","title":{"rendered":"Goldzherbs Honey-Roasted Super Seed Fruit &#038; Oat Granola"},"content":{"rendered":"<h1 style=\"text-align: center;\"><strong>Goldzherbs Honey-Roasted Super Seed Fruit &amp; Oat Granola<\/strong><\/h1>\n<h2 style=\"text-align: center;\"><b>\u2013 \u00a0Granola Super Nuts Grilled With Honey &#8211;<\/b><\/h2>\n<p><span style=\"color: #282828;\"><strong>Goldzherbs Honey-Roasted Super Seed Fruit &amp; Oat Granola<\/strong> is made from Oats, Almonds, Walnuts, Macadamia Nuts, Cashews, Raisins, Pumpkin Seeds, Cereal Puffs, Dried Fruit-flavored Yogurt, and Honey. These are healthy food options due to their high nutritional value.<\/span><\/p>\n<p data-sourcepos=\"7:1-7:29\"><span style=\"color: #282828;\"><strong>Benefits:<\/strong> Consuming <strong>Goldzherbs Honey-Roasted Super Seed Fruit &amp; Oat Granola<\/strong> daily can help:<\/span><\/p>\n<p data-sourcepos=\"9:1-9:57\"><span style=\"color: #282828;\"><strong>For Individuals with Normal Diets or Those on a Diet:<\/strong><\/span><\/p>\n<ul data-sourcepos=\"11:1-11:1\">\n<li data-sourcepos=\"11:1-11:1\"><span style=\"color: #282828;\">Stabilize blood pressure and reduce cholesterol levels in the blood.<\/span><\/li>\n<li data-sourcepos=\"12:1-12:21\"><span style=\"color: #282828;\">Improve gut health.<\/span><\/li>\n<li data-sourcepos=\"13:1-13:35\"><span style=\"color: #282828;\">Provide antioxidants to the body.<\/span><\/li>\n<li data-sourcepos=\"14:1-15:0\"><span style=\"color: #282828;\">Support weight loss and dieting efforts.<\/span><\/li>\n<\/ul>\n<p data-sourcepos=\"16:1-16:23\"><span style=\"color: #282828;\"><strong>For Pregnant Women:<\/strong><\/span><\/p>\n<ul data-sourcepos=\"18:1-20:50\">\n<li data-sourcepos=\"18:1-18:71\"><span style=\"color: #282828;\">Support the development of the baby&#8217;s brain, eyes, and immune system.<\/span><\/li>\n<li data-sourcepos=\"19:1-19:54\"><span style=\"color: #282828;\">Provide healthy energy and nutrients for the mother.<\/span><\/li>\n<li data-sourcepos=\"20:1-20:50\"><span style=\"color: #282828;\">Improve nutrition and stabilize blood pressure.<\/span><\/li>\n<\/ul>\n<p>&nbsp;<\/p>\n<p><img loading=\"lazy\" decoding=\"async\" class=\"size-full wp-image-1691 aligncenter\" src=\"https:\/\/goldzherbs.com\/wp-content\/uploads\/2023\/01\/B01-01-1.png\" alt=\"Granola-Trai-Cay\" width=\"900\" height=\"600\" \/><\/p>\n<p>&nbsp;<\/p>\n<h2><strong>I<\/strong><strong>nstructions for Using Honey Roasted Granola with Fruits, Oats, and Super Seeds:<\/strong><\/h2>\n<ul>\n<li data-sourcepos=\"3:1-3:211\"><span style=\"color: #282828;\"><strong>How to Use:<\/strong> The product is already baked and ready to eat. It can be enjoyed with yogurt, fruits, or milk. It can also be used to make nut milk. It&#8217;s a convenient and nutritious breakfast option or a healthy and fulfilling snack.<\/span><\/li>\n<li data-sourcepos=\"5:1-5:174\"><span style=\"color: #282828;\"><strong>Honey Roasted Granola with Fruits, Oats, and Super Seeds<\/strong> is best enjoyed with unsweetened yogurt. You can also combine it with fruits, smoothies, salads, or eat it directly.<\/span><\/li>\n<\/ul>\n<p>&nbsp;<\/p>\n<p><img loading=\"lazy\" decoding=\"async\" class=\"size-full wp-image-1692 aligncenter\" src=\"https:\/\/goldzherbs.com\/wp-content\/uploads\/2023\/01\/B01-01-2.png\" alt=\"Granola-Trai-Cay\" width=\"900\" height=\"600\" \/><\/p>\n<p>&nbsp;<\/p>\n<h2><b>Certifications For Goldzherbs Honey-Roasted Super Seed Fruit &amp; Oat Granola<\/b><\/h2>\n<h4><b>Manufactured in accordance with ISO 22000:2018 certification: GOODVN38922.FSMS<\/b><\/h4>\n<h4><img loading=\"lazy\" decoding=\"async\" class=\"wp-image-1346 size-large aligncenter\" src=\"https:\/\/goldzherbs.com\/wp-content\/uploads\/2023\/06\/ISO1-1-724x1024.png\" alt=\"\" width=\"724\" height=\"1024\" \/><\/h4>\n<h4><span style=\"color: #282828;\"><em><b>Product meets food safety requirements according to:<\/b><\/em><\/span><\/h4>\n<ul>\n<li style=\"font-weight: 400;\" aria-level=\"1\"><span style=\"font-weight: 400; color: #282828;\">QCVN 8-2:2011\/BYT (National technical regulation on limits of heavy metal contamination in food).<\/span><\/li>\n<li style=\"font-weight: 400;\" aria-level=\"1\"><span style=\"font-weight: 400; color: #282828;\">QCVN 8-1:2011\/BYT (National technical regulation on limits of mycotoxin contamination in food).<\/span><\/li>\n<li style=\"font-weight: 400;\" aria-level=\"1\"><span style=\"font-weight: 400; color: #282828;\">Decision 46\/2007\/Q\u0110-BYT (Regulation on maximum limits of biological and chemical contamination in food).<\/span><\/li>\n<\/ul>\n<p><span style=\"color: #282828;\"><b>Packaging:\u00a0<\/b><\/span><\/p>\n<p><span style=\"color: #282828;\"><b>Shelf life:<\/b><span style=\"font-weight: 400;\"> 2 years from the date of manufacture.<\/span><\/span><\/p>\n<p><span style=\"color: #282828;\"><b>Storage:<\/b><span style=\"font-weight: 400;\"> Store in a cool, dry place.<\/span><\/span><\/p>\n<p><span style=\"color: #282828;\"><b>Customer Reviews:<\/b><span style=\"font-weight: 400;\"> (Updating)<\/span><\/span><\/p>\n<h2><span style=\"color: #282828;\"><b>KING SPIDER TRADING SERVICE JOINT STOCK COMPANY<\/b><\/span><\/h2>\n<h4><span style=\"color: #282828;\"><b>Office Address: <\/b><span style=\"font-weight: 400;\">No. 3, Street No. 5, Linh Tay Ward, Thu Duc City, Ho Chi Minh City<\/span><\/span><\/h4>\n<ul>\n<li style=\"font-weight: 400;\" aria-level=\"1\"><b>Website: <\/b><a href=\"https:\/\/goldzherbs.com\/en\/\">https:\/\/goldzherbs.com\/<\/a><\/li>\n<li style=\"font-weight: 400;\" aria-level=\"1\"><b>Hotline:<\/b><span style=\"font-weight: 400;\"> 0902.329.106<\/span><\/li>\n<li style=\"font-weight: 400;\" aria-level=\"1\"><b>Email:<\/b><span style=\"font-weight: 400;\"> GoldzHerbs@gmail.com<\/span><\/li>\n<\/ul>\n<h4><b>Connect with us:<\/b><\/h4>\n<ul>\n<li style=\"font-weight: 400;\" aria-level=\"1\"><a href=\"https:\/\/www.facebook.com\/goldzherbs.official\"><span style=\"font-weight: 400;\">www.facebook.com\/goldzherbs.official<\/span><\/a><\/li>\n<li style=\"font-weight: 400;\" aria-level=\"1\"><a href=\"https:\/\/www.instagram.com\/goldzherbs.official\"><span style=\"font-weight: 400;\">www.instagram.com\/goldzherbs.official<\/span><\/a><\/li>\n<li style=\"font-weight: 400;\" aria-level=\"1\"><a href=\"https:\/\/www.tiktok.com\/@goldzherbs.official\"><span style=\"font-weight: 400;\">www.tiktok.com\/@goldzherbs.official<\/span><\/a><\/li>\n<\/ul>\n<h4><b>Official E-commerce Platforms:<\/b><\/h4>\n<ul>\n<li style=\"font-weight: 400;\" aria-level=\"1\"><a href=\"https:\/\/www.lazada.vn\/shop\/goldzherbs\/\">https:\/\/www.lazada.vn\/shop\/goldzherbs\/<\/a><\/li>\n<li style=\"font-weight: 400;\" aria-level=\"1\"><a href=\"https:\/\/shopee.vn\/goldzherbs\">https:\/\/shopee.vn\/goldzherbs<\/a><\/li>\n<li style=\"font-weight: 400;\" aria-level=\"1\"><span style=\"font-weight: 400;\">Tiktok Shop:\u00a0<\/span><\/li>\n<\/ul>\n","protected":false},"excerpt":{"rendered":"<p style=\"text-align: justify;\"><span style=\"color: #282828;\"><strong>Goldzherbs Honey-Roasted Super Seed Fruit &amp; Oat Granola<\/strong> is made from Oats, Almonds, Walnuts, Macadamia Nuts, Cashews, Raisins, Pumpkin Seeds, Cereal Puffs, Dried Fruit-flavored Yogurt, and Honey. These are healthy food options due to their high nutritional value.<\/span><\/p>\n","protected":false},"featured_media":5696,"template":"","meta":[],"product_brand":[],"product_cat":[452],"product_tag":[],"class_list":{"0":"post-3640","1":"product","2":"type-product","3":"status-publish","4":"has-post-thumbnail","6":"product_cat-granola-cereals","8":"first","9":"instock","10":"taxable","11":"shipping-taxable","12":"purchasable","13":"product-type-variable"},"acf":[],"yoast_head":"<!-- This site is optimized with the Yoast SEO plugin v27.4 - https:\/\/yoast.com\/product\/yoast-seo-wordpress\/ -->\n<title>Granola Tr\u00e1i C\u00e2y Y\u1ebfn M\u1ea1ch Si\u00eau H\u1ea1t T\u1ea9m M\u1eadt Ong Goldzherbs<\/title>\n<meta name=\"description\" content=\"Granola Tr\u00e1i C\u00e2y Y\u1ebfn M\u1ea1ch Si\u00eau H\u1ea1t T\u1ea9m M\u1eadt Ong Goldzherbs \u0111\u01b0\u1ee3c l\u00e0m t\u1eeb Y\u1ebfn m\u1ea1ch, H\u1ea1nh nh\u00e2n, \u00d3c ch\u00f3, Macca, H\u1ea1t \u0111i\u1ec1u, Nho kh\u00f4, H\u1ea1t b\u00ed xanh, B\u1ecfng ng\u0169 c\u1ed1c..\" \/>\n<meta name=\"robots\" content=\"index, follow, max-snippet:-1, max-image-preview:large, max-video-preview:-1\" \/>\n<link rel=\"canonical\" href=\"https:\/\/goldzherbs.com\/en\/san-pham\/granola-trai-cay-yen-mach-sieu-hat-tam-mat-ong\/\" \/>\n<meta property=\"og:locale\" content=\"en_US\" \/>\n<meta property=\"og:type\" content=\"article\" \/>\n<meta property=\"og:title\" content=\"Granola Tr\u00e1i C\u00e2y Y\u1ebfn M\u1ea1ch Si\u00eau H\u1ea1t T\u1ea9m M\u1eadt Ong Goldzherbs\" \/>\n<meta property=\"og:description\" content=\"Granola Tr\u00e1i C\u00e2y Y\u1ebfn M\u1ea1ch Si\u00eau H\u1ea1t T\u1ea9m M\u1eadt Ong Goldzherbs \u0111\u01b0\u1ee3c l\u00e0m t\u1eeb Y\u1ebfn m\u1ea1ch, H\u1ea1nh nh\u00e2n, \u00d3c ch\u00f3, Macca, H\u1ea1t \u0111i\u1ec1u, Nho kh\u00f4, H\u1ea1t b\u00ed xanh, B\u1ecfng ng\u0169 c\u1ed1c..\" \/>\n<meta property=\"og:url\" content=\"https:\/\/goldzherbs.com\/en\/san-pham\/granola-trai-cay-yen-mach-sieu-hat-tam-mat-ong\/\" \/>\n<meta property=\"og:site_name\" content=\"GoldzHerbs\" \/>\n<meta property=\"article:modified_time\" content=\"2025-01-18T08:50:23+00:00\" \/>\n<meta property=\"og:image\" content=\"https:\/\/goldzherbs.com\/wp-content\/uploads\/2023\/01\/3-2.png\" \/>\n\t<meta property=\"og:image:width\" content=\"1000\" \/>\n\t<meta property=\"og:image:height\" content=\"1000\" \/>\n\t<meta property=\"og:image:type\" content=\"image\/png\" \/>\n<meta name=\"twitter:card\" content=\"summary_large_image\" \/>\n<meta name=\"twitter:label1\" content=\"Est. reading time\" \/>\n\t<meta name=\"twitter:data1\" content=\"2 minutes\" \/>\n<script type=\"application\/ld+json\" class=\"yoast-schema-graph\">{\"@context\":\"https:\\\/\\\/schema.org\",\"@graph\":[{\"@type\":\"WebPage\",\"@id\":\"https:\\\/\\\/goldzherbs.com\\\/en\\\/san-pham\\\/granola-trai-cay-yen-mach-sieu-hat-tam-mat-ong\\\/\",\"url\":\"https:\\\/\\\/goldzherbs.com\\\/en\\\/san-pham\\\/granola-trai-cay-yen-mach-sieu-hat-tam-mat-ong\\\/\",\"name\":\"Granola Tr\u00e1i C\u00e2y Y\u1ebfn M\u1ea1ch Si\u00eau H\u1ea1t T\u1ea9m M\u1eadt Ong Goldzherbs\",\"isPartOf\":{\"@id\":\"https:\\\/\\\/goldzherbs.com\\\/#website\"},\"primaryImageOfPage\":{\"@id\":\"https:\\\/\\\/goldzherbs.com\\\/en\\\/san-pham\\\/granola-trai-cay-yen-mach-sieu-hat-tam-mat-ong\\\/#primaryimage\"},\"image\":{\"@id\":\"https:\\\/\\\/goldzherbs.com\\\/en\\\/san-pham\\\/granola-trai-cay-yen-mach-sieu-hat-tam-mat-ong\\\/#primaryimage\"},\"thumbnailUrl\":\"https:\\\/\\\/goldzherbs.com\\\/wp-content\\\/uploads\\\/2023\\\/01\\\/granola-sieu-hat-keto-1.png\",\"datePublished\":\"2023-01-30T08:37:55+00:00\",\"dateModified\":\"2025-01-18T08:50:23+00:00\",\"description\":\"Granola Tr\u00e1i C\u00e2y Y\u1ebfn M\u1ea1ch Si\u00eau H\u1ea1t T\u1ea9m M\u1eadt Ong Goldzherbs \u0111\u01b0\u1ee3c l\u00e0m t\u1eeb Y\u1ebfn m\u1ea1ch, H\u1ea1nh nh\u00e2n, \u00d3c ch\u00f3, Macca, H\u1ea1t \u0111i\u1ec1u, Nho kh\u00f4, H\u1ea1t b\u00ed xanh, B\u1ecfng ng\u0169 c\u1ed1c..\",\"breadcrumb\":{\"@id\":\"https:\\\/\\\/goldzherbs.com\\\/en\\\/san-pham\\\/granola-trai-cay-yen-mach-sieu-hat-tam-mat-ong\\\/#breadcrumb\"},\"inLanguage\":\"en-US\",\"potentialAction\":[{\"@type\":\"ReadAction\",\"target\":[\"https:\\\/\\\/goldzherbs.com\\\/en\\\/san-pham\\\/granola-trai-cay-yen-mach-sieu-hat-tam-mat-ong\\\/\"]}]},{\"@type\":\"ImageObject\",\"inLanguage\":\"en-US\",\"@id\":\"https:\\\/\\\/goldzherbs.com\\\/en\\\/san-pham\\\/granola-trai-cay-yen-mach-sieu-hat-tam-mat-ong\\\/#primaryimage\",\"url\":\"https:\\\/\\\/goldzherbs.com\\\/wp-content\\\/uploads\\\/2023\\\/01\\\/granola-sieu-hat-keto-1.png\",\"contentUrl\":\"https:\\\/\\\/goldzherbs.com\\\/wp-content\\\/uploads\\\/2023\\\/01\\\/granola-sieu-hat-keto-1.png\",\"width\":800,\"height\":800,\"caption\":\"granola-sieu-hat-keto (1)\"},{\"@type\":\"BreadcrumbList\",\"@id\":\"https:\\\/\\\/goldzherbs.com\\\/en\\\/san-pham\\\/granola-trai-cay-yen-mach-sieu-hat-tam-mat-ong\\\/#breadcrumb\",\"itemListElement\":[{\"@type\":\"ListItem\",\"position\":1,\"name\":\"Shop\",\"item\":\"https:\\\/\\\/goldzherbs.com\\\/shop\\\/\"},{\"@type\":\"ListItem\",\"position\":2,\"name\":\"Granola Tr\u00e1i C\u00e2y Y\u1ebfn M\u1ea1ch Si\u00eau H\u1ea1t T\u1ea9m M\u1eadt Ong Goldzherbs\"}]},{\"@type\":\"WebSite\",\"@id\":\"https:\\\/\\\/goldzherbs.com\\\/#website\",\"url\":\"https:\\\/\\\/goldzherbs.com\\\/\",\"name\":\"GoldzHerbs\",\"description\":\"Th\u1ef1c Ph\u1ea9m V\u00ec S\u1ee9c Kh\u1ecfe\",\"publisher\":{\"@id\":\"https:\\\/\\\/goldzherbs.com\\\/#organization\"},\"potentialAction\":[{\"@type\":\"SearchAction\",\"target\":{\"@type\":\"EntryPoint\",\"urlTemplate\":\"https:\\\/\\\/goldzherbs.com\\\/?s={search_term_string}\"},\"query-input\":{\"@type\":\"PropertyValueSpecification\",\"valueRequired\":true,\"valueName\":\"search_term_string\"}}],\"inLanguage\":\"en-US\"},{\"@type\":\"Organization\",\"@id\":\"https:\\\/\\\/goldzherbs.com\\\/#organization\",\"name\":\"GoldzHerbs\",\"url\":\"https:\\\/\\\/goldzherbs.com\\\/\",\"logo\":{\"@type\":\"ImageObject\",\"inLanguage\":\"en-US\",\"@id\":\"https:\\\/\\\/goldzherbs.com\\\/#\\\/schema\\\/logo\\\/image\\\/\",\"url\":\"https:\\\/\\\/goldzherbs.com\\\/wp-content\\\/uploads\\\/2023\\\/01\\\/pixel.png\",\"contentUrl\":\"https:\\\/\\\/goldzherbs.com\\\/wp-content\\\/uploads\\\/2023\\\/01\\\/pixel.png\",\"width\":515,\"height\":514,\"caption\":\"GoldzHerbs\"},\"image\":{\"@id\":\"https:\\\/\\\/goldzherbs.com\\\/#\\\/schema\\\/logo\\\/image\\\/\"}}]}<\/script>\n<!-- \/ Yoast SEO plugin. -->","yoast_head_json":{"title":"Granola Tr\u00e1i C\u00e2y Y\u1ebfn M\u1ea1ch Si\u00eau H\u1ea1t T\u1ea9m M\u1eadt Ong Goldzherbs","description":"Granola Tr\u00e1i C\u00e2y Y\u1ebfn M\u1ea1ch Si\u00eau H\u1ea1t T\u1ea9m M\u1eadt Ong Goldzherbs \u0111\u01b0\u1ee3c l\u00e0m t\u1eeb Y\u1ebfn m\u1ea1ch, H\u1ea1nh nh\u00e2n, \u00d3c ch\u00f3, Macca, H\u1ea1t \u0111i\u1ec1u, Nho kh\u00f4, H\u1ea1t b\u00ed xanh, B\u1ecfng ng\u0169 c\u1ed1c..","robots":{"index":"index","follow":"follow","max-snippet":"max-snippet:-1","max-image-preview":"max-image-preview:large","max-video-preview":"max-video-preview:-1"},"canonical":"https:\/\/goldzherbs.com\/en\/san-pham\/granola-trai-cay-yen-mach-sieu-hat-tam-mat-ong\/","og_locale":"en_US","og_type":"article","og_title":"Granola Tr\u00e1i C\u00e2y Y\u1ebfn M\u1ea1ch Si\u00eau H\u1ea1t T\u1ea9m M\u1eadt Ong Goldzherbs","og_description":"Granola Tr\u00e1i C\u00e2y Y\u1ebfn M\u1ea1ch Si\u00eau H\u1ea1t T\u1ea9m M\u1eadt Ong Goldzherbs \u0111\u01b0\u1ee3c l\u00e0m t\u1eeb Y\u1ebfn m\u1ea1ch, H\u1ea1nh nh\u00e2n, \u00d3c ch\u00f3, Macca, H\u1ea1t \u0111i\u1ec1u, Nho kh\u00f4, H\u1ea1t b\u00ed xanh, B\u1ecfng ng\u0169 c\u1ed1c..","og_url":"https:\/\/goldzherbs.com\/en\/san-pham\/granola-trai-cay-yen-mach-sieu-hat-tam-mat-ong\/","og_site_name":"GoldzHerbs","article_modified_time":"2025-01-18T08:50:23+00:00","og_image":[{"width":1000,"height":1000,"url":"https:\/\/goldzherbs.com\/wp-content\/uploads\/2023\/01\/3-2.png","type":"image\/png"}],"twitter_card":"summary_large_image","twitter_misc":{"Est. reading time":"2 minutes"},"schema":{"@context":"https:\/\/schema.org","@graph":[{"@type":"WebPage","@id":"https:\/\/goldzherbs.com\/en\/san-pham\/granola-trai-cay-yen-mach-sieu-hat-tam-mat-ong\/","url":"https:\/\/goldzherbs.com\/en\/san-pham\/granola-trai-cay-yen-mach-sieu-hat-tam-mat-ong\/","name":"Granola Tr\u00e1i C\u00e2y Y\u1ebfn M\u1ea1ch Si\u00eau H\u1ea1t T\u1ea9m M\u1eadt Ong Goldzherbs","isPartOf":{"@id":"https:\/\/goldzherbs.com\/#website"},"primaryImageOfPage":{"@id":"https:\/\/goldzherbs.com\/en\/san-pham\/granola-trai-cay-yen-mach-sieu-hat-tam-mat-ong\/#primaryimage"},"image":{"@id":"https:\/\/goldzherbs.com\/en\/san-pham\/granola-trai-cay-yen-mach-sieu-hat-tam-mat-ong\/#primaryimage"},"thumbnailUrl":"https:\/\/goldzherbs.com\/wp-content\/uploads\/2023\/01\/granola-sieu-hat-keto-1.png","datePublished":"2023-01-30T08:37:55+00:00","dateModified":"2025-01-18T08:50:23+00:00","description":"Granola Tr\u00e1i C\u00e2y Y\u1ebfn M\u1ea1ch Si\u00eau H\u1ea1t T\u1ea9m M\u1eadt Ong Goldzherbs \u0111\u01b0\u1ee3c l\u00e0m t\u1eeb Y\u1ebfn m\u1ea1ch, H\u1ea1nh nh\u00e2n, \u00d3c ch\u00f3, Macca, H\u1ea1t \u0111i\u1ec1u, Nho kh\u00f4, H\u1ea1t b\u00ed xanh, B\u1ecfng ng\u0169 c\u1ed1c..","breadcrumb":{"@id":"https:\/\/goldzherbs.com\/en\/san-pham\/granola-trai-cay-yen-mach-sieu-hat-tam-mat-ong\/#breadcrumb"},"inLanguage":"en-US","potentialAction":[{"@type":"ReadAction","target":["https:\/\/goldzherbs.com\/en\/san-pham\/granola-trai-cay-yen-mach-sieu-hat-tam-mat-ong\/"]}]},{"@type":"ImageObject","inLanguage":"en-US","@id":"https:\/\/goldzherbs.com\/en\/san-pham\/granola-trai-cay-yen-mach-sieu-hat-tam-mat-ong\/#primaryimage","url":"https:\/\/goldzherbs.com\/wp-content\/uploads\/2023\/01\/granola-sieu-hat-keto-1.png","contentUrl":"https:\/\/goldzherbs.com\/wp-content\/uploads\/2023\/01\/granola-sieu-hat-keto-1.png","width":800,"height":800,"caption":"granola-sieu-hat-keto (1)"},{"@type":"BreadcrumbList","@id":"https:\/\/goldzherbs.com\/en\/san-pham\/granola-trai-cay-yen-mach-sieu-hat-tam-mat-ong\/#breadcrumb","itemListElement":[{"@type":"ListItem","position":1,"name":"Shop","item":"https:\/\/goldzherbs.com\/shop\/"},{"@type":"ListItem","position":2,"name":"Granola Tr\u00e1i C\u00e2y Y\u1ebfn M\u1ea1ch Si\u00eau H\u1ea1t T\u1ea9m M\u1eadt Ong Goldzherbs"}]},{"@type":"WebSite","@id":"https:\/\/goldzherbs.com\/#website","url":"https:\/\/goldzherbs.com\/","name":"GoldzHerbs","description":"Th\u1ef1c Ph\u1ea9m V\u00ec S\u1ee9c Kh\u1ecfe","publisher":{"@id":"https:\/\/goldzherbs.com\/#organization"},"potentialAction":[{"@type":"SearchAction","target":{"@type":"EntryPoint","urlTemplate":"https:\/\/goldzherbs.com\/?s={search_term_string}"},"query-input":{"@type":"PropertyValueSpecification","valueRequired":true,"valueName":"search_term_string"}}],"inLanguage":"en-US"},{"@type":"Organization","@id":"https:\/\/goldzherbs.com\/#organization","name":"GoldzHerbs","url":"https:\/\/goldzherbs.com\/","logo":{"@type":"ImageObject","inLanguage":"en-US","@id":"https:\/\/goldzherbs.com\/#\/schema\/logo\/image\/","url":"https:\/\/goldzherbs.com\/wp-content\/uploads\/2023\/01\/pixel.png","contentUrl":"https:\/\/goldzherbs.com\/wp-content\/uploads\/2023\/01\/pixel.png","width":515,"height":514,"caption":"GoldzHerbs"},"image":{"@id":"https:\/\/goldzherbs.com\/#\/schema\/logo\/image\/"}}]}},"_links":{"self":[{"href":"https:\/\/goldzherbs.com\/en\/wp-json\/wp\/v2\/product\/3640","targetHints":{"allow":["GET"]}}],"collection":[{"href":"https:\/\/goldzherbs.com\/en\/wp-json\/wp\/v2\/product"}],"about":[{"href":"https:\/\/goldzherbs.com\/en\/wp-json\/wp\/v2\/types\/product"}],"wp:featuredmedia":[{"embeddable":true,"href":"https:\/\/goldzherbs.com\/en\/wp-json\/wp\/v2\/media\/5696"}],"wp:attachment":[{"href":"https:\/\/goldzherbs.com\/en\/wp-json\/wp\/v2\/media?parent=3640"}],"wp:term":[{"taxonomy":"product_brand","embeddable":true,"href":"https:\/\/goldzherbs.com\/en\/wp-json\/wp\/v2\/product_brand?post=3640"},{"taxonomy":"product_cat","embeddable":true,"href":"https:\/\/goldzherbs.com\/en\/wp-json\/wp\/v2\/product_cat?post=3640"},{"taxonomy":"product_tag","embeddable":true,"href":"https:\/\/goldzherbs.com\/en\/wp-json\/wp\/v2\/product_tag?post=3640"}],"curies":[{"name":"wp","href":"https:\/\/api.w.org\/{rel}","templated":true}]}}