{"id":3642,"date":"2023-01-30T15:32:28","date_gmt":"2023-01-30T08:32:28","guid":{"rendered":"https:\/\/goldzherbs.com\/san-pham\/granola-sieu-hat-keto\/"},"modified":"2024-09-27T10:18:14","modified_gmt":"2024-09-27T03:18:14","slug":"granola-sieu-hat-keto","status":"publish","type":"product","link":"https:\/\/goldzherbs.com\/en\/san-pham\/granola-sieu-hat-keto\/","title":{"rendered":"Goldzherbs Keto Super Seeds Granola"},"content":{"rendered":"<h1 style=\"text-align: center;\"><strong>Goldzherbs Keto Super Seeds Granola<\/strong><\/h1>\n<h2 style=\"text-align: center;\"><b>\u2013 Granola Super Nuts Keto &#8211;<\/b><\/h2>\n<p><span style=\"color: #282828;\"><strong>Goldzherbs Keto Super Seeds Granola<\/strong> is made from Oats, Almonds, Walnuts, Macadamia nuts, Cashews, Raisins, Pumpkin seeds, Cereal puffs, and Dried fruit-flavored yogurt. It is a popular breakfast option due to its convenience, delicious taste, and health benefits.<\/span><\/p>\n<h4 data-sourcepos=\"7:1-7:75\"><span style=\"color: #282828;\"><strong>Benefits:<\/strong> Consuming <strong>Goldzherbs Keto Super Seeds Granola<\/strong> daily can help:<\/span><\/h4>\n<h4 data-sourcepos=\"9:1-9:16\"><span style=\"color: #282828;\"><strong>For Dieters:<\/strong><\/span><\/h4>\n<ul data-sourcepos=\"11:1-16:0\">\n<li data-sourcepos=\"11:1-11:59\"><span style=\"color: #282828;\">Support effective weight loss and maintain a slim figure.<\/span><\/li>\n<li data-sourcepos=\"12:1-12:41\"><span style=\"color: #282828;\">Improve brain health and concentration.<\/span><\/li>\n<li data-sourcepos=\"13:1-13:75\"><span style=\"color: #282828;\">Provide antioxidant benefits, promote youthful skin, and reduce wrinkles.<\/span><\/li>\n<li data-sourcepos=\"14:1-14:56\"><span style=\"color: #282828;\">Supplement Omega-3 fatty acids and high fiber content.<\/span><\/li>\n<li data-sourcepos=\"15:1-16:0\"><span style=\"color: #282828;\">Rich in essential vitamins and minerals for the body.<\/span><\/li>\n<\/ul>\n<h4 data-sourcepos=\"17:1-17:23\"><span style=\"color: #282828;\"><strong>For Pregnant Women:<\/strong><\/span><\/h4>\n<ul data-sourcepos=\"19:1-21:50\">\n<li data-sourcepos=\"19:1-19:71\"><span style=\"color: #282828;\">Support the development of the baby&#8217;s brain, eyes, and immune system.<\/span><\/li>\n<li data-sourcepos=\"20:1-20:54\"><span style=\"color: #282828;\">Provide energy and healthy nutrition for the mother.<\/span><\/li>\n<li data-sourcepos=\"21:1-21:50\"><span style=\"color: #282828;\">Improve nutrition and stabilize blood pressure.<\/span><\/li>\n<\/ul>\n<p><img loading=\"lazy\" decoding=\"async\" class=\"size-full wp-image-1693 aligncenter\" src=\"https:\/\/goldzherbs.com\/wp-content\/uploads\/2023\/01\/B01-02-1.png\" alt=\"Granola-Sieu-Hat-Keto\" width=\"900\" height=\"600\" \/><\/p>\n<p>&nbsp;<\/p>\n<h2><b>I<\/b><strong>nstructions for Using Keto Super Seed Granola:<\/strong><\/h2>\n<ul>\n<li data-sourcepos=\"5:1-5:232\"><span style=\"color: #282828;\"><strong>How to Use:<\/strong> The product is already baked and ready to eat. It can be enjoyed with yogurt, fruit, or milk. It can also be used to make nut milk. It&#8217;s a convenient and nutritious breakfast option or a healthy and fulfilling snack.<\/span><\/li>\n<li data-sourcepos=\"7:1-7:166\"><span style=\"color: #282828;\"><strong>Goldzherbs Keto Super Seed Granola<\/strong> tastes best when paired with unsweetened yogurt. You can also combine it with fruit, smoothies, salads, or enjoy it on its own.<\/span><\/li>\n<li data-sourcepos=\"9:1-9:62\"><span style=\"color: #282828;\"><strong>For those on a diet or looking to lose weight:<\/strong> Use it as a substitute for breakfast and dinner, consuming 30 grams per serving.<\/span><\/li>\n<li data-sourcepos=\"11:1-11:119\"><span style=\"color: #282828;\"><strong>For those looking to gain weight or supplement their nutrition:<\/strong> Include it in your snacks and between-meal snacks.<\/span><\/li>\n<\/ul>\n<p>&nbsp;<\/p>\n<p><img loading=\"lazy\" decoding=\"async\" class=\"size-full wp-image-1694 aligncenter\" src=\"https:\/\/goldzherbs.com\/wp-content\/uploads\/2023\/01\/B01-02-2.png\" alt=\"Granola-Sieu-Hat-Keto\" width=\"900\" height=\"600\" \/><\/p>\n<p>&nbsp;<\/p>\n<h2><b>Certifications For Goldzherbs Keto Super Seeds Granola<\/b><\/h2>\n<h4><b>Manufactured in accordance with ISO 22000:2018 certification: GOODVN38922.FSMS<\/b><\/h4>\n<h4><img loading=\"lazy\" decoding=\"async\" class=\"wp-image-1346 size-large aligncenter\" src=\"https:\/\/goldzherbs.com\/wp-content\/uploads\/2023\/06\/ISO1-1-724x1024.png\" alt=\"\" width=\"724\" height=\"1024\" \/><\/h4>\n<h4><span style=\"color: #282828;\"><em><b>Product meets food safety requirements according to:<\/b><\/em><\/span><\/h4>\n<ul>\n<li style=\"font-weight: 400;\" aria-level=\"1\"><span style=\"font-weight: 400; color: #282828;\">QCVN 8-2:2011\/BYT (National technical regulation on limits of heavy metal contamination in food).<\/span><\/li>\n<li style=\"font-weight: 400;\" aria-level=\"1\"><span style=\"font-weight: 400; color: #282828;\">QCVN 8-1:2011\/BYT (National technical regulation on limits of mycotoxin contamination in food).<\/span><\/li>\n<li style=\"font-weight: 400;\" aria-level=\"1\"><span style=\"font-weight: 400; color: #282828;\">Decision 46\/2007\/Q\u0110-BYT (Regulation on maximum limits of biological and chemical contamination in food).<\/span><\/li>\n<\/ul>\n<p><span style=\"color: #282828;\"><b>Packaging:\u00a0<\/b><\/span><\/p>\n<p><span style=\"color: #282828;\"><b>Shelf life:<\/b><span style=\"font-weight: 400;\"> 2 years from the date of manufacture.<\/span><\/span><\/p>\n<p><span style=\"color: #282828;\"><b>Storage:<\/b><span style=\"font-weight: 400;\"> Store in a cool, dry place.<\/span><\/span><\/p>\n<p><span style=\"color: #282828;\"><b>Customer Reviews:<\/b><span style=\"font-weight: 400;\"> (Updating)<\/span><\/span><\/p>\n<h2><span style=\"color: #282828;\"><b>KING SPIDER TRADING SERVICE JOINT STOCK COMPANY<\/b><\/span><\/h2>\n<h4><span style=\"color: #282828;\"><b>Office Address: <\/b><span style=\"font-weight: 400;\">No. 3, Street No. 5, Linh Tay Ward, Thu Duc City, Ho Chi Minh City<\/span><\/span><\/h4>\n<ul>\n<li style=\"font-weight: 400;\" aria-level=\"1\"><b>Website: <\/b><a href=\"https:\/\/goldzherbs.com\/en\/\">https:\/\/goldzherbs.com\/<\/a><\/li>\n<li style=\"font-weight: 400;\" aria-level=\"1\"><b>Hotline:<\/b><span style=\"font-weight: 400;\"> 0902.329.106<\/span><\/li>\n<li style=\"font-weight: 400;\" aria-level=\"1\"><b>Email:<\/b><span style=\"font-weight: 400;\"> GoldzHerbs@gmail.com<\/span><\/li>\n<\/ul>\n<h4><b>Connect with us:<\/b><\/h4>\n<ul>\n<li style=\"font-weight: 400;\" aria-level=\"1\"><a href=\"https:\/\/www.facebook.com\/goldzherbs.official\"><span style=\"font-weight: 400;\">www.facebook.com\/goldzherbs.official<\/span><\/a><\/li>\n<li style=\"font-weight: 400;\" aria-level=\"1\"><a href=\"https:\/\/www.instagram.com\/goldzherbs.official\"><span style=\"font-weight: 400;\">www.instagram.com\/goldzherbs.official<\/span><\/a><\/li>\n<li style=\"font-weight: 400;\" aria-level=\"1\"><a href=\"https:\/\/www.tiktok.com\/@goldzherbs.official\"><span style=\"font-weight: 400;\">www.tiktok.com\/@goldzherbs.official<\/span><\/a><\/li>\n<\/ul>\n<h4><b>Official E-commerce Platforms:<\/b><\/h4>\n<ul>\n<li style=\"font-weight: 400;\" aria-level=\"1\"><a href=\"https:\/\/www.lazada.vn\/shop\/goldzherbs\/\">https:\/\/www.lazada.vn\/shop\/goldzherbs\/<\/a><\/li>\n<li style=\"font-weight: 400;\" aria-level=\"1\"><a href=\"https:\/\/shopee.vn\/goldzherbs\">https:\/\/shopee.vn\/goldzherbs<\/a><\/li>\n<li style=\"font-weight: 400;\" aria-level=\"1\"><span style=\"font-weight: 400;\">Tiktok Shop:\u00a0<\/span><\/li>\n<\/ul>\n","protected":false},"excerpt":{"rendered":"<p style=\"text-align: justify;\"><span style=\"color: #282828;\"><strong>Goldzherbs Keto Super Seeds Granola<\/strong> is made from Oats, Almonds, Walnuts, Macadamia nuts, Cashews, Raisins, Pumpkin seeds, Cereal puffs, and Dried fruit-flavored yogurt. It is a popular breakfast option due to its convenience, delicious taste, and health benefits.<\/span><\/p>\n","protected":false},"featured_media":5698,"template":"","meta":[],"product_brand":[],"product_cat":[452],"product_tag":[],"class_list":{"0":"post-3642","1":"product","2":"type-product","3":"status-publish","4":"has-post-thumbnail","6":"product_cat-granola-cereals","8":"first","9":"instock","10":"taxable","11":"shipping-taxable","12":"purchasable","13":"product-type-variable"},"acf":[],"yoast_head":"<!-- This site is optimized with the Yoast SEO plugin v27.4 - https:\/\/yoast.com\/product\/yoast-seo-wordpress\/ -->\n<title>Granola Si\u00eau H\u1ea1t Keto Goldzherbs<\/title>\n<meta name=\"description\" content=\"Granola Si\u00eau H\u1ea1t Keto Goldzherbs \u0111\u01b0\u1ee3c l\u00e0m t\u1eeb Y\u1ebfn m\u1ea1ch, H\u1ea1nh nh\u00e2n, \u00d3c ch\u00f3, Macca, H\u1ea1t \u0111i\u1ec1u, Nho kh\u00f4, H\u1ea1t b\u00ed xanh, B\u1ecfng ng\u0169 c\u1ed1c, S\u1eefa chua s\u1ea5y v\u1ecb tr\u00e1i c\u00e2y...\" \/>\n<meta name=\"robots\" content=\"index, follow, max-snippet:-1, max-image-preview:large, max-video-preview:-1\" \/>\n<link rel=\"canonical\" href=\"https:\/\/goldzherbs.com\/en\/san-pham\/granola-sieu-hat-keto\/\" \/>\n<meta property=\"og:locale\" content=\"en_US\" \/>\n<meta property=\"og:type\" content=\"article\" \/>\n<meta property=\"og:title\" content=\"Granola Si\u00eau H\u1ea1t Keto Goldzherbs\" \/>\n<meta property=\"og:description\" content=\"Granola Si\u00eau H\u1ea1t Keto Goldzherbs \u0111\u01b0\u1ee3c l\u00e0m t\u1eeb Y\u1ebfn m\u1ea1ch, H\u1ea1nh nh\u00e2n, \u00d3c ch\u00f3, Macca, H\u1ea1t \u0111i\u1ec1u, Nho kh\u00f4, H\u1ea1t b\u00ed xanh, B\u1ecfng ng\u0169 c\u1ed1c, S\u1eefa chua s\u1ea5y v\u1ecb tr\u00e1i c\u00e2y...\" \/>\n<meta property=\"og:url\" content=\"https:\/\/goldzherbs.com\/en\/san-pham\/granola-sieu-hat-keto\/\" \/>\n<meta property=\"og:site_name\" content=\"GoldzHerbs\" \/>\n<meta property=\"article:modified_time\" content=\"2024-09-27T03:18:14+00:00\" \/>\n<meta property=\"og:image\" content=\"https:\/\/goldzherbs.com\/wp-content\/uploads\/2023\/01\/1-3.png\" \/>\n\t<meta property=\"og:image:width\" content=\"1000\" \/>\n\t<meta property=\"og:image:height\" content=\"1000\" \/>\n\t<meta property=\"og:image:type\" content=\"image\/png\" \/>\n<meta name=\"twitter:card\" content=\"summary_large_image\" \/>\n<meta name=\"twitter:label1\" content=\"Est. reading time\" \/>\n\t<meta name=\"twitter:data1\" content=\"4 minutes\" \/>\n<script type=\"application\/ld+json\" class=\"yoast-schema-graph\">{\"@context\":\"https:\\\/\\\/schema.org\",\"@graph\":[{\"@type\":\"WebPage\",\"@id\":\"https:\\\/\\\/goldzherbs.com\\\/en\\\/san-pham\\\/granola-sieu-hat-keto\\\/\",\"url\":\"https:\\\/\\\/goldzherbs.com\\\/en\\\/san-pham\\\/granola-sieu-hat-keto\\\/\",\"name\":\"Granola Si\u00eau H\u1ea1t Keto Goldzherbs\",\"isPartOf\":{\"@id\":\"https:\\\/\\\/goldzherbs.com\\\/#website\"},\"primaryImageOfPage\":{\"@id\":\"https:\\\/\\\/goldzherbs.com\\\/en\\\/san-pham\\\/granola-sieu-hat-keto\\\/#primaryimage\"},\"image\":{\"@id\":\"https:\\\/\\\/goldzherbs.com\\\/en\\\/san-pham\\\/granola-sieu-hat-keto\\\/#primaryimage\"},\"thumbnailUrl\":\"https:\\\/\\\/goldzherbs.com\\\/wp-content\\\/uploads\\\/2023\\\/01\\\/granola-sieu-hat-keto-2.png\",\"datePublished\":\"2023-01-30T08:32:28+00:00\",\"dateModified\":\"2024-09-27T03:18:14+00:00\",\"description\":\"Granola Si\u00eau H\u1ea1t Keto Goldzherbs \u0111\u01b0\u1ee3c l\u00e0m t\u1eeb Y\u1ebfn m\u1ea1ch, H\u1ea1nh nh\u00e2n, \u00d3c ch\u00f3, Macca, H\u1ea1t \u0111i\u1ec1u, Nho kh\u00f4, H\u1ea1t b\u00ed xanh, B\u1ecfng ng\u0169 c\u1ed1c, S\u1eefa chua s\u1ea5y v\u1ecb tr\u00e1i c\u00e2y...\",\"breadcrumb\":{\"@id\":\"https:\\\/\\\/goldzherbs.com\\\/en\\\/san-pham\\\/granola-sieu-hat-keto\\\/#breadcrumb\"},\"inLanguage\":\"en-US\",\"potentialAction\":[{\"@type\":\"ReadAction\",\"target\":[\"https:\\\/\\\/goldzherbs.com\\\/en\\\/san-pham\\\/granola-sieu-hat-keto\\\/\"]}]},{\"@type\":\"ImageObject\",\"inLanguage\":\"en-US\",\"@id\":\"https:\\\/\\\/goldzherbs.com\\\/en\\\/san-pham\\\/granola-sieu-hat-keto\\\/#primaryimage\",\"url\":\"https:\\\/\\\/goldzherbs.com\\\/wp-content\\\/uploads\\\/2023\\\/01\\\/granola-sieu-hat-keto-2.png\",\"contentUrl\":\"https:\\\/\\\/goldzherbs.com\\\/wp-content\\\/uploads\\\/2023\\\/01\\\/granola-sieu-hat-keto-2.png\",\"width\":800,\"height\":800,\"caption\":\"granola-sieu-hat-keto (1)\"},{\"@type\":\"BreadcrumbList\",\"@id\":\"https:\\\/\\\/goldzherbs.com\\\/en\\\/san-pham\\\/granola-sieu-hat-keto\\\/#breadcrumb\",\"itemListElement\":[{\"@type\":\"ListItem\",\"position\":1,\"name\":\"Shop\",\"item\":\"https:\\\/\\\/goldzherbs.com\\\/shop\\\/\"},{\"@type\":\"ListItem\",\"position\":2,\"name\":\"Granola Si\u00eau H\u1ea1t Keto Goldzherbs\"}]},{\"@type\":\"WebSite\",\"@id\":\"https:\\\/\\\/goldzherbs.com\\\/#website\",\"url\":\"https:\\\/\\\/goldzherbs.com\\\/\",\"name\":\"GoldzHerbs\",\"description\":\"Th\u1ef1c Ph\u1ea9m V\u00ec S\u1ee9c Kh\u1ecfe\",\"publisher\":{\"@id\":\"https:\\\/\\\/goldzherbs.com\\\/#organization\"},\"potentialAction\":[{\"@type\":\"SearchAction\",\"target\":{\"@type\":\"EntryPoint\",\"urlTemplate\":\"https:\\\/\\\/goldzherbs.com\\\/?s={search_term_string}\"},\"query-input\":{\"@type\":\"PropertyValueSpecification\",\"valueRequired\":true,\"valueName\":\"search_term_string\"}}],\"inLanguage\":\"en-US\"},{\"@type\":\"Organization\",\"@id\":\"https:\\\/\\\/goldzherbs.com\\\/#organization\",\"name\":\"GoldzHerbs\",\"url\":\"https:\\\/\\\/goldzherbs.com\\\/\",\"logo\":{\"@type\":\"ImageObject\",\"inLanguage\":\"en-US\",\"@id\":\"https:\\\/\\\/goldzherbs.com\\\/#\\\/schema\\\/logo\\\/image\\\/\",\"url\":\"https:\\\/\\\/goldzherbs.com\\\/wp-content\\\/uploads\\\/2023\\\/01\\\/pixel.png\",\"contentUrl\":\"https:\\\/\\\/goldzherbs.com\\\/wp-content\\\/uploads\\\/2023\\\/01\\\/pixel.png\",\"width\":515,\"height\":514,\"caption\":\"GoldzHerbs\"},\"image\":{\"@id\":\"https:\\\/\\\/goldzherbs.com\\\/#\\\/schema\\\/logo\\\/image\\\/\"}}]}<\/script>\n<!-- \/ Yoast SEO plugin. -->","yoast_head_json":{"title":"Granola Si\u00eau H\u1ea1t Keto Goldzherbs","description":"Granola Si\u00eau H\u1ea1t Keto Goldzherbs \u0111\u01b0\u1ee3c l\u00e0m t\u1eeb Y\u1ebfn m\u1ea1ch, H\u1ea1nh nh\u00e2n, \u00d3c ch\u00f3, Macca, H\u1ea1t \u0111i\u1ec1u, Nho kh\u00f4, H\u1ea1t b\u00ed xanh, B\u1ecfng ng\u0169 c\u1ed1c, S\u1eefa chua s\u1ea5y v\u1ecb tr\u00e1i c\u00e2y...","robots":{"index":"index","follow":"follow","max-snippet":"max-snippet:-1","max-image-preview":"max-image-preview:large","max-video-preview":"max-video-preview:-1"},"canonical":"https:\/\/goldzherbs.com\/en\/san-pham\/granola-sieu-hat-keto\/","og_locale":"en_US","og_type":"article","og_title":"Granola Si\u00eau H\u1ea1t Keto Goldzherbs","og_description":"Granola Si\u00eau H\u1ea1t Keto Goldzherbs \u0111\u01b0\u1ee3c l\u00e0m t\u1eeb Y\u1ebfn m\u1ea1ch, H\u1ea1nh nh\u00e2n, \u00d3c ch\u00f3, Macca, H\u1ea1t \u0111i\u1ec1u, Nho kh\u00f4, H\u1ea1t b\u00ed xanh, B\u1ecfng ng\u0169 c\u1ed1c, S\u1eefa chua s\u1ea5y v\u1ecb tr\u00e1i c\u00e2y...","og_url":"https:\/\/goldzherbs.com\/en\/san-pham\/granola-sieu-hat-keto\/","og_site_name":"GoldzHerbs","article_modified_time":"2024-09-27T03:18:14+00:00","og_image":[{"width":1000,"height":1000,"url":"https:\/\/goldzherbs.com\/wp-content\/uploads\/2023\/01\/1-3.png","type":"image\/png"}],"twitter_card":"summary_large_image","twitter_misc":{"Est. reading time":"4 minutes"},"schema":{"@context":"https:\/\/schema.org","@graph":[{"@type":"WebPage","@id":"https:\/\/goldzherbs.com\/en\/san-pham\/granola-sieu-hat-keto\/","url":"https:\/\/goldzherbs.com\/en\/san-pham\/granola-sieu-hat-keto\/","name":"Granola Si\u00eau H\u1ea1t Keto Goldzherbs","isPartOf":{"@id":"https:\/\/goldzherbs.com\/#website"},"primaryImageOfPage":{"@id":"https:\/\/goldzherbs.com\/en\/san-pham\/granola-sieu-hat-keto\/#primaryimage"},"image":{"@id":"https:\/\/goldzherbs.com\/en\/san-pham\/granola-sieu-hat-keto\/#primaryimage"},"thumbnailUrl":"https:\/\/goldzherbs.com\/wp-content\/uploads\/2023\/01\/granola-sieu-hat-keto-2.png","datePublished":"2023-01-30T08:32:28+00:00","dateModified":"2024-09-27T03:18:14+00:00","description":"Granola Si\u00eau H\u1ea1t Keto Goldzherbs \u0111\u01b0\u1ee3c l\u00e0m t\u1eeb Y\u1ebfn m\u1ea1ch, H\u1ea1nh nh\u00e2n, \u00d3c ch\u00f3, Macca, H\u1ea1t \u0111i\u1ec1u, Nho kh\u00f4, H\u1ea1t b\u00ed xanh, B\u1ecfng ng\u0169 c\u1ed1c, S\u1eefa chua s\u1ea5y v\u1ecb tr\u00e1i c\u00e2y...","breadcrumb":{"@id":"https:\/\/goldzherbs.com\/en\/san-pham\/granola-sieu-hat-keto\/#breadcrumb"},"inLanguage":"en-US","potentialAction":[{"@type":"ReadAction","target":["https:\/\/goldzherbs.com\/en\/san-pham\/granola-sieu-hat-keto\/"]}]},{"@type":"ImageObject","inLanguage":"en-US","@id":"https:\/\/goldzherbs.com\/en\/san-pham\/granola-sieu-hat-keto\/#primaryimage","url":"https:\/\/goldzherbs.com\/wp-content\/uploads\/2023\/01\/granola-sieu-hat-keto-2.png","contentUrl":"https:\/\/goldzherbs.com\/wp-content\/uploads\/2023\/01\/granola-sieu-hat-keto-2.png","width":800,"height":800,"caption":"granola-sieu-hat-keto (1)"},{"@type":"BreadcrumbList","@id":"https:\/\/goldzherbs.com\/en\/san-pham\/granola-sieu-hat-keto\/#breadcrumb","itemListElement":[{"@type":"ListItem","position":1,"name":"Shop","item":"https:\/\/goldzherbs.com\/shop\/"},{"@type":"ListItem","position":2,"name":"Granola Si\u00eau H\u1ea1t Keto Goldzherbs"}]},{"@type":"WebSite","@id":"https:\/\/goldzherbs.com\/#website","url":"https:\/\/goldzherbs.com\/","name":"GoldzHerbs","description":"Th\u1ef1c Ph\u1ea9m V\u00ec S\u1ee9c Kh\u1ecfe","publisher":{"@id":"https:\/\/goldzherbs.com\/#organization"},"potentialAction":[{"@type":"SearchAction","target":{"@type":"EntryPoint","urlTemplate":"https:\/\/goldzherbs.com\/?s={search_term_string}"},"query-input":{"@type":"PropertyValueSpecification","valueRequired":true,"valueName":"search_term_string"}}],"inLanguage":"en-US"},{"@type":"Organization","@id":"https:\/\/goldzherbs.com\/#organization","name":"GoldzHerbs","url":"https:\/\/goldzherbs.com\/","logo":{"@type":"ImageObject","inLanguage":"en-US","@id":"https:\/\/goldzherbs.com\/#\/schema\/logo\/image\/","url":"https:\/\/goldzherbs.com\/wp-content\/uploads\/2023\/01\/pixel.png","contentUrl":"https:\/\/goldzherbs.com\/wp-content\/uploads\/2023\/01\/pixel.png","width":515,"height":514,"caption":"GoldzHerbs"},"image":{"@id":"https:\/\/goldzherbs.com\/#\/schema\/logo\/image\/"}}]}},"_links":{"self":[{"href":"https:\/\/goldzherbs.com\/en\/wp-json\/wp\/v2\/product\/3642","targetHints":{"allow":["GET"]}}],"collection":[{"href":"https:\/\/goldzherbs.com\/en\/wp-json\/wp\/v2\/product"}],"about":[{"href":"https:\/\/goldzherbs.com\/en\/wp-json\/wp\/v2\/types\/product"}],"wp:featuredmedia":[{"embeddable":true,"href":"https:\/\/goldzherbs.com\/en\/wp-json\/wp\/v2\/media\/5698"}],"wp:attachment":[{"href":"https:\/\/goldzherbs.com\/en\/wp-json\/wp\/v2\/media?parent=3642"}],"wp:term":[{"taxonomy":"product_brand","embeddable":true,"href":"https:\/\/goldzherbs.com\/en\/wp-json\/wp\/v2\/product_brand?post=3642"},{"taxonomy":"product_cat","embeddable":true,"href":"https:\/\/goldzherbs.com\/en\/wp-json\/wp\/v2\/product_cat?post=3642"},{"taxonomy":"product_tag","embeddable":true,"href":"https:\/\/goldzherbs.com\/en\/wp-json\/wp\/v2\/product_tag?post=3642"}],"curies":[{"name":"wp","href":"https:\/\/api.w.org\/{rel}","templated":true}]}}