{"id":5469,"date":"2024-07-26T14:38:24","date_gmt":"2024-07-26T07:38:24","guid":{"rendered":"https:\/\/goldzherbs.com\/san-pham\/goldzherbs-freeze-dried-stevia-powder\/"},"modified":"2024-09-26T11:53:46","modified_gmt":"2024-09-26T04:53:46","slug":"goldzherbs-freeze-dried-stevia-powder","status":"publish","type":"product","link":"https:\/\/goldzherbs.com\/en\/san-pham\/goldzherbs-freeze-dried-stevia-powder\/","title":{"rendered":"Goldzherbs Freeze Dried Stevia Powder"},"content":{"rendered":"<h1 style=\"text-align: center;\"><span style=\"color: #282828;\"><strong>Goldzherbs Freeze Dried Stevia Powder<\/strong><\/span><\/h1>\n<h2 style=\"text-align: center;\"><span style=\"color: #282828;\"><b>\u2013 Freeze Dried Stevia Powder &#8211;<\/b><\/span><\/h2>\n<p><span style=\"color: #282828;\"><strong>Goldzherbs Freeze Dried Stevia Powder<\/strong> is made from 100% fresh stevia leaves. Stevia powder is a natural sweetener that can replace dissolved sugar.<\/span><\/p>\n<h4><span style=\"color: #282828;\"><strong>Benefits:<\/strong> 1 cup of <strong>Freeze Dried Stevia Powder<\/strong> per day helps<\/span><\/h4>\n<p data-sourcepos=\"8:1-8:10\"><span style=\"color: #282828;\"><strong>Healthcare<\/strong><\/span><\/p>\n<ul data-sourcepos=\"9:1-10:53\">\n<li data-sourcepos=\"9:1-9:83\"><span style=\"color: #282828;\">Control blood sugar levels, suitable for people with diabetes or those on a diet.<\/span><\/li>\n<li data-sourcepos=\"10:1-10:53\"><span style=\"color: #282828;\">Reduce cravings for sweets and support weight loss.<\/span><\/li>\n<li data-sourcepos=\"11:1-11:97\"><span style=\"color: #282828;\">Reduce blood pressure and bad cholesterol, thereby reducing the risk of cardiovascular disease.<\/span><\/li>\n<li data-sourcepos=\"12:1-12:78\"><span style=\"color: #282828;\">Contains antioxidants that help protect cells from damage and prevent aging.<\/span><\/li>\n<li data-sourcepos=\"13:1-13:1\"><span style=\"color: #282828;\">Enhance the activity of the immune system, helping the body fight off diseases.<\/span><\/li>\n<li data-sourcepos=\"14:1-15:0\"><span style=\"color: #282828;\">Improve digestion and reduce problems such as bloating and indigestion.<\/span><\/li>\n<\/ul>\n<p data-sourcepos=\"16:1-16:11\"><span style=\"color: #282828;\"><strong>Beauty care<\/strong><\/span><\/p>\n<ul data-sourcepos=\"17:1-20:74\">\n<li data-sourcepos=\"17:1-17:79\"><span style=\"color: #282828;\">Slow down the skin aging process, reduce wrinkles and keep the skin youthful.<\/span><\/li>\n<li data-sourcepos=\"18:1-18:60\"><span style=\"color: #282828;\">Antibacterial, helps reduce inflammation and prevent acne.<\/span><\/li>\n<li data-sourcepos=\"19:1-19:51\"><span style=\"color: #282828;\">Fade dark spots, freckles and even out skin tone.<\/span><\/li>\n<li data-sourcepos=\"20:1-20:74\"><span style=\"color: #282828;\">Nourish and strengthen hair, reduce breakage and stimulate hair growth.<\/span><\/li>\n<\/ul>\n<p><span style=\"color: #282828;\"><img loading=\"lazy\" decoding=\"async\" class=\"aligncenter size-full wp-image-4983\" src=\"https:\/\/goldzherbs.com\/wp-content\/uploads\/2024\/07\/Bot-Co-Ngot-Say-Lanh-1-1.jpg\" alt=\"Bot-co-ngot-say-lanh-goldzgherbs\" width=\"900\" height=\"600\" \/><\/span><\/p>\n<h2><span style=\"color: #282828;\"><strong>Instructions for Using Goldzherbs Cold-Dried Stevia Powder:<\/strong><\/span><\/h2>\n<ul>\n<li><span style=\"font-weight: 400; color: #282828;\"><strong>Hot beverage:<\/strong> Dissolve 1 packet (4g) into 130-230ml of water or milk. Stir well and enjoy. Or add 1 packet to your favorite drinks or dishes, such as nut milk, smoothies, jelly, cakes, or soup.<\/span><\/li>\n<li><span style=\"font-weight: 400; color: #282828;\"><strong>Cooking:<\/strong> Can be used as a sweetener in cooking.<\/span><\/li>\n<li><span style=\"font-weight: 400; color: #282828;\">With <strong>Cold-Dried Stevia Powder<\/strong>, the ideal time to drink tea is early in the morning or early in the afternoon. Drinking tea at these times will bring many health benefits.<\/span><\/li>\n<\/ul>\n<p><span style=\"color: #282828;\"><img loading=\"lazy\" decoding=\"async\" class=\"aligncenter size-full wp-image-4985\" src=\"https:\/\/goldzherbs.com\/wp-content\/uploads\/2024\/07\/Bot-Co-Ngot-Say-Lanh-2-1.jpg\" alt=\"Bot-co-ngot-say-lanh-goldzgherbs\" width=\"900\" height=\"600\" \/><\/span><\/p>\n<h2><span style=\"color: #282828;\"><b>Certifications For <\/b><strong>Goldzherbs Freeze Dried Stevia Powder<\/strong><\/span><\/h2>\n<h4><span style=\"color: #282828;\"><b>Manufactured in accordance with ISO 22000:2018 certification: GOODVN38922.FSMS<\/b><\/span><\/h4>\n<h4><span style=\"color: #282828;\"><img loading=\"lazy\" decoding=\"async\" class=\"wp-image-1346 size-large aligncenter\" src=\"https:\/\/goldzherbs.com\/wp-content\/uploads\/2023\/06\/ISO1-1-724x1024.png\" alt=\"\" width=\"724\" height=\"1024\" \/><\/span><\/h4>\n<h4><span style=\"color: #282828;\"><em><b>Product meets food safety requirements according to:<\/b><\/em><\/span><\/h4>\n<ul>\n<li style=\"font-weight: 400;\" aria-level=\"1\"><span style=\"font-weight: 400; color: #282828;\">QCVN 8-2:2011\/BYT (National technical regulation on limits of heavy metal contamination in food).<\/span><\/li>\n<li style=\"font-weight: 400;\" aria-level=\"1\"><span style=\"font-weight: 400; color: #282828;\">QCVN 8-1:2011\/BYT (National technical regulation on limits of mycotoxin contamination in food).<\/span><\/li>\n<li style=\"font-weight: 400;\" aria-level=\"1\"><span style=\"font-weight: 400; color: #282828;\">Decision 46\/2007\/Q\u0110-BYT (Regulation on maximum limits of biological and chemical contamination in food).<\/span><\/li>\n<\/ul>\n<p data-sourcepos=\"3:1-3:39\"><span style=\"color: #282828;\"><strong>Packaging:<\/strong> Jar-144g, Paper Bag-500g<\/span><\/p>\n<p data-sourcepos=\"5:1-5:53\"><span style=\"color: #282828;\"><strong>Shelf life:<\/strong> 2 years from the date of manufacture.<\/span><\/p>\n<p data-sourcepos=\"7:1-7:40\"><span style=\"color: #282828;\"><strong>Storage:<\/strong> Store in a cool, dry place.<\/span><\/p>\n<p><span style=\"color: #282828;\"><b>Customer Reviews:<\/b><span style=\"font-weight: 400;\"> (Updating)<\/span><\/span><\/p>\n<h2><span style=\"color: #282828;\"><b>KING SPIDER TRADING SERVICE JOINT STOCK COMPANY<\/b><\/span><\/h2>\n<h4><span style=\"color: #282828;\"><b>Office Address: <\/b>No. 3, Street No. 5, Linh Tay Ward, Thu Duc City, Ho Chi Minh City<\/span><\/h4>\n<ul>\n<li style=\"font-weight: 400;\" aria-level=\"1\"><span style=\"color: #282828;\"><b>Website:\u00a0<\/b><a style=\"color: #282828;\" href=\"https:\/\/goldzherbs.com\/\">https:\/\/goldzherbs.com\/<\/a><\/span><\/li>\n<li style=\"font-weight: 400;\" aria-level=\"1\"><span style=\"color: #282828;\"><b>Hotline:<\/b><span style=\"font-weight: 400;\">\u00a00902.329.106<\/span><\/span><\/li>\n<li style=\"font-weight: 400;\" aria-level=\"1\"><span style=\"color: #282828;\"><b>Email:<\/b><span style=\"font-weight: 400;\">\u00a0GoldzHerbs@gmail.com<\/span><\/span><\/li>\n<\/ul>\n<h4><b>Connect with us:<\/b><\/h4>\n<ul>\n<li style=\"font-weight: 400;\" aria-level=\"1\"><span style=\"color: #282828;\"><a style=\"color: #282828;\" href=\"https:\/\/www.facebook.com\/goldzherbs.official\"><span style=\"font-weight: 400;\">www.facebook.com\/goldzherbs.official<\/span><\/a><\/span><\/li>\n<li style=\"font-weight: 400;\" aria-level=\"1\"><span style=\"color: #282828;\"><a style=\"color: #282828;\" href=\"https:\/\/www.instagram.com\/goldzherbs.official\"><span style=\"font-weight: 400;\">www.instagram.com\/goldzherbs.official<\/span><\/a><\/span><\/li>\n<li style=\"font-weight: 400;\" aria-level=\"1\"><span style=\"color: #282828;\"><a style=\"color: #282828;\" href=\"https:\/\/www.tiktok.com\/@goldzherbs.official\"><span style=\"font-weight: 400;\">www.tiktok.com\/@goldzherbs.official<\/span><\/a><\/span><\/li>\n<\/ul>\n<h4><span style=\"color: #282828;\"><b>S\u00e0n TM\u0110T ch\u00ednh h\u00e3ng:<\/b><\/span><\/h4>\n<ul>\n<li style=\"font-weight: 400;\" aria-level=\"1\"><span style=\"color: #282828;\"><a style=\"color: #282828;\" href=\"https:\/\/www.lazada.vn\/shop\/goldzherbs\/\">https:\/\/www.lazada.vn\/shop\/goldzherbs\/<\/a><\/span><\/li>\n<li style=\"font-weight: 400;\" aria-level=\"1\"><span style=\"color: #282828;\"><a style=\"color: #282828;\" href=\"https:\/\/shopee.vn\/goldzherbs\">https:\/\/shopee.vn\/goldzherbs<\/a><\/span><\/li>\n<li style=\"font-weight: 400;\" aria-level=\"1\"><span style=\"font-weight: 400; color: #282828;\">Tiktok Shop:\u00a0<\/span><\/li>\n<\/ul>\n","protected":false},"excerpt":{"rendered":"<p style=\"text-align: justify;\"><strong>Goldzherbs Freeze-dried Stevia Powder<\/strong> is made from 100% fresh stevia. Stevia powder is a natural sweetener that can replace dissolved sugar.<\/p>\n","protected":false},"featured_media":11854,"template":"","meta":[],"product_brand":[],"product_cat":[445],"product_tag":[],"class_list":{"0":"post-5469","1":"product","2":"type-product","3":"status-publish","4":"has-post-thumbnail","6":"product_cat-cold-dry-vegetable-powder","8":"first","9":"instock","10":"taxable","11":"shipping-taxable","12":"purchasable","13":"product-type-variable"},"acf":[],"yoast_head":"<!-- This site is optimized with the Yoast SEO plugin v27.3 - https:\/\/yoast.com\/product\/yoast-seo-wordpress\/ -->\n<title>B\u1ed9t C\u1ecf Ng\u1ecdt S\u1ea5y L\u1ea1nh Goldzherbs<\/title>\n<meta name=\"description\" content=\"B\u1ed9t C\u1ecf Ng\u1ecdt S\u1ea5y L\u1ea1nh Goldzherbs \u0111\u01b0\u1ee3c l\u00e0m t\u1eeb 100% c\u1ecf ng\u1ecdt t\u01b0\u01a1i. B\u1ed9t c\u1ecf ng\u1ecdt l\u00e0 m\u1ed9t ch\u1ea5t t\u1ea1o ng\u1ecdt t\u1ef1 nhi\u00ean c\u00f3 th\u1ec3 thay th\u1ebf cho \u0111\u01b0\u1eddng h\u00f2a tan.\" \/>\n<meta name=\"robots\" content=\"index, follow, max-snippet:-1, max-image-preview:large, max-video-preview:-1\" \/>\n<link rel=\"canonical\" href=\"https:\/\/goldzherbs.com\/en\/san-pham\/goldzherbs-freeze-dried-stevia-powder\/\" \/>\n<meta property=\"og:locale\" content=\"en_US\" \/>\n<meta property=\"og:type\" content=\"article\" \/>\n<meta property=\"og:title\" content=\"B\u1ed9t C\u1ecf Ng\u1ecdt S\u1ea5y L\u1ea1nh Goldzherbs\" \/>\n<meta property=\"og:description\" content=\"B\u1ed9t C\u1ecf Ng\u1ecdt S\u1ea5y L\u1ea1nh Goldzherbs \u0111\u01b0\u1ee3c l\u00e0m t\u1eeb 100% c\u1ecf ng\u1ecdt t\u01b0\u01a1i. B\u1ed9t c\u1ecf ng\u1ecdt l\u00e0 m\u1ed9t ch\u1ea5t t\u1ea1o ng\u1ecdt t\u1ef1 nhi\u00ean c\u00f3 th\u1ec3 thay th\u1ebf cho \u0111\u01b0\u1eddng h\u00f2a tan.\" \/>\n<meta property=\"og:url\" content=\"https:\/\/goldzherbs.com\/en\/san-pham\/goldzherbs-freeze-dried-stevia-powder\/\" \/>\n<meta property=\"og:site_name\" content=\"GoldzHerbs\" \/>\n<meta property=\"article:modified_time\" content=\"2024-09-26T04:53:46+00:00\" \/>\n<meta property=\"og:image\" content=\"https:\/\/goldzherbs.com\/wp-content\/uploads\/2024\/07\/Bot-co-ngot-2.png\" \/>\n\t<meta property=\"og:image:width\" content=\"1500\" \/>\n\t<meta property=\"og:image:height\" content=\"1500\" \/>\n\t<meta property=\"og:image:type\" content=\"image\/png\" \/>\n<meta name=\"twitter:card\" content=\"summary_large_image\" \/>\n<meta name=\"twitter:label1\" content=\"Est. reading time\" \/>\n\t<meta name=\"twitter:data1\" content=\"2 minutes\" \/>\n<script type=\"application\/ld+json\" class=\"yoast-schema-graph\">{\"@context\":\"https:\\\/\\\/schema.org\",\"@graph\":[{\"@type\":\"WebPage\",\"@id\":\"https:\\\/\\\/goldzherbs.com\\\/en\\\/san-pham\\\/goldzherbs-freeze-dried-stevia-powder\\\/\",\"url\":\"https:\\\/\\\/goldzherbs.com\\\/en\\\/san-pham\\\/goldzherbs-freeze-dried-stevia-powder\\\/\",\"name\":\"B\u1ed9t C\u1ecf Ng\u1ecdt S\u1ea5y L\u1ea1nh Goldzherbs\",\"isPartOf\":{\"@id\":\"https:\\\/\\\/goldzherbs.com\\\/#website\"},\"primaryImageOfPage\":{\"@id\":\"https:\\\/\\\/goldzherbs.com\\\/en\\\/san-pham\\\/goldzherbs-freeze-dried-stevia-powder\\\/#primaryimage\"},\"image\":{\"@id\":\"https:\\\/\\\/goldzherbs.com\\\/en\\\/san-pham\\\/goldzherbs-freeze-dried-stevia-powder\\\/#primaryimage\"},\"thumbnailUrl\":\"https:\\\/\\\/goldzherbs.com\\\/wp-content\\\/uploads\\\/2024\\\/07\\\/Bot-co-ngot-2.png\",\"datePublished\":\"2024-07-26T07:38:24+00:00\",\"dateModified\":\"2024-09-26T04:53:46+00:00\",\"description\":\"B\u1ed9t C\u1ecf Ng\u1ecdt S\u1ea5y L\u1ea1nh Goldzherbs \u0111\u01b0\u1ee3c l\u00e0m t\u1eeb 100% c\u1ecf ng\u1ecdt t\u01b0\u01a1i. B\u1ed9t c\u1ecf ng\u1ecdt l\u00e0 m\u1ed9t ch\u1ea5t t\u1ea1o ng\u1ecdt t\u1ef1 nhi\u00ean c\u00f3 th\u1ec3 thay th\u1ebf cho \u0111\u01b0\u1eddng h\u00f2a tan.\",\"breadcrumb\":{\"@id\":\"https:\\\/\\\/goldzherbs.com\\\/en\\\/san-pham\\\/goldzherbs-freeze-dried-stevia-powder\\\/#breadcrumb\"},\"inLanguage\":\"en-US\",\"potentialAction\":[{\"@type\":\"ReadAction\",\"target\":[\"https:\\\/\\\/goldzherbs.com\\\/en\\\/san-pham\\\/goldzherbs-freeze-dried-stevia-powder\\\/\"]}]},{\"@type\":\"ImageObject\",\"inLanguage\":\"en-US\",\"@id\":\"https:\\\/\\\/goldzherbs.com\\\/en\\\/san-pham\\\/goldzherbs-freeze-dried-stevia-powder\\\/#primaryimage\",\"url\":\"https:\\\/\\\/goldzherbs.com\\\/wp-content\\\/uploads\\\/2024\\\/07\\\/Bot-co-ngot-2.png\",\"contentUrl\":\"https:\\\/\\\/goldzherbs.com\\\/wp-content\\\/uploads\\\/2024\\\/07\\\/Bot-co-ngot-2.png\",\"width\":1500,\"height\":1500},{\"@type\":\"BreadcrumbList\",\"@id\":\"https:\\\/\\\/goldzherbs.com\\\/en\\\/san-pham\\\/goldzherbs-freeze-dried-stevia-powder\\\/#breadcrumb\",\"itemListElement\":[{\"@type\":\"ListItem\",\"position\":1,\"name\":\"Shop\",\"item\":\"https:\\\/\\\/goldzherbs.com\\\/shop\\\/\"},{\"@type\":\"ListItem\",\"position\":2,\"name\":\"Goldzherbs Freeze Dried Stevia Powder\"}]},{\"@type\":\"WebSite\",\"@id\":\"https:\\\/\\\/goldzherbs.com\\\/#website\",\"url\":\"https:\\\/\\\/goldzherbs.com\\\/\",\"name\":\"GoldzHerbs\",\"description\":\"Th\u1ef1c Ph\u1ea9m V\u00ec S\u1ee9c Kh\u1ecfe\",\"publisher\":{\"@id\":\"https:\\\/\\\/goldzherbs.com\\\/#organization\"},\"potentialAction\":[{\"@type\":\"SearchAction\",\"target\":{\"@type\":\"EntryPoint\",\"urlTemplate\":\"https:\\\/\\\/goldzherbs.com\\\/?s={search_term_string}\"},\"query-input\":{\"@type\":\"PropertyValueSpecification\",\"valueRequired\":true,\"valueName\":\"search_term_string\"}}],\"inLanguage\":\"en-US\"},{\"@type\":\"Organization\",\"@id\":\"https:\\\/\\\/goldzherbs.com\\\/#organization\",\"name\":\"GoldzHerbs\",\"url\":\"https:\\\/\\\/goldzherbs.com\\\/\",\"logo\":{\"@type\":\"ImageObject\",\"inLanguage\":\"en-US\",\"@id\":\"https:\\\/\\\/goldzherbs.com\\\/#\\\/schema\\\/logo\\\/image\\\/\",\"url\":\"https:\\\/\\\/goldzherbs.com\\\/wp-content\\\/uploads\\\/2023\\\/01\\\/pixel.png\",\"contentUrl\":\"https:\\\/\\\/goldzherbs.com\\\/wp-content\\\/uploads\\\/2023\\\/01\\\/pixel.png\",\"width\":515,\"height\":514,\"caption\":\"GoldzHerbs\"},\"image\":{\"@id\":\"https:\\\/\\\/goldzherbs.com\\\/#\\\/schema\\\/logo\\\/image\\\/\"}}]}<\/script>\n<!-- \/ Yoast SEO plugin. -->","yoast_head_json":{"title":"B\u1ed9t C\u1ecf Ng\u1ecdt S\u1ea5y L\u1ea1nh Goldzherbs","description":"B\u1ed9t C\u1ecf Ng\u1ecdt S\u1ea5y L\u1ea1nh Goldzherbs \u0111\u01b0\u1ee3c l\u00e0m t\u1eeb 100% c\u1ecf ng\u1ecdt t\u01b0\u01a1i. B\u1ed9t c\u1ecf ng\u1ecdt l\u00e0 m\u1ed9t ch\u1ea5t t\u1ea1o ng\u1ecdt t\u1ef1 nhi\u00ean c\u00f3 th\u1ec3 thay th\u1ebf cho \u0111\u01b0\u1eddng h\u00f2a tan.","robots":{"index":"index","follow":"follow","max-snippet":"max-snippet:-1","max-image-preview":"max-image-preview:large","max-video-preview":"max-video-preview:-1"},"canonical":"https:\/\/goldzherbs.com\/en\/san-pham\/goldzherbs-freeze-dried-stevia-powder\/","og_locale":"en_US","og_type":"article","og_title":"B\u1ed9t C\u1ecf Ng\u1ecdt S\u1ea5y L\u1ea1nh Goldzherbs","og_description":"B\u1ed9t C\u1ecf Ng\u1ecdt S\u1ea5y L\u1ea1nh Goldzherbs \u0111\u01b0\u1ee3c l\u00e0m t\u1eeb 100% c\u1ecf ng\u1ecdt t\u01b0\u01a1i. B\u1ed9t c\u1ecf ng\u1ecdt l\u00e0 m\u1ed9t ch\u1ea5t t\u1ea1o ng\u1ecdt t\u1ef1 nhi\u00ean c\u00f3 th\u1ec3 thay th\u1ebf cho \u0111\u01b0\u1eddng h\u00f2a tan.","og_url":"https:\/\/goldzherbs.com\/en\/san-pham\/goldzherbs-freeze-dried-stevia-powder\/","og_site_name":"GoldzHerbs","article_modified_time":"2024-09-26T04:53:46+00:00","og_image":[{"width":1500,"height":1500,"url":"https:\/\/goldzherbs.com\/wp-content\/uploads\/2024\/07\/Bot-co-ngot-2.png","type":"image\/png"}],"twitter_card":"summary_large_image","twitter_misc":{"Est. reading time":"2 minutes"},"schema":{"@context":"https:\/\/schema.org","@graph":[{"@type":"WebPage","@id":"https:\/\/goldzherbs.com\/en\/san-pham\/goldzherbs-freeze-dried-stevia-powder\/","url":"https:\/\/goldzherbs.com\/en\/san-pham\/goldzherbs-freeze-dried-stevia-powder\/","name":"B\u1ed9t C\u1ecf Ng\u1ecdt S\u1ea5y L\u1ea1nh Goldzherbs","isPartOf":{"@id":"https:\/\/goldzherbs.com\/#website"},"primaryImageOfPage":{"@id":"https:\/\/goldzherbs.com\/en\/san-pham\/goldzherbs-freeze-dried-stevia-powder\/#primaryimage"},"image":{"@id":"https:\/\/goldzherbs.com\/en\/san-pham\/goldzherbs-freeze-dried-stevia-powder\/#primaryimage"},"thumbnailUrl":"https:\/\/goldzherbs.com\/wp-content\/uploads\/2024\/07\/Bot-co-ngot-2.png","datePublished":"2024-07-26T07:38:24+00:00","dateModified":"2024-09-26T04:53:46+00:00","description":"B\u1ed9t C\u1ecf Ng\u1ecdt S\u1ea5y L\u1ea1nh Goldzherbs \u0111\u01b0\u1ee3c l\u00e0m t\u1eeb 100% c\u1ecf ng\u1ecdt t\u01b0\u01a1i. B\u1ed9t c\u1ecf ng\u1ecdt l\u00e0 m\u1ed9t ch\u1ea5t t\u1ea1o ng\u1ecdt t\u1ef1 nhi\u00ean c\u00f3 th\u1ec3 thay th\u1ebf cho \u0111\u01b0\u1eddng h\u00f2a tan.","breadcrumb":{"@id":"https:\/\/goldzherbs.com\/en\/san-pham\/goldzherbs-freeze-dried-stevia-powder\/#breadcrumb"},"inLanguage":"en-US","potentialAction":[{"@type":"ReadAction","target":["https:\/\/goldzherbs.com\/en\/san-pham\/goldzherbs-freeze-dried-stevia-powder\/"]}]},{"@type":"ImageObject","inLanguage":"en-US","@id":"https:\/\/goldzherbs.com\/en\/san-pham\/goldzherbs-freeze-dried-stevia-powder\/#primaryimage","url":"https:\/\/goldzherbs.com\/wp-content\/uploads\/2024\/07\/Bot-co-ngot-2.png","contentUrl":"https:\/\/goldzherbs.com\/wp-content\/uploads\/2024\/07\/Bot-co-ngot-2.png","width":1500,"height":1500},{"@type":"BreadcrumbList","@id":"https:\/\/goldzherbs.com\/en\/san-pham\/goldzherbs-freeze-dried-stevia-powder\/#breadcrumb","itemListElement":[{"@type":"ListItem","position":1,"name":"Shop","item":"https:\/\/goldzherbs.com\/shop\/"},{"@type":"ListItem","position":2,"name":"Goldzherbs Freeze Dried Stevia Powder"}]},{"@type":"WebSite","@id":"https:\/\/goldzherbs.com\/#website","url":"https:\/\/goldzherbs.com\/","name":"GoldzHerbs","description":"Th\u1ef1c Ph\u1ea9m V\u00ec S\u1ee9c Kh\u1ecfe","publisher":{"@id":"https:\/\/goldzherbs.com\/#organization"},"potentialAction":[{"@type":"SearchAction","target":{"@type":"EntryPoint","urlTemplate":"https:\/\/goldzherbs.com\/?s={search_term_string}"},"query-input":{"@type":"PropertyValueSpecification","valueRequired":true,"valueName":"search_term_string"}}],"inLanguage":"en-US"},{"@type":"Organization","@id":"https:\/\/goldzherbs.com\/#organization","name":"GoldzHerbs","url":"https:\/\/goldzherbs.com\/","logo":{"@type":"ImageObject","inLanguage":"en-US","@id":"https:\/\/goldzherbs.com\/#\/schema\/logo\/image\/","url":"https:\/\/goldzherbs.com\/wp-content\/uploads\/2023\/01\/pixel.png","contentUrl":"https:\/\/goldzherbs.com\/wp-content\/uploads\/2023\/01\/pixel.png","width":515,"height":514,"caption":"GoldzHerbs"},"image":{"@id":"https:\/\/goldzherbs.com\/#\/schema\/logo\/image\/"}}]}},"_links":{"self":[{"href":"https:\/\/goldzherbs.com\/en\/wp-json\/wp\/v2\/product\/5469","targetHints":{"allow":["GET"]}}],"collection":[{"href":"https:\/\/goldzherbs.com\/en\/wp-json\/wp\/v2\/product"}],"about":[{"href":"https:\/\/goldzherbs.com\/en\/wp-json\/wp\/v2\/types\/product"}],"wp:featuredmedia":[{"embeddable":true,"href":"https:\/\/goldzherbs.com\/en\/wp-json\/wp\/v2\/media\/11854"}],"wp:attachment":[{"href":"https:\/\/goldzherbs.com\/en\/wp-json\/wp\/v2\/media?parent=5469"}],"wp:term":[{"taxonomy":"product_brand","embeddable":true,"href":"https:\/\/goldzherbs.com\/en\/wp-json\/wp\/v2\/product_brand?post=5469"},{"taxonomy":"product_cat","embeddable":true,"href":"https:\/\/goldzherbs.com\/en\/wp-json\/wp\/v2\/product_cat?post=5469"},{"taxonomy":"product_tag","embeddable":true,"href":"https:\/\/goldzherbs.com\/en\/wp-json\/wp\/v2\/product_tag?post=5469"}],"curies":[{"name":"wp","href":"https:\/\/api.w.org\/{rel}","templated":true}]}}