{"id":5477,"date":"2024-06-16T19:22:06","date_gmt":"2024-06-16T12:22:06","guid":{"rendered":"https:\/\/goldzherbs.com\/san-pham\/goldzherbs-cordyceps-tea\/"},"modified":"2024-06-16T19:22:06","modified_gmt":"2024-06-16T12:22:06","slug":"goldzherbs-cordyceps-tea","status":"publish","type":"product","link":"https:\/\/goldzherbs.com\/en\/san-pham\/goldzherbs-cordyceps-tea\/","title":{"rendered":"Goldzherbs Cordyceps Tea"},"content":{"rendered":"<h1 style=\"text-align: center;\"><span style=\"color: #282828;\"><strong>Goldzherbs Cordyceps Tea<\/strong><\/span><\/h1>\n<h2 style=\"text-align: center;\"><span style=\"color: #282828;\"><b>\u2013 Organic Premium Tan Cuong Green Teareishi Mushroom Tea &#8211;<\/b><\/span><\/h2>\n<p style=\"text-align: justify;\"><span style=\"color: #282828;\"><strong>Goldzherbs Cordyceps Tea<\/strong> is made from 100% Cordyceps, preserving the aroma, color, and delicious taste characteristic of each premium tea line.<\/span><\/p>\n<h4 style=\"text-align: left;\"><span style=\"color: #282828;\">Benefits: 1 cup of Cordyceps Tea daily helps<\/span><\/h4>\n<h4 style=\"text-align: left;\"><span style=\"color: #282828;\"><b>Health Care<\/b><\/span><\/h4>\n<ul style=\"text-align: left;\">\n<li><span style=\"font-weight: 400; color: #282828;\">Promote urination, reduce blood pressure.<\/span><\/li>\n<li><span style=\"font-weight: 400; color: #282828;\">Effective weight loss, firmer and slimmer body shape.<\/span><\/li>\n<li><span style=\"font-weight: 400; color: #282828;\">Rich in antioxidants, preventing cardiovascular diseases.<\/span><\/li>\n<li><span style=\"font-weight: 400; color: #282828;\">Enhance immunity, reduce stress and fatigue.<\/span><\/li>\n<\/ul>\n<p style=\"text-align: left;\">\n<p><span style=\"color: #282828;\"><img loading=\"lazy\" decoding=\"async\" class=\"aligncenter size-full wp-image-4721\" src=\"https:\/\/goldzherbs.com\/wp-content\/uploads\/2024\/06\/tra-dong-trung-ha-thao-1.jpg\" alt=\"tra-dong-trung-ha-thao (1)\" width=\"900\" height=\"600\" \/><\/span><\/p>\n<p>&nbsp;<\/p>\n<h2 style=\"text-align: left;\"><span style=\"color: #282828;\"><strong>Instructions for Using Goldzherbs Cordyceps Tea:<\/strong><\/span><\/h2>\n<ul style=\"text-align: justify;\">\n<li style=\"font-weight: 400;\" aria-level=\"1\">\n<p data-sourcepos=\"3:1-3:72\"><span style=\"color: #282828;\"><strong>Hot:<\/strong> Steep 3 tea bags in 1 liter of boiling water for 20 minutes, or simmer on the stove for 10 minutes. Let it cool and enjoy.<\/span><\/p>\n<\/li>\n<li style=\"font-weight: 400;\" aria-level=\"1\">\n<p data-sourcepos=\"3:1-3:72\"><span style=\"color: #282828;\"><strong>Cold:<\/strong> Take the brewed tea, add ice or refrigerate.<\/span><\/p>\n<\/li>\n<li style=\"font-weight: 400;\" aria-level=\"1\">\n<p data-sourcepos=\"3:1-3:72\"><span style=\"color: #282828;\"><strong>For Cordyceps Tea, the ideal time to drink is in the early morning or early afternoon.<\/strong> Drinking tea at these times will maximize its many health benefits<\/span><\/p>\n<\/li>\n<\/ul>\n<p style=\"text-align: left;\">\n<p><span style=\"color: #282828;\"><img loading=\"lazy\" decoding=\"async\" class=\"aligncenter size-full wp-image-4719\" src=\"https:\/\/goldzherbs.com\/wp-content\/uploads\/2024\/06\/tra-dong-trung-ha-thao-2.jpg\" alt=\"tra-dong-trung-ha-thao (1)\" width=\"900\" height=\"600\" \/><\/span><\/p>\n<p>&nbsp;<\/p>\n<h2><span style=\"color: #282828;\"><b>Certifications For Goldzherbs Cordyceps Tea<\/b><\/span><\/h2>\n<h4><span style=\"color: #282828;\"><b>Manufactured in accordance with ISO 22000:2018 certification: GOODVN38922.FSMS<\/b><\/span><\/h4>\n<p><span style=\"color: #282828;\"><img loading=\"lazy\" decoding=\"async\" class=\"wp-image-1346 size-large aligncenter\" src=\"https:\/\/goldzherbs.com\/wp-content\/uploads\/2023\/06\/ISO1-1-724x1024.png\" alt=\"\" width=\"724\" height=\"1024\" \/><\/span><\/p>\n<h4><span style=\"color: #282828;\"><em><b>Product meets food safety requirements according to:<\/b><\/em><\/span><\/h4>\n<ul>\n<li style=\"font-weight: 400;\" aria-level=\"1\"><span style=\"font-weight: 400; color: #282828;\">QCVN 8-2:2011\/BYT (National technical regulation on limits of heavy metal contamination in food).<\/span><\/li>\n<li style=\"font-weight: 400;\" aria-level=\"1\"><span style=\"font-weight: 400; color: #282828;\">QCVN 8-1:2011\/BYT (National technical regulation on limits of mycotoxin contamination in food).<\/span><\/li>\n<li style=\"font-weight: 400;\" aria-level=\"1\"><span style=\"font-weight: 400; color: #282828;\">Decision 46\/2007\/Q\u0110-BYT (Regulation on maximum limits of biological and chemical contamination in food).<\/span><\/li>\n<\/ul>\n<p class=\"first-token\" data-sourcepos=\"1:1-1:35\"><span style=\"color: #282828;\"><strong>Packaging:<\/strong> Jar-144g, Paper Bag-500g<\/span><\/p>\n<p data-sourcepos=\"3:1-3:50\"><span style=\"color: #282828;\"><b>Shelf life:<\/b><span style=\"font-weight: 400;\"> 2 years from the date of manufacture.<\/span><\/span><\/p>\n<p data-sourcepos=\"5:1-5:19\"><span style=\"color: #282828;\"><strong>Storage:<\/strong> Store in a cool, dry place.<\/span><\/p>\n<p><span style=\"color: #282828;\"><b>Customer Reviews:<\/b><span style=\"font-weight: 400;\"> (Updating)<\/span><\/span><\/p>\n<h2><span style=\"color: #282828;\"><b>KING SPIDER TRADING SERVICE JOINT STOCK COMPANY<\/b><\/span><\/h2>\n<h4><span style=\"color: #282828;\"><b>Office Address: <\/b><span style=\"font-weight: 400;\">No. 3, Street No. 5, Linh Tay Ward, Thu Duc City, Ho Chi Minh City<\/span><\/span><\/h4>\n<ul>\n<li style=\"font-weight: 400;\" aria-level=\"1\"><span style=\"color: #282828;\"><b>Website: <\/b><a style=\"color: #282828;\" href=\"https:\/\/goldzherbs.com\/\">https:\/\/goldzherbs.com\/<\/a><\/span><\/li>\n<li style=\"font-weight: 400;\" aria-level=\"1\"><span style=\"color: #282828;\"><b>Hotline:<\/b><span style=\"font-weight: 400;\"> 0902.329.106<\/span><\/span><\/li>\n<li style=\"font-weight: 400;\" aria-level=\"1\"><span style=\"color: #282828;\"><b>Email:<\/b><span style=\"font-weight: 400;\"> GoldzHerbs@gmail.com<\/span><\/span><\/li>\n<\/ul>\n<h4><span style=\"color: #282828;\"><b>Connect with us:<\/b><\/span><\/h4>\n<ul>\n<li style=\"font-weight: 400;\" aria-level=\"1\"><span style=\"color: #282828;\"><a style=\"color: #282828;\" href=\"https:\/\/www.facebook.com\/goldzherbs.official\"><span style=\"font-weight: 400;\">www.facebook.com\/goldzherbs.official<\/span><\/a><\/span><\/li>\n<li style=\"font-weight: 400;\" aria-level=\"1\"><span style=\"color: #282828;\"><a style=\"color: #282828;\" href=\"https:\/\/www.instagram.com\/goldzherbs.official\"><span style=\"font-weight: 400;\">www.instagram.com\/goldzherbs.official<\/span><\/a><\/span><\/li>\n<li style=\"font-weight: 400;\" aria-level=\"1\"><span style=\"color: #282828;\"><a style=\"color: #282828;\" href=\"https:\/\/www.tiktok.com\/@goldzherbs.official\"><span style=\"font-weight: 400;\">www.tiktok.com\/@goldzherbs.official<\/span><\/a><\/span><\/li>\n<\/ul>\n<h4><span style=\"color: #282828;\"><b>Official E-commerce Platforms:<\/b><\/span><\/h4>\n<ul>\n<li style=\"font-weight: 400;\" aria-level=\"1\"><span style=\"color: #282828;\"><a style=\"color: #282828;\" href=\"https:\/\/www.lazada.vn\/shop\/goldzherbs\/\">https:\/\/www.lazada.vn\/shop\/goldzherbs\/<\/a><\/span><\/li>\n<li style=\"font-weight: 400;\" aria-level=\"1\"><span style=\"color: #282828;\"><a style=\"color: #282828;\" href=\"https:\/\/shopee.vn\/goldzherbs\">https:\/\/shopee.vn\/goldzherbs<\/a><\/span><\/li>\n<li style=\"font-weight: 400;\" aria-level=\"1\"><span style=\"font-weight: 400; color: #282828;\">Tiktok Shop:\u00a0<\/span><\/li>\n<\/ul>\n","protected":false},"excerpt":{"rendered":"<p><span style=\"color: #282828;\"><strong>Goldzherbs Cordyceps Tea<\/strong> is made from 100% Cordyceps, preserving the aroma, color, and delicious taste characteristic of each premium tea line.<\/span><\/p>\n","protected":false},"featured_media":5095,"template":"","meta":[],"product_brand":[],"product_cat":[455],"product_tag":[],"class_list":{"0":"post-5477","1":"product","2":"type-product","3":"status-publish","4":"has-post-thumbnail","6":"product_cat-herbal-flower-tea","8":"first","9":"instock","10":"taxable","11":"shipping-taxable","12":"purchasable","13":"product-type-variable"},"acf":[],"yoast_head":"<!-- This site is optimized with the Yoast SEO plugin v27.4 - https:\/\/yoast.com\/product\/yoast-seo-wordpress\/ -->\n<title>Tr\u00e0 \u0110\u00f4ng Tr\u00f9ng H\u1ea1 Th\u1ea3o Goldzherbs<\/title>\n<meta name=\"description\" content=\"Tr\u00e0 \u0110\u00f4ng Tr\u00f9ng H\u1ea1 Th\u1ea3o Goldzherbs \u0111\u01b0\u1ee3c l\u00e0m t\u1eeb 100% tr\u00e0 xanh T\u00e2n C\u01b0\u01a1ng Th\u00e1i Nguy\u00ean gi\u1eef tr\u1ecdn \u0111\u01b0\u1ee3c h\u01b0\u01a1ng th\u01a1m, m\u00e0u s\u1eafc c\u00f9ng v\u1ecb ngon \u0111\u1eb7c tr\u01b0ng c\u1ee7a t\u1eebng..\" \/>\n<meta name=\"robots\" content=\"index, follow, max-snippet:-1, max-image-preview:large, max-video-preview:-1\" \/>\n<link rel=\"canonical\" href=\"https:\/\/goldzherbs.com\/en\/san-pham\/goldzherbs-cordyceps-tea\/\" \/>\n<meta property=\"og:locale\" content=\"en_US\" \/>\n<meta property=\"og:type\" content=\"article\" \/>\n<meta property=\"og:title\" content=\"Tr\u00e0 \u0110\u00f4ng Tr\u00f9ng H\u1ea1 Th\u1ea3o Goldzherbs\" \/>\n<meta property=\"og:description\" content=\"Tr\u00e0 \u0110\u00f4ng Tr\u00f9ng H\u1ea1 Th\u1ea3o Goldzherbs \u0111\u01b0\u1ee3c l\u00e0m t\u1eeb 100% tr\u00e0 xanh T\u00e2n C\u01b0\u01a1ng Th\u00e1i Nguy\u00ean gi\u1eef tr\u1ecdn \u0111\u01b0\u1ee3c h\u01b0\u01a1ng th\u01a1m, m\u00e0u s\u1eafc c\u00f9ng v\u1ecb ngon \u0111\u1eb7c tr\u01b0ng c\u1ee7a t\u1eebng..\" \/>\n<meta property=\"og:url\" content=\"https:\/\/goldzherbs.com\/en\/san-pham\/goldzherbs-cordyceps-tea\/\" \/>\n<meta property=\"og:site_name\" content=\"GoldzHerbs\" \/>\n<meta property=\"og:image\" content=\"https:\/\/goldzherbs.com\/wp-content\/uploads\/2024\/06\/tra-dong-trung-ha-thao.png\" \/>\n\t<meta property=\"og:image:width\" content=\"800\" \/>\n\t<meta property=\"og:image:height\" content=\"800\" \/>\n\t<meta property=\"og:image:type\" content=\"image\/png\" \/>\n<meta name=\"twitter:card\" content=\"summary_large_image\" \/>\n<meta name=\"twitter:label1\" content=\"Est. reading time\" \/>\n\t<meta name=\"twitter:data1\" content=\"1 minute\" \/>\n<script type=\"application\/ld+json\" class=\"yoast-schema-graph\">{\"@context\":\"https:\\\/\\\/schema.org\",\"@graph\":[{\"@type\":\"WebPage\",\"@id\":\"https:\\\/\\\/goldzherbs.com\\\/en\\\/san-pham\\\/goldzherbs-cordyceps-tea\\\/\",\"url\":\"https:\\\/\\\/goldzherbs.com\\\/en\\\/san-pham\\\/goldzherbs-cordyceps-tea\\\/\",\"name\":\"Tr\u00e0 \u0110\u00f4ng Tr\u00f9ng H\u1ea1 Th\u1ea3o Goldzherbs\",\"isPartOf\":{\"@id\":\"https:\\\/\\\/goldzherbs.com\\\/#website\"},\"primaryImageOfPage\":{\"@id\":\"https:\\\/\\\/goldzherbs.com\\\/en\\\/san-pham\\\/goldzherbs-cordyceps-tea\\\/#primaryimage\"},\"image\":{\"@id\":\"https:\\\/\\\/goldzherbs.com\\\/en\\\/san-pham\\\/goldzherbs-cordyceps-tea\\\/#primaryimage\"},\"thumbnailUrl\":\"https:\\\/\\\/goldzherbs.com\\\/wp-content\\\/uploads\\\/2024\\\/06\\\/tra-dong-trung-ha-thao.png\",\"datePublished\":\"2024-06-16T12:22:06+00:00\",\"description\":\"Tr\u00e0 \u0110\u00f4ng Tr\u00f9ng H\u1ea1 Th\u1ea3o Goldzherbs \u0111\u01b0\u1ee3c l\u00e0m t\u1eeb 100% tr\u00e0 xanh T\u00e2n C\u01b0\u01a1ng Th\u00e1i Nguy\u00ean gi\u1eef tr\u1ecdn \u0111\u01b0\u1ee3c h\u01b0\u01a1ng th\u01a1m, m\u00e0u s\u1eafc c\u00f9ng v\u1ecb ngon \u0111\u1eb7c tr\u01b0ng c\u1ee7a t\u1eebng..\",\"breadcrumb\":{\"@id\":\"https:\\\/\\\/goldzherbs.com\\\/en\\\/san-pham\\\/goldzherbs-cordyceps-tea\\\/#breadcrumb\"},\"inLanguage\":\"en-US\",\"potentialAction\":[{\"@type\":\"ReadAction\",\"target\":[\"https:\\\/\\\/goldzherbs.com\\\/en\\\/san-pham\\\/goldzherbs-cordyceps-tea\\\/\"]}]},{\"@type\":\"ImageObject\",\"inLanguage\":\"en-US\",\"@id\":\"https:\\\/\\\/goldzherbs.com\\\/en\\\/san-pham\\\/goldzherbs-cordyceps-tea\\\/#primaryimage\",\"url\":\"https:\\\/\\\/goldzherbs.com\\\/wp-content\\\/uploads\\\/2024\\\/06\\\/tra-dong-trung-ha-thao.png\",\"contentUrl\":\"https:\\\/\\\/goldzherbs.com\\\/wp-content\\\/uploads\\\/2024\\\/06\\\/tra-dong-trung-ha-thao.png\",\"width\":800,\"height\":800,\"caption\":\"tra-dong-trung-ha-thao\"},{\"@type\":\"BreadcrumbList\",\"@id\":\"https:\\\/\\\/goldzherbs.com\\\/en\\\/san-pham\\\/goldzherbs-cordyceps-tea\\\/#breadcrumb\",\"itemListElement\":[{\"@type\":\"ListItem\",\"position\":1,\"name\":\"Shop\",\"item\":\"https:\\\/\\\/goldzherbs.com\\\/shop\\\/\"},{\"@type\":\"ListItem\",\"position\":2,\"name\":\"Goldzherbs Cordyceps Tea\"}]},{\"@type\":\"WebSite\",\"@id\":\"https:\\\/\\\/goldzherbs.com\\\/#website\",\"url\":\"https:\\\/\\\/goldzherbs.com\\\/\",\"name\":\"GoldzHerbs\",\"description\":\"Th\u1ef1c Ph\u1ea9m V\u00ec S\u1ee9c Kh\u1ecfe\",\"publisher\":{\"@id\":\"https:\\\/\\\/goldzherbs.com\\\/#organization\"},\"potentialAction\":[{\"@type\":\"SearchAction\",\"target\":{\"@type\":\"EntryPoint\",\"urlTemplate\":\"https:\\\/\\\/goldzherbs.com\\\/?s={search_term_string}\"},\"query-input\":{\"@type\":\"PropertyValueSpecification\",\"valueRequired\":true,\"valueName\":\"search_term_string\"}}],\"inLanguage\":\"en-US\"},{\"@type\":\"Organization\",\"@id\":\"https:\\\/\\\/goldzherbs.com\\\/#organization\",\"name\":\"GoldzHerbs\",\"url\":\"https:\\\/\\\/goldzherbs.com\\\/\",\"logo\":{\"@type\":\"ImageObject\",\"inLanguage\":\"en-US\",\"@id\":\"https:\\\/\\\/goldzherbs.com\\\/#\\\/schema\\\/logo\\\/image\\\/\",\"url\":\"https:\\\/\\\/goldzherbs.com\\\/wp-content\\\/uploads\\\/2023\\\/01\\\/pixel.png\",\"contentUrl\":\"https:\\\/\\\/goldzherbs.com\\\/wp-content\\\/uploads\\\/2023\\\/01\\\/pixel.png\",\"width\":515,\"height\":514,\"caption\":\"GoldzHerbs\"},\"image\":{\"@id\":\"https:\\\/\\\/goldzherbs.com\\\/#\\\/schema\\\/logo\\\/image\\\/\"}}]}<\/script>\n<!-- \/ Yoast SEO plugin. -->","yoast_head_json":{"title":"Tr\u00e0 \u0110\u00f4ng Tr\u00f9ng H\u1ea1 Th\u1ea3o Goldzherbs","description":"Tr\u00e0 \u0110\u00f4ng Tr\u00f9ng H\u1ea1 Th\u1ea3o Goldzherbs \u0111\u01b0\u1ee3c l\u00e0m t\u1eeb 100% tr\u00e0 xanh T\u00e2n C\u01b0\u01a1ng Th\u00e1i Nguy\u00ean gi\u1eef tr\u1ecdn \u0111\u01b0\u1ee3c h\u01b0\u01a1ng th\u01a1m, m\u00e0u s\u1eafc c\u00f9ng v\u1ecb ngon \u0111\u1eb7c tr\u01b0ng c\u1ee7a t\u1eebng..","robots":{"index":"index","follow":"follow","max-snippet":"max-snippet:-1","max-image-preview":"max-image-preview:large","max-video-preview":"max-video-preview:-1"},"canonical":"https:\/\/goldzherbs.com\/en\/san-pham\/goldzherbs-cordyceps-tea\/","og_locale":"en_US","og_type":"article","og_title":"Tr\u00e0 \u0110\u00f4ng Tr\u00f9ng H\u1ea1 Th\u1ea3o Goldzherbs","og_description":"Tr\u00e0 \u0110\u00f4ng Tr\u00f9ng H\u1ea1 Th\u1ea3o Goldzherbs \u0111\u01b0\u1ee3c l\u00e0m t\u1eeb 100% tr\u00e0 xanh T\u00e2n C\u01b0\u01a1ng Th\u00e1i Nguy\u00ean gi\u1eef tr\u1ecdn \u0111\u01b0\u1ee3c h\u01b0\u01a1ng th\u01a1m, m\u00e0u s\u1eafc c\u00f9ng v\u1ecb ngon \u0111\u1eb7c tr\u01b0ng c\u1ee7a t\u1eebng..","og_url":"https:\/\/goldzherbs.com\/en\/san-pham\/goldzherbs-cordyceps-tea\/","og_site_name":"GoldzHerbs","og_image":[{"width":800,"height":800,"url":"https:\/\/goldzherbs.com\/wp-content\/uploads\/2024\/06\/tra-dong-trung-ha-thao.png","type":"image\/png"}],"twitter_card":"summary_large_image","twitter_misc":{"Est. reading time":"1 minute"},"schema":{"@context":"https:\/\/schema.org","@graph":[{"@type":"WebPage","@id":"https:\/\/goldzherbs.com\/en\/san-pham\/goldzherbs-cordyceps-tea\/","url":"https:\/\/goldzherbs.com\/en\/san-pham\/goldzherbs-cordyceps-tea\/","name":"Tr\u00e0 \u0110\u00f4ng Tr\u00f9ng H\u1ea1 Th\u1ea3o Goldzherbs","isPartOf":{"@id":"https:\/\/goldzherbs.com\/#website"},"primaryImageOfPage":{"@id":"https:\/\/goldzherbs.com\/en\/san-pham\/goldzherbs-cordyceps-tea\/#primaryimage"},"image":{"@id":"https:\/\/goldzherbs.com\/en\/san-pham\/goldzherbs-cordyceps-tea\/#primaryimage"},"thumbnailUrl":"https:\/\/goldzherbs.com\/wp-content\/uploads\/2024\/06\/tra-dong-trung-ha-thao.png","datePublished":"2024-06-16T12:22:06+00:00","description":"Tr\u00e0 \u0110\u00f4ng Tr\u00f9ng H\u1ea1 Th\u1ea3o Goldzherbs \u0111\u01b0\u1ee3c l\u00e0m t\u1eeb 100% tr\u00e0 xanh T\u00e2n C\u01b0\u01a1ng Th\u00e1i Nguy\u00ean gi\u1eef tr\u1ecdn \u0111\u01b0\u1ee3c h\u01b0\u01a1ng th\u01a1m, m\u00e0u s\u1eafc c\u00f9ng v\u1ecb ngon \u0111\u1eb7c tr\u01b0ng c\u1ee7a t\u1eebng..","breadcrumb":{"@id":"https:\/\/goldzherbs.com\/en\/san-pham\/goldzherbs-cordyceps-tea\/#breadcrumb"},"inLanguage":"en-US","potentialAction":[{"@type":"ReadAction","target":["https:\/\/goldzherbs.com\/en\/san-pham\/goldzherbs-cordyceps-tea\/"]}]},{"@type":"ImageObject","inLanguage":"en-US","@id":"https:\/\/goldzherbs.com\/en\/san-pham\/goldzherbs-cordyceps-tea\/#primaryimage","url":"https:\/\/goldzherbs.com\/wp-content\/uploads\/2024\/06\/tra-dong-trung-ha-thao.png","contentUrl":"https:\/\/goldzherbs.com\/wp-content\/uploads\/2024\/06\/tra-dong-trung-ha-thao.png","width":800,"height":800,"caption":"tra-dong-trung-ha-thao"},{"@type":"BreadcrumbList","@id":"https:\/\/goldzherbs.com\/en\/san-pham\/goldzherbs-cordyceps-tea\/#breadcrumb","itemListElement":[{"@type":"ListItem","position":1,"name":"Shop","item":"https:\/\/goldzherbs.com\/shop\/"},{"@type":"ListItem","position":2,"name":"Goldzherbs Cordyceps Tea"}]},{"@type":"WebSite","@id":"https:\/\/goldzherbs.com\/#website","url":"https:\/\/goldzherbs.com\/","name":"GoldzHerbs","description":"Th\u1ef1c Ph\u1ea9m V\u00ec S\u1ee9c Kh\u1ecfe","publisher":{"@id":"https:\/\/goldzherbs.com\/#organization"},"potentialAction":[{"@type":"SearchAction","target":{"@type":"EntryPoint","urlTemplate":"https:\/\/goldzherbs.com\/?s={search_term_string}"},"query-input":{"@type":"PropertyValueSpecification","valueRequired":true,"valueName":"search_term_string"}}],"inLanguage":"en-US"},{"@type":"Organization","@id":"https:\/\/goldzherbs.com\/#organization","name":"GoldzHerbs","url":"https:\/\/goldzherbs.com\/","logo":{"@type":"ImageObject","inLanguage":"en-US","@id":"https:\/\/goldzherbs.com\/#\/schema\/logo\/image\/","url":"https:\/\/goldzherbs.com\/wp-content\/uploads\/2023\/01\/pixel.png","contentUrl":"https:\/\/goldzherbs.com\/wp-content\/uploads\/2023\/01\/pixel.png","width":515,"height":514,"caption":"GoldzHerbs"},"image":{"@id":"https:\/\/goldzherbs.com\/#\/schema\/logo\/image\/"}}]}},"_links":{"self":[{"href":"https:\/\/goldzherbs.com\/en\/wp-json\/wp\/v2\/product\/5477","targetHints":{"allow":["GET"]}}],"collection":[{"href":"https:\/\/goldzherbs.com\/en\/wp-json\/wp\/v2\/product"}],"about":[{"href":"https:\/\/goldzherbs.com\/en\/wp-json\/wp\/v2\/types\/product"}],"wp:featuredmedia":[{"embeddable":true,"href":"https:\/\/goldzherbs.com\/en\/wp-json\/wp\/v2\/media\/5095"}],"wp:attachment":[{"href":"https:\/\/goldzherbs.com\/en\/wp-json\/wp\/v2\/media?parent=5477"}],"wp:term":[{"taxonomy":"product_brand","embeddable":true,"href":"https:\/\/goldzherbs.com\/en\/wp-json\/wp\/v2\/product_brand?post=5477"},{"taxonomy":"product_cat","embeddable":true,"href":"https:\/\/goldzherbs.com\/en\/wp-json\/wp\/v2\/product_cat?post=5477"},{"taxonomy":"product_tag","embeddable":true,"href":"https:\/\/goldzherbs.com\/en\/wp-json\/wp\/v2\/product_tag?post=5477"}],"curies":[{"name":"wp","href":"https:\/\/api.w.org\/{rel}","templated":true}]}}