{"id":5484,"date":"2024-07-18T13:23:25","date_gmt":"2024-07-18T06:23:25","guid":{"rendered":"https:\/\/goldzherbs.com\/san-pham\/goldzherbs-jasmine-passionflower-lotus-seed-tea\/"},"modified":"2024-07-18T13:23:25","modified_gmt":"2024-07-18T06:23:25","slug":"goldzherbs-jasmine-passionflower-lotus-seed-tea","status":"publish","type":"product","link":"https:\/\/goldzherbs.com\/en\/san-pham\/goldzherbs-jasmine-passionflower-lotus-seed-tea\/","title":{"rendered":"Goldzherbs Jasmine Passionflower Lotus Seed Tea"},"content":{"rendered":"<h1 style=\"text-align: center;\"><span style=\"color: #282828;\"><strong>Goldzherbs Jasmine Passionflower Lotus Seed Tea<\/strong><\/span><\/h1>\n<h2 style=\"text-align: center;\"><span style=\"color: #282828;\"><b>\u2013 Organic Premium Tan Cuong Green Teareishi Mushroom Tea &#8211;<\/b><\/span><\/h2>\n<p><span style=\"color: #282828;\"><strong>Goldzherbs Jasmine Passionflower Lotus Seed Tea<\/strong> is made from 100% Jasmine tea, preserving the aroma, color, and unique taste of each premium tea line.<\/span><\/p>\n<h4><span style=\"color: #282828;\"><strong>Benefits:<\/strong> 1 cup of J<strong>asmine Passionflower Lotus Seed Tea<\/strong> daily helps:<\/span><\/h4>\n<h4><span style=\"color: #282828;\"><b>Ch\u0103m s\u00f3c S\u1ee9c Kh\u1ecfe<\/b><\/span><\/h4>\n<ul>\n<li data-sourcepos=\"11:1-11:49\"><span style=\"color: #282828;\">Promote diuresis and reduce blood pressure.<\/span><\/li>\n<li data-sourcepos=\"12:1-12:65\"><span style=\"color: #282828;\">Achieve effective weight loss, a firmer and slimmer figure.<\/span><\/li>\n<li data-sourcepos=\"13:1-13:63\"><span style=\"color: #282828;\">Rich in antioxidants, preventing cardiovascular diseases.<\/span><\/li>\n<li data-sourcepos=\"14:1-15:0\"><span style=\"color: #282828;\">Boost immunity, reduce stress and fatigue.<\/span><\/li>\n<\/ul>\n<p>&nbsp;<\/p>\n<p><span style=\"color: #282828;\"><img loading=\"lazy\" decoding=\"async\" class=\"aligncenter size-full wp-image-4723\" src=\"https:\/\/goldzherbs.com\/wp-content\/uploads\/2024\/07\/tra-hoa-lai-tam-sen-2.jpg\" alt=\"tra-hoa-lai-tam-sen (2)\" width=\"900\" height=\"600\" \/><\/span><\/p>\n<p>&nbsp;<\/p>\n<h2><span style=\"color: #282828;\"><strong>Instructions for using Goldzherbs Jasmine Passionflower Lotus Seed Tea:<\/strong><\/span><\/h2>\n<ul>\n<li style=\"font-weight: 400;\" aria-level=\"1\">\n<p data-sourcepos=\"3:1-3:124\"><span style=\"color: #282828;\"><strong>Hot:<\/strong> Steep 3 tea bags in 1 liter of boiling water for 20 minutes, or simmer on the stove for 10 minutes. Let cool and enjoy.<\/span><\/p>\n<\/li>\n<li style=\"font-weight: 400;\" aria-level=\"1\">\n<p data-sourcepos=\"3:1-3:124\"><span style=\"color: #282828;\"><strong>Cold:<\/strong> Take the brewed tea, add ice or refrigerate.<\/span><\/p>\n<\/li>\n<li style=\"font-weight: 400;\" aria-level=\"1\">\n<p data-sourcepos=\"3:1-3:124\"><span style=\"color: #282828;\">With J<strong>asmine Passionflower Lotus Seed Tea<\/strong>, the ideal time to drink it is in the early morning or early afternoon. Drinking tea at these times will maximize its many health benefits.<\/span><\/p>\n<\/li>\n<\/ul>\n<p>&nbsp;<\/p>\n<p><span style=\"color: #282828;\"><img loading=\"lazy\" decoding=\"async\" class=\"aligncenter size-full wp-image-4725\" src=\"https:\/\/goldzherbs.com\/wp-content\/uploads\/2024\/07\/tra-hoa-lai-tam-sen-1.jpg\" alt=\"tra-hoa-lai-tam-sen (2)\" width=\"900\" height=\"600\" \/><\/span><\/p>\n<p>&nbsp;<\/p>\n<h2><span style=\"color: #282828;\"><b>Certifications For Goldzherbs Jasmine Passionflower Lotus Seed Tea<\/b><\/span><\/h2>\n<h4><span style=\"color: #282828;\"><b>Manufactured in accordance with ISO 22000:2018 certification: GOODVN38922.FSMS<\/b><\/span><\/h4>\n<h4><span style=\"color: #282828;\"><img loading=\"lazy\" decoding=\"async\" class=\"wp-image-1346 size-large aligncenter\" src=\"https:\/\/goldzherbs.com\/wp-content\/uploads\/2023\/06\/ISO1-1-724x1024.png\" alt=\"\" width=\"724\" height=\"1024\" \/><\/span><\/h4>\n<h4><span style=\"color: #282828;\"><em><b>Product meets food safety requirements according to:<\/b><\/em><\/span><\/h4>\n<ul>\n<li style=\"font-weight: 400;\" aria-level=\"1\"><span style=\"font-weight: 400; color: #282828;\">QCVN 8-2:2011\/BYT (National technical regulation on limits of heavy metal contamination in food).<\/span><\/li>\n<li style=\"font-weight: 400;\" aria-level=\"1\"><span style=\"font-weight: 400; color: #282828;\">QCVN 8-1:2011\/BYT (National technical regulation on limits of mycotoxin contamination in food).<\/span><\/li>\n<li style=\"font-weight: 400;\" aria-level=\"1\"><span style=\"font-weight: 400; color: #282828;\">Decision 46\/2007\/Q\u0110-BYT (Regulation on maximum limits of biological and chemical contamination in food).<\/span><\/li>\n<\/ul>\n<p><span style=\"color: #282828;\"><b>Packaging:\u00a0<\/b><\/span><\/p>\n<p><span style=\"color: #282828;\"><b>Shelf life:<\/b><span style=\"font-weight: 400;\"> 2 years from the date of manufacture.<\/span><\/span><\/p>\n<p><span style=\"color: #282828;\"><b>Storage:<\/b><span style=\"font-weight: 400;\"> Store in a cool, dry place.<\/span><\/span><\/p>\n<h4><span style=\"color: #282828;\"><b>Customer Reviews:<\/b><span style=\"font-weight: 400;\"> (Updating)<\/span><\/span><\/h4>\n<h2><b>KING SPIDER TRADING SERVICE JOINT STOCK COMPANY<\/b><\/h2>\n<h4><b>Office Address: <\/b><span style=\"font-weight: 400;\">No. 3, Street No. 5, Linh Tay Ward, Thu Duc City, Ho Chi Minh City<\/span><\/h4>\n<ul>\n<li style=\"font-weight: 400;\" aria-level=\"1\"><span style=\"color: #282828;\"><b>Website: <\/b><a style=\"color: #282828;\" href=\"https:\/\/goldzherbs.com\/\">https:\/\/goldzherbs.com\/<\/a><\/span><\/li>\n<li style=\"font-weight: 400;\" aria-level=\"1\"><span style=\"color: #282828;\"><b>Hotline:<\/b><span style=\"font-weight: 400;\"> 0902.329.106<\/span><\/span><\/li>\n<li style=\"font-weight: 400;\" aria-level=\"1\"><span style=\"color: #282828;\"><b>Email:<\/b><span style=\"font-weight: 400;\"> GoldzHerbs@gmail.com<\/span><\/span><\/li>\n<\/ul>\n<h4><b>Connect with us:<\/b><\/h4>\n<ul>\n<li style=\"font-weight: 400;\" aria-level=\"1\"><span style=\"color: #282828;\"><a style=\"color: #282828;\" href=\"https:\/\/www.facebook.com\/goldzherbs.official\"><span style=\"font-weight: 400;\">www.facebook.com\/goldzherbs.official<\/span><\/a><\/span><\/li>\n<li style=\"font-weight: 400;\" aria-level=\"1\"><span style=\"color: #282828;\"><a style=\"color: #282828;\" href=\"https:\/\/www.instagram.com\/goldzherbs.official\"><span style=\"font-weight: 400;\">www.instagram.com\/goldzherbs.official<\/span><\/a><\/span><\/li>\n<li style=\"font-weight: 400;\" aria-level=\"1\"><span style=\"color: #282828;\"><a style=\"color: #282828;\" href=\"https:\/\/www.tiktok.com\/@goldzherbs.official\"><span style=\"font-weight: 400;\">www.tiktok.com\/@goldzherbs.official<\/span><\/a><\/span><\/li>\n<\/ul>\n<h4><b>Official E-commerce Platforms:<\/b><\/h4>\n<ul>\n<li style=\"font-weight: 400;\" aria-level=\"1\"><span style=\"color: #282828;\"><a style=\"color: #282828;\" href=\"https:\/\/www.lazada.vn\/shop\/goldzherbs\/\">https:\/\/www.lazada.vn\/shop\/goldzherbs\/<\/a><\/span><\/li>\n<li style=\"font-weight: 400;\" aria-level=\"1\"><span style=\"color: #282828;\"><a style=\"color: #282828;\" href=\"https:\/\/shopee.vn\/goldzherbs\">https:\/\/shopee.vn\/goldzherbs<\/a><\/span><\/li>\n<li style=\"font-weight: 400;\" aria-level=\"1\"><span style=\"font-weight: 400; color: #282828;\">Tiktok Shop:\u00a0<\/span><\/li>\n<\/ul>\n","protected":false},"excerpt":{"rendered":"<p><span style=\"color: #282828;\"><strong>Goldzherbs Jasmine Passionflower Lotus Seed Tea<\/strong> is made from 100% Jasmine tea, preserving the aroma, color, and unique taste of each premium tea line.<\/span><\/p>\n","protected":false},"featured_media":5097,"template":"","meta":[],"product_brand":[],"product_cat":[455],"product_tag":[],"class_list":{"0":"post-5484","1":"product","2":"type-product","3":"status-publish","4":"has-post-thumbnail","6":"product_cat-herbal-flower-tea","8":"first","9":"instock","10":"taxable","11":"shipping-taxable","12":"purchasable","13":"product-type-variable"},"acf":[],"yoast_head":"<!-- This site is optimized with the Yoast SEO plugin v27.4 - https:\/\/yoast.com\/product\/yoast-seo-wordpress\/ -->\n<title>Tr\u00e0 Hoa L\u00e0i L\u1ea1c Ti\u00ean T\u00e2m Sen Goldzherbs<\/title>\n<meta name=\"description\" content=\"Tr\u00e0 Hoa L\u00e0i L\u1ea1c Ti\u00ean T\u00e2m Sen Goldzherbs \u0111\u01b0\u1ee3c l\u00e0m t\u1eeb 100% tr\u00e0 xanh T\u00e2n C\u01b0\u01a1ng Th\u00e1i Nguy\u00ean gi\u1eef tr\u1ecdn \u0111\u01b0\u1ee3c h\u01b0\u01a1ng th\u01a1m, m\u00e0u s\u1eafc c\u00f9ng v\u1ecb ngon \u0111\u1eb7c tr\u01b0ng c\u1ee7a t\u1eebng..\" \/>\n<meta name=\"robots\" content=\"index, follow, max-snippet:-1, max-image-preview:large, max-video-preview:-1\" \/>\n<link rel=\"canonical\" href=\"https:\/\/goldzherbs.com\/en\/san-pham\/goldzherbs-jasmine-passionflower-lotus-seed-tea\/\" \/>\n<meta property=\"og:locale\" content=\"en_US\" \/>\n<meta property=\"og:type\" content=\"article\" \/>\n<meta property=\"og:title\" content=\"Tr\u00e0 Hoa L\u00e0i L\u1ea1c Ti\u00ean T\u00e2m Sen Goldzherbs\" \/>\n<meta property=\"og:description\" content=\"Tr\u00e0 Hoa L\u00e0i L\u1ea1c Ti\u00ean T\u00e2m Sen Goldzherbs \u0111\u01b0\u1ee3c l\u00e0m t\u1eeb 100% tr\u00e0 xanh T\u00e2n C\u01b0\u01a1ng Th\u00e1i Nguy\u00ean gi\u1eef tr\u1ecdn \u0111\u01b0\u1ee3c h\u01b0\u01a1ng th\u01a1m, m\u00e0u s\u1eafc c\u00f9ng v\u1ecb ngon \u0111\u1eb7c tr\u01b0ng c\u1ee7a t\u1eebng..\" \/>\n<meta property=\"og:url\" content=\"https:\/\/goldzherbs.com\/en\/san-pham\/goldzherbs-jasmine-passionflower-lotus-seed-tea\/\" \/>\n<meta property=\"og:site_name\" content=\"GoldzHerbs\" \/>\n<meta property=\"og:image\" content=\"https:\/\/goldzherbs.com\/wp-content\/uploads\/2024\/07\/tra-hoa-lai-lac-tien-tam-sen.png\" \/>\n\t<meta property=\"og:image:width\" content=\"800\" \/>\n\t<meta property=\"og:image:height\" content=\"800\" \/>\n\t<meta property=\"og:image:type\" content=\"image\/png\" \/>\n<meta name=\"twitter:card\" content=\"summary_large_image\" \/>\n<meta name=\"twitter:label1\" content=\"Est. reading time\" \/>\n\t<meta name=\"twitter:data1\" content=\"2 minutes\" \/>\n<script type=\"application\/ld+json\" class=\"yoast-schema-graph\">{\"@context\":\"https:\\\/\\\/schema.org\",\"@graph\":[{\"@type\":\"WebPage\",\"@id\":\"https:\\\/\\\/goldzherbs.com\\\/en\\\/san-pham\\\/goldzherbs-jasmine-passionflower-lotus-seed-tea\\\/\",\"url\":\"https:\\\/\\\/goldzherbs.com\\\/en\\\/san-pham\\\/goldzherbs-jasmine-passionflower-lotus-seed-tea\\\/\",\"name\":\"Tr\u00e0 Hoa L\u00e0i L\u1ea1c Ti\u00ean T\u00e2m Sen Goldzherbs\",\"isPartOf\":{\"@id\":\"https:\\\/\\\/goldzherbs.com\\\/#website\"},\"primaryImageOfPage\":{\"@id\":\"https:\\\/\\\/goldzherbs.com\\\/en\\\/san-pham\\\/goldzherbs-jasmine-passionflower-lotus-seed-tea\\\/#primaryimage\"},\"image\":{\"@id\":\"https:\\\/\\\/goldzherbs.com\\\/en\\\/san-pham\\\/goldzherbs-jasmine-passionflower-lotus-seed-tea\\\/#primaryimage\"},\"thumbnailUrl\":\"https:\\\/\\\/goldzherbs.com\\\/wp-content\\\/uploads\\\/2024\\\/07\\\/tra-hoa-lai-lac-tien-tam-sen.png\",\"datePublished\":\"2024-07-18T06:23:25+00:00\",\"description\":\"Tr\u00e0 Hoa L\u00e0i L\u1ea1c Ti\u00ean T\u00e2m Sen Goldzherbs \u0111\u01b0\u1ee3c l\u00e0m t\u1eeb 100% tr\u00e0 xanh T\u00e2n C\u01b0\u01a1ng Th\u00e1i Nguy\u00ean gi\u1eef tr\u1ecdn \u0111\u01b0\u1ee3c h\u01b0\u01a1ng th\u01a1m, m\u00e0u s\u1eafc c\u00f9ng v\u1ecb ngon \u0111\u1eb7c tr\u01b0ng c\u1ee7a t\u1eebng..\",\"breadcrumb\":{\"@id\":\"https:\\\/\\\/goldzherbs.com\\\/en\\\/san-pham\\\/goldzherbs-jasmine-passionflower-lotus-seed-tea\\\/#breadcrumb\"},\"inLanguage\":\"en-US\",\"potentialAction\":[{\"@type\":\"ReadAction\",\"target\":[\"https:\\\/\\\/goldzherbs.com\\\/en\\\/san-pham\\\/goldzherbs-jasmine-passionflower-lotus-seed-tea\\\/\"]}]},{\"@type\":\"ImageObject\",\"inLanguage\":\"en-US\",\"@id\":\"https:\\\/\\\/goldzherbs.com\\\/en\\\/san-pham\\\/goldzherbs-jasmine-passionflower-lotus-seed-tea\\\/#primaryimage\",\"url\":\"https:\\\/\\\/goldzherbs.com\\\/wp-content\\\/uploads\\\/2024\\\/07\\\/tra-hoa-lai-lac-tien-tam-sen.png\",\"contentUrl\":\"https:\\\/\\\/goldzherbs.com\\\/wp-content\\\/uploads\\\/2024\\\/07\\\/tra-hoa-lai-lac-tien-tam-sen.png\",\"width\":800,\"height\":800,\"caption\":\"tra-hoa-lai-lac-tien-tam-sen\"},{\"@type\":\"BreadcrumbList\",\"@id\":\"https:\\\/\\\/goldzherbs.com\\\/en\\\/san-pham\\\/goldzherbs-jasmine-passionflower-lotus-seed-tea\\\/#breadcrumb\",\"itemListElement\":[{\"@type\":\"ListItem\",\"position\":1,\"name\":\"Shop\",\"item\":\"https:\\\/\\\/goldzherbs.com\\\/shop\\\/\"},{\"@type\":\"ListItem\",\"position\":2,\"name\":\"Goldzherbs Jasmine Passionflower Lotus Seed Tea\"}]},{\"@type\":\"WebSite\",\"@id\":\"https:\\\/\\\/goldzherbs.com\\\/#website\",\"url\":\"https:\\\/\\\/goldzherbs.com\\\/\",\"name\":\"GoldzHerbs\",\"description\":\"Th\u1ef1c Ph\u1ea9m V\u00ec S\u1ee9c Kh\u1ecfe\",\"publisher\":{\"@id\":\"https:\\\/\\\/goldzherbs.com\\\/#organization\"},\"potentialAction\":[{\"@type\":\"SearchAction\",\"target\":{\"@type\":\"EntryPoint\",\"urlTemplate\":\"https:\\\/\\\/goldzherbs.com\\\/?s={search_term_string}\"},\"query-input\":{\"@type\":\"PropertyValueSpecification\",\"valueRequired\":true,\"valueName\":\"search_term_string\"}}],\"inLanguage\":\"en-US\"},{\"@type\":\"Organization\",\"@id\":\"https:\\\/\\\/goldzherbs.com\\\/#organization\",\"name\":\"GoldzHerbs\",\"url\":\"https:\\\/\\\/goldzherbs.com\\\/\",\"logo\":{\"@type\":\"ImageObject\",\"inLanguage\":\"en-US\",\"@id\":\"https:\\\/\\\/goldzherbs.com\\\/#\\\/schema\\\/logo\\\/image\\\/\",\"url\":\"https:\\\/\\\/goldzherbs.com\\\/wp-content\\\/uploads\\\/2023\\\/01\\\/pixel.png\",\"contentUrl\":\"https:\\\/\\\/goldzherbs.com\\\/wp-content\\\/uploads\\\/2023\\\/01\\\/pixel.png\",\"width\":515,\"height\":514,\"caption\":\"GoldzHerbs\"},\"image\":{\"@id\":\"https:\\\/\\\/goldzherbs.com\\\/#\\\/schema\\\/logo\\\/image\\\/\"}}]}<\/script>\n<!-- \/ Yoast SEO plugin. -->","yoast_head_json":{"title":"Tr\u00e0 Hoa L\u00e0i L\u1ea1c Ti\u00ean T\u00e2m Sen Goldzherbs","description":"Tr\u00e0 Hoa L\u00e0i L\u1ea1c Ti\u00ean T\u00e2m Sen Goldzherbs \u0111\u01b0\u1ee3c l\u00e0m t\u1eeb 100% tr\u00e0 xanh T\u00e2n C\u01b0\u01a1ng Th\u00e1i Nguy\u00ean gi\u1eef tr\u1ecdn \u0111\u01b0\u1ee3c h\u01b0\u01a1ng th\u01a1m, m\u00e0u s\u1eafc c\u00f9ng v\u1ecb ngon \u0111\u1eb7c tr\u01b0ng c\u1ee7a t\u1eebng..","robots":{"index":"index","follow":"follow","max-snippet":"max-snippet:-1","max-image-preview":"max-image-preview:large","max-video-preview":"max-video-preview:-1"},"canonical":"https:\/\/goldzherbs.com\/en\/san-pham\/goldzherbs-jasmine-passionflower-lotus-seed-tea\/","og_locale":"en_US","og_type":"article","og_title":"Tr\u00e0 Hoa L\u00e0i L\u1ea1c Ti\u00ean T\u00e2m Sen Goldzherbs","og_description":"Tr\u00e0 Hoa L\u00e0i L\u1ea1c Ti\u00ean T\u00e2m Sen Goldzherbs \u0111\u01b0\u1ee3c l\u00e0m t\u1eeb 100% tr\u00e0 xanh T\u00e2n C\u01b0\u01a1ng Th\u00e1i Nguy\u00ean gi\u1eef tr\u1ecdn \u0111\u01b0\u1ee3c h\u01b0\u01a1ng th\u01a1m, m\u00e0u s\u1eafc c\u00f9ng v\u1ecb ngon \u0111\u1eb7c tr\u01b0ng c\u1ee7a t\u1eebng..","og_url":"https:\/\/goldzherbs.com\/en\/san-pham\/goldzherbs-jasmine-passionflower-lotus-seed-tea\/","og_site_name":"GoldzHerbs","og_image":[{"width":800,"height":800,"url":"https:\/\/goldzherbs.com\/wp-content\/uploads\/2024\/07\/tra-hoa-lai-lac-tien-tam-sen.png","type":"image\/png"}],"twitter_card":"summary_large_image","twitter_misc":{"Est. reading time":"2 minutes"},"schema":{"@context":"https:\/\/schema.org","@graph":[{"@type":"WebPage","@id":"https:\/\/goldzherbs.com\/en\/san-pham\/goldzherbs-jasmine-passionflower-lotus-seed-tea\/","url":"https:\/\/goldzherbs.com\/en\/san-pham\/goldzherbs-jasmine-passionflower-lotus-seed-tea\/","name":"Tr\u00e0 Hoa L\u00e0i L\u1ea1c Ti\u00ean T\u00e2m Sen Goldzherbs","isPartOf":{"@id":"https:\/\/goldzherbs.com\/#website"},"primaryImageOfPage":{"@id":"https:\/\/goldzherbs.com\/en\/san-pham\/goldzherbs-jasmine-passionflower-lotus-seed-tea\/#primaryimage"},"image":{"@id":"https:\/\/goldzherbs.com\/en\/san-pham\/goldzherbs-jasmine-passionflower-lotus-seed-tea\/#primaryimage"},"thumbnailUrl":"https:\/\/goldzherbs.com\/wp-content\/uploads\/2024\/07\/tra-hoa-lai-lac-tien-tam-sen.png","datePublished":"2024-07-18T06:23:25+00:00","description":"Tr\u00e0 Hoa L\u00e0i L\u1ea1c Ti\u00ean T\u00e2m Sen Goldzherbs \u0111\u01b0\u1ee3c l\u00e0m t\u1eeb 100% tr\u00e0 xanh T\u00e2n C\u01b0\u01a1ng Th\u00e1i Nguy\u00ean gi\u1eef tr\u1ecdn \u0111\u01b0\u1ee3c h\u01b0\u01a1ng th\u01a1m, m\u00e0u s\u1eafc c\u00f9ng v\u1ecb ngon \u0111\u1eb7c tr\u01b0ng c\u1ee7a t\u1eebng..","breadcrumb":{"@id":"https:\/\/goldzherbs.com\/en\/san-pham\/goldzherbs-jasmine-passionflower-lotus-seed-tea\/#breadcrumb"},"inLanguage":"en-US","potentialAction":[{"@type":"ReadAction","target":["https:\/\/goldzherbs.com\/en\/san-pham\/goldzherbs-jasmine-passionflower-lotus-seed-tea\/"]}]},{"@type":"ImageObject","inLanguage":"en-US","@id":"https:\/\/goldzherbs.com\/en\/san-pham\/goldzherbs-jasmine-passionflower-lotus-seed-tea\/#primaryimage","url":"https:\/\/goldzherbs.com\/wp-content\/uploads\/2024\/07\/tra-hoa-lai-lac-tien-tam-sen.png","contentUrl":"https:\/\/goldzherbs.com\/wp-content\/uploads\/2024\/07\/tra-hoa-lai-lac-tien-tam-sen.png","width":800,"height":800,"caption":"tra-hoa-lai-lac-tien-tam-sen"},{"@type":"BreadcrumbList","@id":"https:\/\/goldzherbs.com\/en\/san-pham\/goldzherbs-jasmine-passionflower-lotus-seed-tea\/#breadcrumb","itemListElement":[{"@type":"ListItem","position":1,"name":"Shop","item":"https:\/\/goldzherbs.com\/shop\/"},{"@type":"ListItem","position":2,"name":"Goldzherbs Jasmine Passionflower Lotus Seed Tea"}]},{"@type":"WebSite","@id":"https:\/\/goldzherbs.com\/#website","url":"https:\/\/goldzherbs.com\/","name":"GoldzHerbs","description":"Th\u1ef1c Ph\u1ea9m V\u00ec S\u1ee9c Kh\u1ecfe","publisher":{"@id":"https:\/\/goldzherbs.com\/#organization"},"potentialAction":[{"@type":"SearchAction","target":{"@type":"EntryPoint","urlTemplate":"https:\/\/goldzherbs.com\/?s={search_term_string}"},"query-input":{"@type":"PropertyValueSpecification","valueRequired":true,"valueName":"search_term_string"}}],"inLanguage":"en-US"},{"@type":"Organization","@id":"https:\/\/goldzherbs.com\/#organization","name":"GoldzHerbs","url":"https:\/\/goldzherbs.com\/","logo":{"@type":"ImageObject","inLanguage":"en-US","@id":"https:\/\/goldzherbs.com\/#\/schema\/logo\/image\/","url":"https:\/\/goldzherbs.com\/wp-content\/uploads\/2023\/01\/pixel.png","contentUrl":"https:\/\/goldzherbs.com\/wp-content\/uploads\/2023\/01\/pixel.png","width":515,"height":514,"caption":"GoldzHerbs"},"image":{"@id":"https:\/\/goldzherbs.com\/#\/schema\/logo\/image\/"}}]}},"_links":{"self":[{"href":"https:\/\/goldzherbs.com\/en\/wp-json\/wp\/v2\/product\/5484","targetHints":{"allow":["GET"]}}],"collection":[{"href":"https:\/\/goldzherbs.com\/en\/wp-json\/wp\/v2\/product"}],"about":[{"href":"https:\/\/goldzherbs.com\/en\/wp-json\/wp\/v2\/types\/product"}],"wp:featuredmedia":[{"embeddable":true,"href":"https:\/\/goldzherbs.com\/en\/wp-json\/wp\/v2\/media\/5097"}],"wp:attachment":[{"href":"https:\/\/goldzherbs.com\/en\/wp-json\/wp\/v2\/media?parent=5484"}],"wp:term":[{"taxonomy":"product_brand","embeddable":true,"href":"https:\/\/goldzherbs.com\/en\/wp-json\/wp\/v2\/product_brand?post=5484"},{"taxonomy":"product_cat","embeddable":true,"href":"https:\/\/goldzherbs.com\/en\/wp-json\/wp\/v2\/product_cat?post=5484"},{"taxonomy":"product_tag","embeddable":true,"href":"https:\/\/goldzherbs.com\/en\/wp-json\/wp\/v2\/product_tag?post=5484"}],"curies":[{"name":"wp","href":"https:\/\/api.w.org\/{rel}","templated":true}]}}