{"id":5493,"date":"2024-03-16T12:25:18","date_gmt":"2024-03-16T05:25:18","guid":{"rendered":"https:\/\/goldzherbs.com\/san-pham\/pure-kudzu-root-starch-goldzherbs\/"},"modified":"2025-12-03T09:35:07","modified_gmt":"2025-12-03T02:35:07","slug":"pure-kudzu-root-starch-goldzherbs","status":"publish","type":"product","link":"https:\/\/goldzherbs.com\/en\/san-pham\/pure-kudzu-root-starch-goldzherbs\/","title":{"rendered":"Pure Kudzu Root Starch Goldzherbs"},"content":{"rendered":"<h1 style=\"text-align: center;\"><strong>Pure Kudzu Root Starch Goldzherbs<\/strong><\/h1>\n<p><span style=\"color: #282828;\"><strong>Pure Kudzu Root Starch Goldzherbs<\/strong> is made from 100% fresh kudzu roots, a precious gift from nature, offering a perfect blend of health and beauty care.<\/span><\/p>\n<h4><strong>Benefits:<\/strong> 1 glass of milk made from <strong>Pure Kudzu Root Starch Goldzherbs<\/strong> daily helps<\/h4>\n<h4><span style=\"color: #282828;\"><b>Health Care<\/b><\/span><\/h4>\n<ul>\n<li data-sourcepos=\"11:1-11:31\">Cool down and purify the body, especially effective on hot days.<\/li>\n<li data-sourcepos=\"12:1-12:81\">Support digestion, reduce symptoms such as bloating, indigestion, and diarrhea.<\/li>\n<li data-sourcepos=\"13:1-13:1\">Stabilize blood pressure, enhance resistance and the immune system.<\/li>\n<li data-sourcepos=\"14:1-15:0\">Reduce stress and fatigue, leading to better sleep.<\/li>\n<\/ul>\n<h4><span style=\"color: #282828;\"><b>Beauty Care<\/b><\/span><\/h4>\n<ul>\n<li data-sourcepos=\"18:1-18:70\">Maintain moisture, make skin smooth and supple, and reduce wrinkles.<\/li>\n<li data-sourcepos=\"19:1-19:70\">Cool down and detoxify, thereby reducing the risk of acne formation.<\/li>\n<li data-sourcepos=\"20:1-20:67\">Fade dark spots and freckles, resulting in a more even skin tone.<\/li>\n<li data-sourcepos=\"21:1-21:84\">Create a feeling of fullness for a longer time, supporting effective weight loss.<\/li>\n<\/ul>\n<p>&nbsp;<\/p>\n<p><img loading=\"lazy\" decoding=\"async\" class=\"aligncenter size-full wp-image-4124\" src=\"https:\/\/goldzherbs.com\/wp-content\/uploads\/2024\/03\/tinh-bot-san-day-1-1.jpg\" alt=\"tinh-bot-san-day \" width=\"900\" height=\"600\" \/><\/p>\n<p>&nbsp;<\/p>\n<h2><strong>Instructions for Using Pure Arrowroot Powder Goldzherbs:<\/strong><\/h2>\n<ul>\n<li>\n<p data-sourcepos=\"3:1-3:148\"><span style=\"color: #282828;\"><strong>Making a drink:<\/strong> Mix 2-3 teaspoons of arrowroot powder with 200ml of cold water, stir until dissolved. Then, add hot water, stir well, and enjoy.<\/span><\/p>\n<\/li>\n<li>\n<p data-sourcepos=\"3:1-3:148\"><span style=\"color: #282828;\"><strong>Making a face mask:<\/strong> Mix arrowroot powder with yogurt, honey, or lemon juice to make a nourishing face mask.<\/span><\/p>\n<\/li>\n<li>\n<p data-sourcepos=\"3:1-3:148\"><span style=\"color: #282828;\"><strong>Hair care:<\/strong> Mix arrowroot powder with coconut water or fresh milk for hair conditioning.<\/span><\/p>\n<\/li>\n<\/ul>\n<p>&nbsp;<\/p>\n<p><img loading=\"lazy\" decoding=\"async\" class=\"aligncenter size-full wp-image-4122\" src=\"https:\/\/goldzherbs.com\/wp-content\/uploads\/2024\/03\/tinh-bot-san-day-2-1.jpg\" alt=\"tinh-bot-san-day \" width=\"900\" height=\"600\" \/><\/p>\n<p>&nbsp;<\/p>\n<h2><b>Certifications For Pure Kudzu Root Starch Goldzherbs<\/b><\/h2>\n<h4><b>Manufactured in accordance with ISO 22000:2018 certification: GOODVN38922.FSMS<\/b><\/h4>\n<h4><img loading=\"lazy\" decoding=\"async\" class=\"wp-image-1346 size-large aligncenter\" src=\"https:\/\/goldzherbs.com\/wp-content\/uploads\/2023\/06\/ISO1-1-724x1024.png\" alt=\"\" width=\"724\" height=\"1024\" \/><\/h4>\n<h4><em><b>Product me<span style=\"color: #282828;\">ets food safety requirements according to:<\/span><\/b><\/em><\/h4>\n<ul>\n<li style=\"font-weight: 400;\" aria-level=\"1\"><span style=\"font-weight: 400; color: #282828;\">QCVN 8-2:2011\/BYT (National technical regulation on limits of heavy metal contamination in food).<\/span><\/li>\n<li style=\"font-weight: 400;\" aria-level=\"1\"><span style=\"font-weight: 400; color: #282828;\">QCVN 8-1:2011\/BYT (National technical regulation on limits of mycotoxin contamination in food).<\/span><\/li>\n<li style=\"font-weight: 400;\" aria-level=\"1\"><span style=\"font-weight: 400; color: #282828;\">Decision 46\/2007\/Q\u0110-BYT (Regulation on maximum limits of biological and chemical contamination in food).<\/span><\/li>\n<\/ul>\n<p><span style=\"color: #282828;\"><b>Packaging:\u00a0<\/b><\/span><\/p>\n<p><span style=\"color: #282828;\"><b>Shelf life:<\/b><span style=\"font-weight: 400;\"> 2 years from the date of manufacture.<\/span><\/span><\/p>\n<p><span style=\"color: #282828;\"><b>Storage:<\/b><span style=\"font-weight: 400;\"> Store in a cool, dry place.<\/span><\/span><\/p>\n<h4><span style=\"color: #282828;\"><b>Customer Reviews:<\/b><span style=\"font-weight: 400;\"> (Updating)<\/span><\/span><\/h4>\n<h2><span style=\"color: #282828;\"><b>KING SPIDER TRADING SERVICE JOINT STOCK COMPANY<\/b><\/span><\/h2>\n<h4><span style=\"color: #282828;\"><b>Office Address: <\/b><span style=\"font-weight: 400;\">No. 3, Street No. 5, Linh Tay Ward, Thu Duc City, Ho Chi Minh City<\/span><\/span><\/h4>\n<ul>\n<li style=\"font-weight: 400;\" aria-level=\"1\"><b>Website: <\/b><a href=\"https:\/\/goldzherbs.com\/\">https:\/\/goldzherbs.com\/<\/a><\/li>\n<li style=\"font-weight: 400;\" aria-level=\"1\"><b>Hotline:<\/b><span style=\"font-weight: 400;\"> 0902.329.106<\/span><\/li>\n<li style=\"font-weight: 400;\" aria-level=\"1\"><b>Email:<\/b><span style=\"font-weight: 400;\"> GoldzHerbs@gmail.com<\/span><\/li>\n<\/ul>\n<h4><b>Connect with us:<\/b><\/h4>\n<ul>\n<li style=\"font-weight: 400;\" aria-level=\"1\"><a href=\"https:\/\/www.facebook.com\/goldzherbs.official\"><span style=\"font-weight: 400;\">www.facebook.com\/goldzherbs.official<\/span><\/a><\/li>\n<li style=\"font-weight: 400;\" aria-level=\"1\"><a href=\"https:\/\/www.instagram.com\/goldzherbs.official\"><span style=\"font-weight: 400;\">www.instagram.com\/goldzherbs.official<\/span><\/a><\/li>\n<li style=\"font-weight: 400;\" aria-level=\"1\"><a href=\"https:\/\/www.tiktok.com\/@goldzherbs.official\"><span style=\"font-weight: 400;\">www.tiktok.com\/@goldzherbs.official<\/span><\/a><\/li>\n<\/ul>\n<h4><b>Official E-commerce Platforms:<\/b><\/h4>\n<ul>\n<li style=\"font-weight: 400;\" aria-level=\"1\"><a href=\"https:\/\/www.lazada.vn\/shop\/goldzherbs\/\">https:\/\/www.lazada.vn\/shop\/goldzherbs\/<\/a><\/li>\n<li style=\"font-weight: 400;\" aria-level=\"1\"><a href=\"https:\/\/shopee.vn\/goldzherbs\">https:\/\/shopee.vn\/goldzherbs<\/a><\/li>\n<li style=\"font-weight: 400;\" aria-level=\"1\"><span style=\"font-weight: 400;\">Tiktok Shop:\u00a0<\/span><\/li>\n<\/ul>\n","protected":false},"excerpt":{"rendered":"<p style=\"text-align: justify;\"><span style=\"color: #282828;\"><strong>Pure Kudzu Root Starch Goldzherbs<\/strong> is made from 100% fresh kudzu roots, a precious gift from nature, offering a perfect blend of health and beauty care.<\/span><\/p>\n","protected":false},"featured_media":6803,"template":"","meta":[],"product_brand":[],"product_cat":[430],"product_tag":[606,605,604],"class_list":{"0":"post-5493","1":"product","2":"type-product","3":"status-publish","4":"has-post-thumbnail","6":"product_cat-bot-sua-hat-en","7":"product_tag-tinh-bot-san-day-en","8":"product_tag-tinh-bot-san-day-nguyen-chat-en","9":"product_tag-tinh-bot-san-day-nguyen-chat-goldzherbs-en","11":"first","12":"instock","13":"taxable","14":"shipping-taxable","15":"purchasable","16":"product-type-variable"},"acf":[],"yoast_head":"<!-- This site is optimized with the Yoast SEO plugin v27.3 - https:\/\/yoast.com\/product\/yoast-seo-wordpress\/ -->\n<title>Tinh B\u1ed9t S\u1eafn D\u00e2y Nguy\u00ean Ch\u1ea5t Goldzherbs<\/title>\n<meta name=\"description\" content=\"Tinh B\u1ed9t S\u1eafn D\u00e2y Nguy\u00ean Ch\u1ea5t Goldzherbs \u0111\u01b0\u1ee3c l\u00e0m\u00a0t\u1eeb 100% c\u1ee7 s\u1eafn d\u00e2y t\u01b0\u01a1i, l\u00e0 m\u00f3n qu\u00e0 qu\u00fd gi\u00e1 t\u1eeb thi\u00ean nhi\u00ean, mang \u0111\u1ebfn s\u1ef1 k\u1ebft h\u1ee3p ho\u00e0n h\u1ea3o gi\u1eefa ch\u0103m s\u00f3c..\" \/>\n<meta name=\"robots\" content=\"index, follow, max-snippet:-1, max-image-preview:large, max-video-preview:-1\" \/>\n<link rel=\"canonical\" href=\"https:\/\/goldzherbs.com\/en\/san-pham\/pure-kudzu-root-starch-goldzherbs\/\" \/>\n<meta property=\"og:locale\" content=\"en_US\" \/>\n<meta property=\"og:type\" content=\"article\" \/>\n<meta property=\"og:title\" content=\"Tinh B\u1ed9t S\u1eafn D\u00e2y Nguy\u00ean Ch\u1ea5t Goldzherbs\" \/>\n<meta property=\"og:description\" content=\"Tinh B\u1ed9t S\u1eafn D\u00e2y Nguy\u00ean Ch\u1ea5t Goldzherbs \u0111\u01b0\u1ee3c l\u00e0m\u00a0t\u1eeb 100% c\u1ee7 s\u1eafn d\u00e2y t\u01b0\u01a1i, l\u00e0 m\u00f3n qu\u00e0 qu\u00fd gi\u00e1 t\u1eeb thi\u00ean nhi\u00ean, mang \u0111\u1ebfn s\u1ef1 k\u1ebft h\u1ee3p ho\u00e0n h\u1ea3o gi\u1eefa ch\u0103m s\u00f3c..\" \/>\n<meta property=\"og:url\" content=\"https:\/\/goldzherbs.com\/en\/san-pham\/pure-kudzu-root-starch-goldzherbs\/\" \/>\n<meta property=\"og:site_name\" content=\"GoldzHerbs\" \/>\n<meta property=\"article:modified_time\" content=\"2025-12-03T02:35:07+00:00\" \/>\n<meta property=\"og:image\" content=\"https:\/\/goldzherbs.com\/wp-content\/uploads\/2024\/03\/tinh-bot-san-day-nguyen-chat-1-1.png\" \/>\n\t<meta property=\"og:image:width\" content=\"800\" \/>\n\t<meta property=\"og:image:height\" content=\"800\" \/>\n\t<meta property=\"og:image:type\" content=\"image\/png\" \/>\n<meta name=\"twitter:card\" content=\"summary_large_image\" \/>\n<meta name=\"twitter:label1\" content=\"Est. reading time\" \/>\n\t<meta name=\"twitter:data1\" content=\"2 minutes\" \/>\n<script type=\"application\/ld+json\" class=\"yoast-schema-graph\">{\"@context\":\"https:\\\/\\\/schema.org\",\"@graph\":[{\"@type\":\"WebPage\",\"@id\":\"https:\\\/\\\/goldzherbs.com\\\/en\\\/san-pham\\\/pure-kudzu-root-starch-goldzherbs\\\/\",\"url\":\"https:\\\/\\\/goldzherbs.com\\\/en\\\/san-pham\\\/pure-kudzu-root-starch-goldzherbs\\\/\",\"name\":\"Tinh B\u1ed9t S\u1eafn D\u00e2y Nguy\u00ean Ch\u1ea5t Goldzherbs\",\"isPartOf\":{\"@id\":\"https:\\\/\\\/goldzherbs.com\\\/#website\"},\"primaryImageOfPage\":{\"@id\":\"https:\\\/\\\/goldzherbs.com\\\/en\\\/san-pham\\\/pure-kudzu-root-starch-goldzherbs\\\/#primaryimage\"},\"image\":{\"@id\":\"https:\\\/\\\/goldzherbs.com\\\/en\\\/san-pham\\\/pure-kudzu-root-starch-goldzherbs\\\/#primaryimage\"},\"thumbnailUrl\":\"https:\\\/\\\/goldzherbs.com\\\/wp-content\\\/uploads\\\/2024\\\/03\\\/tinh-bot-san-day-nguyen-chat-1-1.png\",\"datePublished\":\"2024-03-16T05:25:18+00:00\",\"dateModified\":\"2025-12-03T02:35:07+00:00\",\"description\":\"Tinh B\u1ed9t S\u1eafn D\u00e2y Nguy\u00ean Ch\u1ea5t Goldzherbs \u0111\u01b0\u1ee3c l\u00e0m\u00a0t\u1eeb 100% c\u1ee7 s\u1eafn d\u00e2y t\u01b0\u01a1i, l\u00e0 m\u00f3n qu\u00e0 qu\u00fd gi\u00e1 t\u1eeb thi\u00ean nhi\u00ean, mang \u0111\u1ebfn s\u1ef1 k\u1ebft h\u1ee3p ho\u00e0n h\u1ea3o gi\u1eefa ch\u0103m s\u00f3c..\",\"breadcrumb\":{\"@id\":\"https:\\\/\\\/goldzherbs.com\\\/en\\\/san-pham\\\/pure-kudzu-root-starch-goldzherbs\\\/#breadcrumb\"},\"inLanguage\":\"en-US\",\"potentialAction\":[{\"@type\":\"ReadAction\",\"target\":[\"https:\\\/\\\/goldzherbs.com\\\/en\\\/san-pham\\\/pure-kudzu-root-starch-goldzherbs\\\/\"]}]},{\"@type\":\"ImageObject\",\"inLanguage\":\"en-US\",\"@id\":\"https:\\\/\\\/goldzherbs.com\\\/en\\\/san-pham\\\/pure-kudzu-root-starch-goldzherbs\\\/#primaryimage\",\"url\":\"https:\\\/\\\/goldzherbs.com\\\/wp-content\\\/uploads\\\/2024\\\/03\\\/tinh-bot-san-day-nguyen-chat-1-1.png\",\"contentUrl\":\"https:\\\/\\\/goldzherbs.com\\\/wp-content\\\/uploads\\\/2024\\\/03\\\/tinh-bot-san-day-nguyen-chat-1-1.png\",\"width\":800,\"height\":800,\"caption\":\"Tinh b\u1ed9t s\u1eafn d\u00e2y nguy\u00ean ch\u1ea5t - 1\"},{\"@type\":\"BreadcrumbList\",\"@id\":\"https:\\\/\\\/goldzherbs.com\\\/en\\\/san-pham\\\/pure-kudzu-root-starch-goldzherbs\\\/#breadcrumb\",\"itemListElement\":[{\"@type\":\"ListItem\",\"position\":1,\"name\":\"Shop\",\"item\":\"https:\\\/\\\/goldzherbs.com\\\/shop\\\/\"},{\"@type\":\"ListItem\",\"position\":2,\"name\":\"Pure Kudzu Root Starch Goldzherbs\"}]},{\"@type\":\"WebSite\",\"@id\":\"https:\\\/\\\/goldzherbs.com\\\/#website\",\"url\":\"https:\\\/\\\/goldzherbs.com\\\/\",\"name\":\"GoldzHerbs\",\"description\":\"Th\u1ef1c Ph\u1ea9m V\u00ec S\u1ee9c Kh\u1ecfe\",\"publisher\":{\"@id\":\"https:\\\/\\\/goldzherbs.com\\\/#organization\"},\"potentialAction\":[{\"@type\":\"SearchAction\",\"target\":{\"@type\":\"EntryPoint\",\"urlTemplate\":\"https:\\\/\\\/goldzherbs.com\\\/?s={search_term_string}\"},\"query-input\":{\"@type\":\"PropertyValueSpecification\",\"valueRequired\":true,\"valueName\":\"search_term_string\"}}],\"inLanguage\":\"en-US\"},{\"@type\":\"Organization\",\"@id\":\"https:\\\/\\\/goldzherbs.com\\\/#organization\",\"name\":\"GoldzHerbs\",\"url\":\"https:\\\/\\\/goldzherbs.com\\\/\",\"logo\":{\"@type\":\"ImageObject\",\"inLanguage\":\"en-US\",\"@id\":\"https:\\\/\\\/goldzherbs.com\\\/#\\\/schema\\\/logo\\\/image\\\/\",\"url\":\"https:\\\/\\\/goldzherbs.com\\\/wp-content\\\/uploads\\\/2023\\\/01\\\/pixel.png\",\"contentUrl\":\"https:\\\/\\\/goldzherbs.com\\\/wp-content\\\/uploads\\\/2023\\\/01\\\/pixel.png\",\"width\":515,\"height\":514,\"caption\":\"GoldzHerbs\"},\"image\":{\"@id\":\"https:\\\/\\\/goldzherbs.com\\\/#\\\/schema\\\/logo\\\/image\\\/\"}}]}<\/script>\n<!-- \/ Yoast SEO plugin. -->","yoast_head_json":{"title":"Tinh B\u1ed9t S\u1eafn D\u00e2y Nguy\u00ean Ch\u1ea5t Goldzherbs","description":"Tinh B\u1ed9t S\u1eafn D\u00e2y Nguy\u00ean Ch\u1ea5t Goldzherbs \u0111\u01b0\u1ee3c l\u00e0m\u00a0t\u1eeb 100% c\u1ee7 s\u1eafn d\u00e2y t\u01b0\u01a1i, l\u00e0 m\u00f3n qu\u00e0 qu\u00fd gi\u00e1 t\u1eeb thi\u00ean nhi\u00ean, mang \u0111\u1ebfn s\u1ef1 k\u1ebft h\u1ee3p ho\u00e0n h\u1ea3o gi\u1eefa ch\u0103m s\u00f3c..","robots":{"index":"index","follow":"follow","max-snippet":"max-snippet:-1","max-image-preview":"max-image-preview:large","max-video-preview":"max-video-preview:-1"},"canonical":"https:\/\/goldzherbs.com\/en\/san-pham\/pure-kudzu-root-starch-goldzherbs\/","og_locale":"en_US","og_type":"article","og_title":"Tinh B\u1ed9t S\u1eafn D\u00e2y Nguy\u00ean Ch\u1ea5t Goldzherbs","og_description":"Tinh B\u1ed9t S\u1eafn D\u00e2y Nguy\u00ean Ch\u1ea5t Goldzherbs \u0111\u01b0\u1ee3c l\u00e0m\u00a0t\u1eeb 100% c\u1ee7 s\u1eafn d\u00e2y t\u01b0\u01a1i, l\u00e0 m\u00f3n qu\u00e0 qu\u00fd gi\u00e1 t\u1eeb thi\u00ean nhi\u00ean, mang \u0111\u1ebfn s\u1ef1 k\u1ebft h\u1ee3p ho\u00e0n h\u1ea3o gi\u1eefa ch\u0103m s\u00f3c..","og_url":"https:\/\/goldzherbs.com\/en\/san-pham\/pure-kudzu-root-starch-goldzherbs\/","og_site_name":"GoldzHerbs","article_modified_time":"2025-12-03T02:35:07+00:00","og_image":[{"width":800,"height":800,"url":"https:\/\/goldzherbs.com\/wp-content\/uploads\/2024\/03\/tinh-bot-san-day-nguyen-chat-1-1.png","type":"image\/png"}],"twitter_card":"summary_large_image","twitter_misc":{"Est. reading time":"2 minutes"},"schema":{"@context":"https:\/\/schema.org","@graph":[{"@type":"WebPage","@id":"https:\/\/goldzherbs.com\/en\/san-pham\/pure-kudzu-root-starch-goldzherbs\/","url":"https:\/\/goldzherbs.com\/en\/san-pham\/pure-kudzu-root-starch-goldzherbs\/","name":"Tinh B\u1ed9t S\u1eafn D\u00e2y Nguy\u00ean Ch\u1ea5t Goldzherbs","isPartOf":{"@id":"https:\/\/goldzherbs.com\/#website"},"primaryImageOfPage":{"@id":"https:\/\/goldzherbs.com\/en\/san-pham\/pure-kudzu-root-starch-goldzherbs\/#primaryimage"},"image":{"@id":"https:\/\/goldzherbs.com\/en\/san-pham\/pure-kudzu-root-starch-goldzherbs\/#primaryimage"},"thumbnailUrl":"https:\/\/goldzherbs.com\/wp-content\/uploads\/2024\/03\/tinh-bot-san-day-nguyen-chat-1-1.png","datePublished":"2024-03-16T05:25:18+00:00","dateModified":"2025-12-03T02:35:07+00:00","description":"Tinh B\u1ed9t S\u1eafn D\u00e2y Nguy\u00ean Ch\u1ea5t Goldzherbs \u0111\u01b0\u1ee3c l\u00e0m\u00a0t\u1eeb 100% c\u1ee7 s\u1eafn d\u00e2y t\u01b0\u01a1i, l\u00e0 m\u00f3n qu\u00e0 qu\u00fd gi\u00e1 t\u1eeb thi\u00ean nhi\u00ean, mang \u0111\u1ebfn s\u1ef1 k\u1ebft h\u1ee3p ho\u00e0n h\u1ea3o gi\u1eefa ch\u0103m s\u00f3c..","breadcrumb":{"@id":"https:\/\/goldzherbs.com\/en\/san-pham\/pure-kudzu-root-starch-goldzherbs\/#breadcrumb"},"inLanguage":"en-US","potentialAction":[{"@type":"ReadAction","target":["https:\/\/goldzherbs.com\/en\/san-pham\/pure-kudzu-root-starch-goldzherbs\/"]}]},{"@type":"ImageObject","inLanguage":"en-US","@id":"https:\/\/goldzherbs.com\/en\/san-pham\/pure-kudzu-root-starch-goldzherbs\/#primaryimage","url":"https:\/\/goldzherbs.com\/wp-content\/uploads\/2024\/03\/tinh-bot-san-day-nguyen-chat-1-1.png","contentUrl":"https:\/\/goldzherbs.com\/wp-content\/uploads\/2024\/03\/tinh-bot-san-day-nguyen-chat-1-1.png","width":800,"height":800,"caption":"Tinh b\u1ed9t s\u1eafn d\u00e2y nguy\u00ean ch\u1ea5t - 1"},{"@type":"BreadcrumbList","@id":"https:\/\/goldzherbs.com\/en\/san-pham\/pure-kudzu-root-starch-goldzherbs\/#breadcrumb","itemListElement":[{"@type":"ListItem","position":1,"name":"Shop","item":"https:\/\/goldzherbs.com\/shop\/"},{"@type":"ListItem","position":2,"name":"Pure Kudzu Root Starch Goldzherbs"}]},{"@type":"WebSite","@id":"https:\/\/goldzherbs.com\/#website","url":"https:\/\/goldzherbs.com\/","name":"GoldzHerbs","description":"Th\u1ef1c Ph\u1ea9m V\u00ec S\u1ee9c Kh\u1ecfe","publisher":{"@id":"https:\/\/goldzherbs.com\/#organization"},"potentialAction":[{"@type":"SearchAction","target":{"@type":"EntryPoint","urlTemplate":"https:\/\/goldzherbs.com\/?s={search_term_string}"},"query-input":{"@type":"PropertyValueSpecification","valueRequired":true,"valueName":"search_term_string"}}],"inLanguage":"en-US"},{"@type":"Organization","@id":"https:\/\/goldzherbs.com\/#organization","name":"GoldzHerbs","url":"https:\/\/goldzherbs.com\/","logo":{"@type":"ImageObject","inLanguage":"en-US","@id":"https:\/\/goldzherbs.com\/#\/schema\/logo\/image\/","url":"https:\/\/goldzherbs.com\/wp-content\/uploads\/2023\/01\/pixel.png","contentUrl":"https:\/\/goldzherbs.com\/wp-content\/uploads\/2023\/01\/pixel.png","width":515,"height":514,"caption":"GoldzHerbs"},"image":{"@id":"https:\/\/goldzherbs.com\/#\/schema\/logo\/image\/"}}]}},"_links":{"self":[{"href":"https:\/\/goldzherbs.com\/en\/wp-json\/wp\/v2\/product\/5493","targetHints":{"allow":["GET"]}}],"collection":[{"href":"https:\/\/goldzherbs.com\/en\/wp-json\/wp\/v2\/product"}],"about":[{"href":"https:\/\/goldzherbs.com\/en\/wp-json\/wp\/v2\/types\/product"}],"wp:featuredmedia":[{"embeddable":true,"href":"https:\/\/goldzherbs.com\/en\/wp-json\/wp\/v2\/media\/6803"}],"wp:attachment":[{"href":"https:\/\/goldzherbs.com\/en\/wp-json\/wp\/v2\/media?parent=5493"}],"wp:term":[{"taxonomy":"product_brand","embeddable":true,"href":"https:\/\/goldzherbs.com\/en\/wp-json\/wp\/v2\/product_brand?post=5493"},{"taxonomy":"product_cat","embeddable":true,"href":"https:\/\/goldzherbs.com\/en\/wp-json\/wp\/v2\/product_cat?post=5493"},{"taxonomy":"product_tag","embeddable":true,"href":"https:\/\/goldzherbs.com\/en\/wp-json\/wp\/v2\/product_tag?post=5493"}],"curies":[{"name":"wp","href":"https:\/\/api.w.org\/{rel}","templated":true}]}}