{"id":5502,"date":"2024-10-03T09:26:39","date_gmt":"2024-10-03T02:26:39","guid":{"rendered":"https:\/\/goldzherbs.com\/san-pham\/goldzherbs-five-flavor-detox-and-beauty-tea\/"},"modified":"2025-01-21T12:19:03","modified_gmt":"2025-01-21T05:19:03","slug":"tra-hoa-ngu-vi-detox-duong-nhan-goldzherbs","status":"publish","type":"product","link":"https:\/\/goldzherbs.com\/en\/san-pham\/tra-hoa-ngu-vi-detox-duong-nhan-goldzherbs\/","title":{"rendered":"Tr\u00e0 Hoa Ng\u0169 V\u1ecb Detox D\u01b0\u1ee1ng Nhan Goldzherbs"},"content":{"rendered":"<h1 style=\"text-align: center;\"><span style=\"color: #282828;\"><b>TR\u00c0 HOA NG\u0168 V\u1eca DETOX GOLDzHERBS<\/b><\/span><\/h1>\n<p style=\"text-align: justify;\"><span style=\"color: #282828;\"><b>Tr\u00e0 Hoa Ng\u0169 V\u1ecb Detox GOLDzHERBS <\/b><span style=\"font-weight: 400;\">l\u00e0 s\u1ef1 k\u1ebft h\u1ee3p ho\u00e0n h\u1ea3o t\u1eeb 5 lo\u1ea1i th\u1ea3o m\u1ed9c thi\u00ean nhi\u00ean, gi\u00fap thanh l\u1ecdc c\u01a1 th\u1ec3, \u0111\u00e0o th\u1ea3i \u0111\u1ed9c t\u1ed1, cho b\u1ea1n l\u00e0n da t\u01b0\u01a1i tr\u1ebb v\u00e0 v\u00f3c d\u00e1ng thon g\u1ecdn. S\u1ea3n ph\u1ea9m v\u1edbi h\u01b0\u01a1ng v\u1ecb th\u01a1m ngon, d\u1ec5 u\u1ed1ng, ph\u00f9 h\u1ee3p v\u1edbi m\u1ecdi l\u1ee9a tu\u1ed5i.<\/span><\/span><\/p>\n<p><span style=\"color: #282828;\"><img loading=\"lazy\" decoding=\"async\" class=\"aligncenter wp-image-7170\" src=\"https:\/\/goldzherbs.com\/wp-content\/uploads\/2024\/10\/tra-hoa-ngu-vi-detox-duong-nhan-2.png\" alt=\"tra-hoa-ngu-vi-detox-duong-nhan (1)\" width=\"800\" height=\"800\" \/><\/span><\/p>\n<h2><span style=\"color: #282828;\"><b>TH\u00c0NH PH\u1ea6N<\/b><\/span><\/h2>\n<p style=\"text-align: justify;\"><span style=\"color: #282828;\"><span style=\"font-weight: 400;\"><b>Tr\u00e0 Hoa Ng\u0169 V\u1ecb Detox GOLDzHERBS <\/b>\u0111\u01b0\u1ee3c l\u00e0m t\u1eeb Hoa h\u1ed3ng, t\u00e1o \u0111\u1ecf, k\u1ef7 t\u1eed, c\u1ecf ng\u1ecdt, cam th\u1ea3o.<\/span><\/span><\/p>\n<p><span style=\"color: #282828;\"><img loading=\"lazy\" decoding=\"async\" class=\"aligncenter wp-image-7176\" src=\"https:\/\/goldzherbs.com\/wp-content\/uploads\/2024\/10\/tra-hoa-ngu-vi-detox-duong-nhan-5.png\" alt=\"tra-hoa-ngu-vi-detox-duong-nhan (1)\" width=\"800\" height=\"800\" \/><\/span><\/p>\n<h2 style=\"text-align: justify;\"><span style=\"color: #282828;\"><b>C\u00d4NG D\u1ee4NG\u00a0<\/b><\/span><\/h2>\n<ul>\n<li><span style=\"color: #282828;\"><b>Thanh l\u1ecdc c\u01a1 th\u1ec3<\/b><span style=\"font-weight: 400;\">, cho b\u1ea1n c\u1ea3m gi\u00e1c nh\u1eb9 nh\u00e0ng, s\u1ea3ng kho\u00e1i m\u1ed7i ng\u00e0y.<\/span><\/span><\/li>\n<li><span style=\"color: #282828;\"><b>Nu\u00f4i d\u01b0\u1ee1ng l\u00e0n da m\u1ecbn m\u00e0ng<\/b><span style=\"font-weight: 400;\">, t\u01b0\u01a1i tr\u1ebb t\u1eeb s\u00e2u b\u00ean trong nh\u1edd c\u00e1c th\u00e0nh ph\u1ea7n th\u1ea3o d\u01b0\u1ee3c.<\/span><\/span><\/li>\n<li><span style=\"color: #282828;\"><span style=\"font-weight: 400;\">H\u01b0\u01a1ng th\u01a1m d\u1ecbu nh\u1eb9 gi\u00fap b\u1ea1n <\/span><b>th\u01b0 gi\u00e3n tinh th\u1ea7n, xua tan c\u0103ng th\u1eb3ng<\/b><span style=\"font-weight: 400;\">, m\u1ec7t m\u1ecfi.<\/span><\/span><\/li>\n<li><span style=\"color: #282828;\"><span style=\"font-weight: 400;\">B\u1ed5 sung c\u00e1c d\u01b0\u1ee1ng ch\u1ea5t gi\u00fap <\/span><b>t\u0103ng c\u01b0\u1eddng mi\u1ec5n d\u1ecbch, c\u1ea3i thi\u1ec7n ti\u00eau h\u00f3a<\/b><span style=\"font-weight: 400;\"> t\u1ed1t h\u01a1n.<\/span><\/span><\/li>\n<li><span style=\"font-weight: 400; color: #282828;\">B\u1ed3i b\u1ed5 c\u01a1 th\u1ec3, t\u0103ng c\u01b0\u1eddng n\u0103ng l\u01b0\u1ee3ng, cho b\u1ea1n m\u1ed9t ng\u00e0y d\u00e0i n\u0103ng \u0111\u1ed9ng.<\/span><\/li>\n<\/ul>\n<p><span style=\"color: #282828;\"><img loading=\"lazy\" decoding=\"async\" class=\"aligncenter wp-image-7168\" src=\"https:\/\/goldzherbs.com\/wp-content\/uploads\/2024\/10\/tra-hoa-ngu-vi-detox-duong-nhan-1.png\" alt=\"tra-hoa-ngu-vi-detox-duong-nhan (1)\" width=\"800\" height=\"800\" \/><\/span><\/p>\n<h2 style=\"text-align: left;\"><span style=\"color: #282828;\"><b>\u0110\u1ed0I T\u01af\u1ee2NG S\u1eec D\u1ee4NG<\/b><\/span><\/h2>\n<p style=\"text-align: justify;\"><span style=\"color: #282828;\"><span style=\"font-weight: 400;\"><b>Tr\u00e0 Hoa Ng\u0169 V\u1ecb Detox GOLDzHERBS <\/b>ph\u00f9 h\u1ee3p v\u1edbi:\u00a0<\/span><\/span><\/p>\n<ul>\n<li data-sourcepos=\"1:1-1:236\"><span style=\"color: #282828;\"><strong>Ng\u01b0\u1eddi mu\u1ed1n thanh l\u1ecdc c\u01a1 th\u1ec3, gi\u1ea3i \u0111\u1ed9c v\u00e0 t\u0103ng c\u01b0\u1eddng s\u1ee9c kh\u1ecfe:<\/strong> C\u1ea3i thi\u1ec7n ch\u1ee9c n\u0103ng gan, t\u0103ng c\u01b0\u1eddng h\u1ec7 mi\u1ec5n d\u1ecbch.<\/span><\/li>\n<li data-sourcepos=\"2:1-2:156\"><span style=\"color: #282828;\"><strong>Ng\u01b0\u1eddi quan t\u00e2m \u0111\u1ebfn l\u00e0m \u0111\u1eb9p da:<\/strong> Tr\u00e0 gi\u00fap l\u00e0m ch\u1eadm qu\u00e1 tr\u00ecnh l\u00e3o h\u00f3a, cho l\u00e0n da t\u01b0\u01a1i tr\u1ebb, m\u1ecbn m\u00e0ng v\u00e0 r\u1ea1ng r\u1ee1.<\/span><\/li>\n<li data-sourcepos=\"3:1-3:205\"><span style=\"color: #282828;\"><strong>Ng\u01b0\u1eddi b\u1ecb m\u1ea5t ng\u1ee7, c\u0103ng th\u1eb3ng, m\u1ec7t m\u1ecfi:<\/strong> Gi\u00fap th\u01b0 gi\u00e3n tinh th\u1ea7n, gi\u1ea3m stress, c\u1ea3i thi\u1ec7n gi\u1ea5c ng\u1ee7 v\u00e0 t\u0103ng c\u01b0\u1eddng n\u0103ng l\u01b0\u1ee3ng t\u00edch c\u1ef1c.<\/span><\/li>\n<li data-sourcepos=\"4:1-4:134\"><span style=\"color: #282828;\"><strong>Ng\u01b0\u1eddi mu\u1ed1n duy tr\u00ec v\u00f3c d\u00e1ng c\u00e2n \u0111\u1ed1i:<\/strong> Tr\u00e0 h\u1ed7 tr\u1ee3 qu\u00e1 tr\u00ecnh trao \u0111\u1ed5i ch\u1ea5t, gi\u1ea3m t\u00edch t\u1ee5 m\u1ee1 th\u1eeba, gi\u00fap ki\u1ec3m so\u00e1t c\u00e2n n\u1eb7ng hi\u1ec7u qu\u1ea3.<\/span><\/li>\n<li data-sourcepos=\"5:1-6:0\"><span style=\"color: #282828;\"><strong>Ph\u00f9 h\u1ee3p v\u1edbi m\u1ecdi l\u1ee9a tu\u1ed5i:<\/strong> T\u1eeb ng\u01b0\u1eddi tr\u1ebb tu\u1ed5i \u0111\u1ebfn ng\u01b0\u1eddi l\u1edbn tu\u1ed5i \u0111\u1ec1u c\u00f3 th\u1ec3 s\u1eed d\u1ee5ng tr\u00e0 \u0111\u1ec3 t\u0103ng c\u01b0\u1eddng s\u1ee9c kh\u1ecfe v\u00e0 ph\u00f2ng ng\u1eeba b\u1ec7nh t\u1eadt.<\/span><\/li>\n<\/ul>\n<h2 style=\"text-align: left;\"><span style=\"color: #282828;\"><b>H\u01af\u1edaNG D\u1eaaN S\u1eec D\u1ee4NG\u00a0<\/b><\/span><\/h2>\n<p style=\"text-align: left;\"><span style=\"color: #282828;\"><b>H\u01af\u1edaNG D\u1eaaN:<\/b><\/span><\/p>\n<ul>\n<li><span style=\"color: #282828;\">Cho 1 g\u00f3i tr\u00e0 10g v\u00e0o \u1ea5m ho\u1eb7c ly, r\u00f3t 300ml n\u01b0\u1edbc s\u00f4i v\u00e0o v\u00e0 \u0111\u1eady n\u1eafp, h\u00e3m tr\u00e0 kho\u1ea3ng 5 ph\u00fat v\u00e0 th\u01b0\u1edfng th\u1ee9c.<\/span><\/li>\n<li><span style=\"color: #282828;\">Tr\u00e0 GoldzHerbs c\u00f3 th\u1ec3 pha 2-3 l\u1ea7n n\u01b0\u1edbc, m\u1ed7i l\u1ea7n h\u00e3m 3-5 ph\u00fat.<\/span><\/li>\n<\/ul>\n<p style=\"text-align: left;\"><span style=\"color: #282828;\"><strong>B\u1ea2O QU\u1ea2N:<\/strong> <span style=\"font-weight: 400;\">N\u01a1i kh\u00f4 r\u00e1o, tho\u00e1ng m\u00e1t, \u0111\u1eady k\u00edn n\u1eafp h\u0169 sau khi s\u1eed d\u1ee5ng.<\/span><\/span><\/p>\n<p style=\"text-align: left;\"><span style=\"color: #282828;\"><strong>TH\u00d4NG TIN C\u1ea2NH B\u00c1O:<\/strong> <span style=\"font-weight: 400;\">Kh\u00f4ng d\u00f9ng cho ng\u01b0\u1eddi d\u1ecb \u1ee9ng v\u1edbi th\u00e0nh ph\u1ea7n s\u1ea3n ph\u1ea9m ho\u1eb7c s\u1ea3n ph\u1ea9m h\u1ebft h\u1ea1n s\u1eed d\u1ee5ng.<\/span><\/span><\/p>\n<h2><span style=\"color: #282828;\"><b>TH\u00d4NG TIN DINH D\u01af\u1ee0NG\u00a0<\/b><\/span><\/h2>\n<p data-sourcepos=\"1:1-1:159\"><span style=\"color: #282828;\"><strong>Tr\u00e0 Hoa Ng\u0169 V\u1ecb Detox GOLDzHERBS<\/strong> lmang \u0111\u1ebfn ngu\u1ed3n dinh d\u01b0\u1ee1ng d\u1ed3i d\u00e0o cho s\u1ee9c kh\u1ecfe. C\u1ee5 th\u1ec3, s\u1ea3n ph\u1ea9m ch\u1ee9a:<\/span><\/p>\n<ul data-sourcepos=\"3:1-8:0\">\n<li data-sourcepos=\"3:1-3:142\"><span style=\"color: #282828;\"><strong>Hoa h\u1ed3ng:<\/strong> Gi\u00e0u vitamin C, ch\u1ea5t ch\u1ed1ng oxy h\u00f3a v\u00e0 c\u00e1c h\u1ee3p ch\u1ea5t c\u00f3 l\u1ee3i cho l\u00e0n da, gi\u00fap l\u00e0m \u0111\u1eb9p da, gi\u1ea3m c\u0103ng th\u1eb3ng v\u00e0 c\u1ea3i thi\u1ec7n gi\u1ea5c ng\u1ee7.<\/span><\/li>\n<li data-sourcepos=\"4:1-4:137\"><span style=\"color: #282828;\"><strong>T\u00e1o \u0111\u1ecf:<\/strong> B\u1ed5 sung vitamin A, C, ch\u1ea5t x\u01a1 v\u00e0 c\u00e1c kho\u00e1ng ch\u1ea5t thi\u1ebft y\u1ebfu, h\u1ed7 tr\u1ee3 t\u0103ng c\u01b0\u1eddng h\u1ec7 mi\u1ec5n d\u1ecbch, c\u1ea3i thi\u1ec7n ti\u00eau h\u00f3a v\u00e0 b\u1ed5 m\u00e1u.<\/span><\/li>\n<li data-sourcepos=\"5:1-5:133\"><span style=\"color: #282828;\"><strong>K\u1ef7 t\u1eed:<\/strong> Ch\u1ee9a nhi\u1ec1u vitamin A, C, s\u1eaft v\u00e0 c\u00e1c ch\u1ea5t ch\u1ed1ng oxy h\u00f3a, gi\u00fap t\u0103ng c\u01b0\u1eddng th\u1ecb l\u1ef1c, b\u1ea3o v\u1ec7 gan v\u00e0 t\u0103ng c\u01b0\u1eddng s\u1ee9c \u0111\u1ec1 kh\u00e1ng.<\/span><\/li>\n<li data-sourcepos=\"6:1-6:100\"><span style=\"color: #282828;\"><strong>C\u1ecf ng\u1ecdt:<\/strong> V\u1ecb ng\u1ecdt t\u1ef1 nhi\u00ean, kh\u00f4ng ch\u1ee9a calo, h\u1ed7 tr\u1ee3 ki\u1ec3m so\u00e1t c\u00e2n n\u1eb7ng v\u00e0 \u1ed5n \u0111\u1ecbnh \u0111\u01b0\u1eddng huy\u1ebft.<\/span><\/li>\n<li data-sourcepos=\"7:1-8:0\"><span style=\"color: #282828;\"><strong>Cam th\u1ea3o:<\/strong> C\u00f3 t\u00ednh kh\u00e1ng vi\u00eam, gi\u00fap gi\u1ea3m ho, long \u0111\u1eddm v\u00e0 h\u1ed7 tr\u1ee3 ti\u00eau h\u00f3a.<\/span><\/li>\n<\/ul>\n<h2 style=\"text-align: left;\"><span style=\"color: #282828;\"><b>CH\u1ee8NG NH\u1eacN<\/b><\/span><\/h2>\n<p style=\"text-align: left;\"><span style=\"color: #282828;\"><span style=\"font-weight: 400;\">&#8211; S\u1ea3n s\u1ea3n ph\u1ea9m \u0111\u1ea1t ch\u1ee9ng nh\u1eadn <\/span><b>Ti\u00eau chu\u1ea9n FDA c\u1ee7a Hoa K\u1ef3\u00a0<\/b><\/span><\/p>\n<p style=\"text-align: left;\"><span style=\"color: #282828;\"><span style=\"font-weight: 400;\">&#8211; S\u1ea3n s\u1ea3n ph\u1ea9m \u0111\u1ea1t ch\u1ee9ng nh\u1eadn <\/span><b>ISO 22000:2018: GOODVN38922.FSMS<\/b><\/span><\/p>\n<p style=\"text-align: left;\"><span style=\"color: #282828;\"><span style=\"font-weight: 400;\">&#8211; S\u1ea3n ph\u1ea9m \u0111\u1ea1t y\u00eau c\u1ea7u <\/span><b>V\u1ec7 Sinh An To\u00e0n Th\u1ef1c Ph\u1ea9m<\/b><span style=\"font-weight: 400;\"> theo chu\u1ea9n:<\/span><\/span><\/p>\n<p style=\"text-align: left;\"><span style=\"font-weight: 400; color: #282828;\">QCVN 8-2:2011\/BYT (Quy chu\u1ea9n k\u1ef9 thu\u1eadt qu\u1ed1c gia \u0111\u1ed1i v\u1edbi gi\u1edbi h\u1ea1n \u00f4 nhi\u1ec5m kim lo\u1ea1i n\u1eb7ng trong th\u1ef1c ph\u1ea9m).<\/span><\/p>\n<p style=\"text-align: left;\"><span style=\"font-weight: 400; color: #282828;\">QCVN 8-1:2011\/BYT (Quy chu\u1ea9n k\u1ef9 thu\u1eadt qu\u1ed1c gia \u0111\u1ed1i v\u1edbi gi\u1edbi h\u1ea1n \u00f4 nhi\u1ec5m \u0111\u1ed9c t\u1ed1 vi n\u1ea5m trong th\u1ef1c ph\u1ea9m).<\/span><\/p>\n<p style=\"text-align: left;\"><span style=\"font-weight: 400; color: #282828;\">Quy\u1ebft \u0111\u1ecbnh 46\/2007\/Q\u0110-BYT (Quy \u0111\u1ecbnh gi\u1edbi h\u1ea1n t\u1ed1i \u0111a \u00f4 nhi\u1ec5m sinh h\u1ecdc v\u00e0 h\u00f3a h\u1ecdc trong th\u1ef1c ph\u1ea9m).<\/span><\/p>\n<p><img loading=\"lazy\" decoding=\"async\" class=\"aligncenter wp-image-7174\" src=\"https:\/\/goldzherbs.com\/wp-content\/uploads\/2024\/10\/tra-hoa-ngu-vi-detox-duong-nhan-4.png\" alt=\"tra-hoa-ngu-vi-detox-duong-nhan (1)\" width=\"800\" height=\"800\" \/><\/p>\n<h3 style=\"text-align: left;\"><span style=\"color: #282828;\"><b>C\u00d4NG TY C\u1ed4 PH\u1ea6N TH\u01af\u01a0NG M\u1ea0I D\u1ecaCH V\u1ee4 KING SPIDER\u00a0<\/b><\/span><\/h3>\n<ul>\n<li><span style=\"color: #282828;\"><b>V\u0103n Ph\u00f2ng:<\/b><span style=\"font-weight: 400;\"> S\u1ed1 3 \u0110\u01b0\u1eddng s\u1ed1 5, Ph\u01b0\u1eddng Linh T\u00e2y, Th\u00e0nh ph\u1ed1 Th\u1ee7 \u0110\u1ee9c, TPHCM<\/span><\/span><\/li>\n<li><span style=\"color: #282828;\"><b>Website<\/b><span style=\"font-weight: 400;\">: https:\/\/goldzherbs.com\/<\/span><\/span><\/li>\n<li><span style=\"color: #282828;\"><b>Hotline:<\/b><span style=\"font-weight: 400;\"> 0902.329.106<\/span><\/span><\/li>\n<li><span style=\"color: #282828;\"><b>Email: <\/b><span style=\"font-weight: 400;\">GoldzHerbs@gmail.com<\/span><\/span><\/li>\n<\/ul>\n","protected":false},"excerpt":{"rendered":"<p style=\"text-align: justify;\"><span style=\"color: #282828;\"><b>Tr\u00e0 Hoa Ng\u0169 V\u1ecb Detox GOLDzHERBS <\/b><span style=\"font-weight: 400;\">l\u00e0 s\u1ef1 k\u1ebft h\u1ee3p ho\u00e0n h\u1ea3o t\u1eeb 5 lo\u1ea1i th\u1ea3o m\u1ed9c thi\u00ean nhi\u00ean, gi\u00fap thanh l\u1ecdc c\u01a1 th\u1ec3, \u0111\u00e0o th\u1ea3i \u0111\u1ed9c t\u1ed1, cho b\u1ea1n l\u00e0n da t\u01b0\u01a1i tr\u1ebb v\u00e0 v\u00f3c d\u00e1ng thon g\u1ecdn. S\u1ea3n ph\u1ea9m v\u1edbi h\u01b0\u01a1ng v\u1ecb th\u01a1m ngon, d\u1ec5 u\u1ed1ng, ph\u00f9 h\u1ee3p v\u1edbi m\u1ecdi l\u1ee9a tu\u1ed5i.<\/span><\/span><\/p>\n","protected":false},"featured_media":5111,"template":"","meta":[],"product_brand":[],"product_cat":[455],"product_tag":[],"class_list":{"0":"post-5502","1":"product","2":"type-product","3":"status-publish","4":"has-post-thumbnail","6":"product_cat-herbal-flower-tea","8":"first","9":"instock","10":"taxable","11":"shipping-taxable","12":"purchasable","13":"product-type-variable"},"acf":[],"yoast_head":"<!-- This site is optimized with the Yoast SEO plugin v27.4 - https:\/\/yoast.com\/product\/yoast-seo-wordpress\/ -->\n<title>Tr\u00e0 Hoa Ng\u0169 V\u1ecb Detox D\u01b0\u1ee1ng Nhan Goldzherbs<\/title>\n<meta name=\"description\" content=\"Tr\u00e0 Hoa Ng\u0169 V\u1ecb Detox D\u01b0\u1ee1ng Nhan Goldzherbs \u0111\u01b0\u1ee3c l\u00e0m t\u1eeb 100% t\u1ef1 nhi\u00ean. L\u00e0 lo\u1ea1i tr\u00e0 \u0111\u01b0\u1ee3c l\u00e0m t\u1eeb c\u00e1c lo\u1ea1i th\u1ea3o m\u1ed9c thi\u00ean nhi\u00ean nh\u01b0 Hoa h\u1ed3ng, T\u00e1o \u0111\u1ecf, K\u1ef7 t\u1eed\" \/>\n<meta name=\"robots\" content=\"index, follow, max-snippet:-1, max-image-preview:large, max-video-preview:-1\" \/>\n<link rel=\"canonical\" href=\"https:\/\/goldzherbs.com\/en\/san-pham\/tra-hoa-ngu-vi-detox-duong-nhan-goldzherbs\/\" \/>\n<meta property=\"og:locale\" content=\"en_US\" \/>\n<meta property=\"og:type\" content=\"article\" \/>\n<meta property=\"og:title\" content=\"Tr\u00e0 Hoa Ng\u0169 V\u1ecb Detox D\u01b0\u1ee1ng Nhan Goldzherbs\" \/>\n<meta property=\"og:description\" content=\"Tr\u00e0 Hoa Ng\u0169 V\u1ecb Detox D\u01b0\u1ee1ng Nhan Goldzherbs \u0111\u01b0\u1ee3c l\u00e0m t\u1eeb 100% t\u1ef1 nhi\u00ean. L\u00e0 lo\u1ea1i tr\u00e0 \u0111\u01b0\u1ee3c l\u00e0m t\u1eeb c\u00e1c lo\u1ea1i th\u1ea3o m\u1ed9c thi\u00ean nhi\u00ean nh\u01b0 Hoa h\u1ed3ng, T\u00e1o \u0111\u1ecf, K\u1ef7 t\u1eed\" \/>\n<meta property=\"og:url\" content=\"https:\/\/goldzherbs.com\/en\/san-pham\/tra-hoa-ngu-vi-detox-duong-nhan-goldzherbs\/\" \/>\n<meta property=\"og:site_name\" content=\"GoldzHerbs\" \/>\n<meta property=\"article:modified_time\" content=\"2025-01-21T05:19:03+00:00\" \/>\n<meta property=\"og:image\" content=\"https:\/\/goldzherbs.com\/wp-content\/uploads\/2023\/06\/tra-hoa-ngu-vi.png\" \/>\n\t<meta property=\"og:image:width\" content=\"800\" \/>\n\t<meta property=\"og:image:height\" content=\"800\" \/>\n\t<meta property=\"og:image:type\" content=\"image\/png\" \/>\n<meta name=\"twitter:card\" content=\"summary_large_image\" \/>\n<meta name=\"twitter:label1\" content=\"Est. reading time\" \/>\n\t<meta name=\"twitter:data1\" content=\"5 minutes\" \/>\n<script type=\"application\/ld+json\" class=\"yoast-schema-graph\">{\"@context\":\"https:\\\/\\\/schema.org\",\"@graph\":[{\"@type\":\"WebPage\",\"@id\":\"https:\\\/\\\/goldzherbs.com\\\/en\\\/san-pham\\\/tra-hoa-ngu-vi-detox-duong-nhan-goldzherbs\\\/\",\"url\":\"https:\\\/\\\/goldzherbs.com\\\/en\\\/san-pham\\\/tra-hoa-ngu-vi-detox-duong-nhan-goldzherbs\\\/\",\"name\":\"Tr\u00e0 Hoa Ng\u0169 V\u1ecb Detox D\u01b0\u1ee1ng Nhan Goldzherbs\",\"isPartOf\":{\"@id\":\"https:\\\/\\\/goldzherbs.com\\\/#website\"},\"primaryImageOfPage\":{\"@id\":\"https:\\\/\\\/goldzherbs.com\\\/en\\\/san-pham\\\/tra-hoa-ngu-vi-detox-duong-nhan-goldzherbs\\\/#primaryimage\"},\"image\":{\"@id\":\"https:\\\/\\\/goldzherbs.com\\\/en\\\/san-pham\\\/tra-hoa-ngu-vi-detox-duong-nhan-goldzherbs\\\/#primaryimage\"},\"thumbnailUrl\":\"https:\\\/\\\/goldzherbs.com\\\/wp-content\\\/uploads\\\/2023\\\/06\\\/tra-hoa-ngu-vi.png\",\"datePublished\":\"2024-10-03T02:26:39+00:00\",\"dateModified\":\"2025-01-21T05:19:03+00:00\",\"description\":\"Tr\u00e0 Hoa Ng\u0169 V\u1ecb Detox D\u01b0\u1ee1ng Nhan Goldzherbs \u0111\u01b0\u1ee3c l\u00e0m t\u1eeb 100% t\u1ef1 nhi\u00ean. L\u00e0 lo\u1ea1i tr\u00e0 \u0111\u01b0\u1ee3c l\u00e0m t\u1eeb c\u00e1c lo\u1ea1i th\u1ea3o m\u1ed9c thi\u00ean nhi\u00ean nh\u01b0 Hoa h\u1ed3ng, T\u00e1o \u0111\u1ecf, K\u1ef7 t\u1eed\",\"breadcrumb\":{\"@id\":\"https:\\\/\\\/goldzherbs.com\\\/en\\\/san-pham\\\/tra-hoa-ngu-vi-detox-duong-nhan-goldzherbs\\\/#breadcrumb\"},\"inLanguage\":\"en-US\",\"potentialAction\":[{\"@type\":\"ReadAction\",\"target\":[\"https:\\\/\\\/goldzherbs.com\\\/en\\\/san-pham\\\/tra-hoa-ngu-vi-detox-duong-nhan-goldzherbs\\\/\"]}]},{\"@type\":\"ImageObject\",\"inLanguage\":\"en-US\",\"@id\":\"https:\\\/\\\/goldzherbs.com\\\/en\\\/san-pham\\\/tra-hoa-ngu-vi-detox-duong-nhan-goldzherbs\\\/#primaryimage\",\"url\":\"https:\\\/\\\/goldzherbs.com\\\/wp-content\\\/uploads\\\/2023\\\/06\\\/tra-hoa-ngu-vi.png\",\"contentUrl\":\"https:\\\/\\\/goldzherbs.com\\\/wp-content\\\/uploads\\\/2023\\\/06\\\/tra-hoa-ngu-vi.png\",\"width\":800,\"height\":800,\"caption\":\"tra-hoa-ngu-vi\"},{\"@type\":\"BreadcrumbList\",\"@id\":\"https:\\\/\\\/goldzherbs.com\\\/en\\\/san-pham\\\/tra-hoa-ngu-vi-detox-duong-nhan-goldzherbs\\\/#breadcrumb\",\"itemListElement\":[{\"@type\":\"ListItem\",\"position\":1,\"name\":\"Shop\",\"item\":\"https:\\\/\\\/goldzherbs.com\\\/shop\\\/\"},{\"@type\":\"ListItem\",\"position\":2,\"name\":\"Tr\u00e0 Hoa Ng\u0169 V\u1ecb Detox D\u01b0\u1ee1ng Nhan Goldzherbs\"}]},{\"@type\":\"WebSite\",\"@id\":\"https:\\\/\\\/goldzherbs.com\\\/#website\",\"url\":\"https:\\\/\\\/goldzherbs.com\\\/\",\"name\":\"GoldzHerbs\",\"description\":\"Th\u1ef1c Ph\u1ea9m V\u00ec S\u1ee9c Kh\u1ecfe\",\"publisher\":{\"@id\":\"https:\\\/\\\/goldzherbs.com\\\/#organization\"},\"potentialAction\":[{\"@type\":\"SearchAction\",\"target\":{\"@type\":\"EntryPoint\",\"urlTemplate\":\"https:\\\/\\\/goldzherbs.com\\\/?s={search_term_string}\"},\"query-input\":{\"@type\":\"PropertyValueSpecification\",\"valueRequired\":true,\"valueName\":\"search_term_string\"}}],\"inLanguage\":\"en-US\"},{\"@type\":\"Organization\",\"@id\":\"https:\\\/\\\/goldzherbs.com\\\/#organization\",\"name\":\"GoldzHerbs\",\"url\":\"https:\\\/\\\/goldzherbs.com\\\/\",\"logo\":{\"@type\":\"ImageObject\",\"inLanguage\":\"en-US\",\"@id\":\"https:\\\/\\\/goldzherbs.com\\\/#\\\/schema\\\/logo\\\/image\\\/\",\"url\":\"https:\\\/\\\/goldzherbs.com\\\/wp-content\\\/uploads\\\/2023\\\/01\\\/pixel.png\",\"contentUrl\":\"https:\\\/\\\/goldzherbs.com\\\/wp-content\\\/uploads\\\/2023\\\/01\\\/pixel.png\",\"width\":515,\"height\":514,\"caption\":\"GoldzHerbs\"},\"image\":{\"@id\":\"https:\\\/\\\/goldzherbs.com\\\/#\\\/schema\\\/logo\\\/image\\\/\"}}]}<\/script>\n<!-- \/ Yoast SEO plugin. -->","yoast_head_json":{"title":"Tr\u00e0 Hoa Ng\u0169 V\u1ecb Detox D\u01b0\u1ee1ng Nhan Goldzherbs","description":"Tr\u00e0 Hoa Ng\u0169 V\u1ecb Detox D\u01b0\u1ee1ng Nhan Goldzherbs \u0111\u01b0\u1ee3c l\u00e0m t\u1eeb 100% t\u1ef1 nhi\u00ean. L\u00e0 lo\u1ea1i tr\u00e0 \u0111\u01b0\u1ee3c l\u00e0m t\u1eeb c\u00e1c lo\u1ea1i th\u1ea3o m\u1ed9c thi\u00ean nhi\u00ean nh\u01b0 Hoa h\u1ed3ng, T\u00e1o \u0111\u1ecf, K\u1ef7 t\u1eed","robots":{"index":"index","follow":"follow","max-snippet":"max-snippet:-1","max-image-preview":"max-image-preview:large","max-video-preview":"max-video-preview:-1"},"canonical":"https:\/\/goldzherbs.com\/en\/san-pham\/tra-hoa-ngu-vi-detox-duong-nhan-goldzherbs\/","og_locale":"en_US","og_type":"article","og_title":"Tr\u00e0 Hoa Ng\u0169 V\u1ecb Detox D\u01b0\u1ee1ng Nhan Goldzherbs","og_description":"Tr\u00e0 Hoa Ng\u0169 V\u1ecb Detox D\u01b0\u1ee1ng Nhan Goldzherbs \u0111\u01b0\u1ee3c l\u00e0m t\u1eeb 100% t\u1ef1 nhi\u00ean. L\u00e0 lo\u1ea1i tr\u00e0 \u0111\u01b0\u1ee3c l\u00e0m t\u1eeb c\u00e1c lo\u1ea1i th\u1ea3o m\u1ed9c thi\u00ean nhi\u00ean nh\u01b0 Hoa h\u1ed3ng, T\u00e1o \u0111\u1ecf, K\u1ef7 t\u1eed","og_url":"https:\/\/goldzherbs.com\/en\/san-pham\/tra-hoa-ngu-vi-detox-duong-nhan-goldzherbs\/","og_site_name":"GoldzHerbs","article_modified_time":"2025-01-21T05:19:03+00:00","og_image":[{"width":800,"height":800,"url":"https:\/\/goldzherbs.com\/wp-content\/uploads\/2023\/06\/tra-hoa-ngu-vi.png","type":"image\/png"}],"twitter_card":"summary_large_image","twitter_misc":{"Est. reading time":"5 minutes"},"schema":{"@context":"https:\/\/schema.org","@graph":[{"@type":"WebPage","@id":"https:\/\/goldzherbs.com\/en\/san-pham\/tra-hoa-ngu-vi-detox-duong-nhan-goldzherbs\/","url":"https:\/\/goldzherbs.com\/en\/san-pham\/tra-hoa-ngu-vi-detox-duong-nhan-goldzherbs\/","name":"Tr\u00e0 Hoa Ng\u0169 V\u1ecb Detox D\u01b0\u1ee1ng Nhan Goldzherbs","isPartOf":{"@id":"https:\/\/goldzherbs.com\/#website"},"primaryImageOfPage":{"@id":"https:\/\/goldzherbs.com\/en\/san-pham\/tra-hoa-ngu-vi-detox-duong-nhan-goldzherbs\/#primaryimage"},"image":{"@id":"https:\/\/goldzherbs.com\/en\/san-pham\/tra-hoa-ngu-vi-detox-duong-nhan-goldzherbs\/#primaryimage"},"thumbnailUrl":"https:\/\/goldzherbs.com\/wp-content\/uploads\/2023\/06\/tra-hoa-ngu-vi.png","datePublished":"2024-10-03T02:26:39+00:00","dateModified":"2025-01-21T05:19:03+00:00","description":"Tr\u00e0 Hoa Ng\u0169 V\u1ecb Detox D\u01b0\u1ee1ng Nhan Goldzherbs \u0111\u01b0\u1ee3c l\u00e0m t\u1eeb 100% t\u1ef1 nhi\u00ean. L\u00e0 lo\u1ea1i tr\u00e0 \u0111\u01b0\u1ee3c l\u00e0m t\u1eeb c\u00e1c lo\u1ea1i th\u1ea3o m\u1ed9c thi\u00ean nhi\u00ean nh\u01b0 Hoa h\u1ed3ng, T\u00e1o \u0111\u1ecf, K\u1ef7 t\u1eed","breadcrumb":{"@id":"https:\/\/goldzherbs.com\/en\/san-pham\/tra-hoa-ngu-vi-detox-duong-nhan-goldzherbs\/#breadcrumb"},"inLanguage":"en-US","potentialAction":[{"@type":"ReadAction","target":["https:\/\/goldzherbs.com\/en\/san-pham\/tra-hoa-ngu-vi-detox-duong-nhan-goldzherbs\/"]}]},{"@type":"ImageObject","inLanguage":"en-US","@id":"https:\/\/goldzherbs.com\/en\/san-pham\/tra-hoa-ngu-vi-detox-duong-nhan-goldzherbs\/#primaryimage","url":"https:\/\/goldzherbs.com\/wp-content\/uploads\/2023\/06\/tra-hoa-ngu-vi.png","contentUrl":"https:\/\/goldzherbs.com\/wp-content\/uploads\/2023\/06\/tra-hoa-ngu-vi.png","width":800,"height":800,"caption":"tra-hoa-ngu-vi"},{"@type":"BreadcrumbList","@id":"https:\/\/goldzherbs.com\/en\/san-pham\/tra-hoa-ngu-vi-detox-duong-nhan-goldzherbs\/#breadcrumb","itemListElement":[{"@type":"ListItem","position":1,"name":"Shop","item":"https:\/\/goldzherbs.com\/shop\/"},{"@type":"ListItem","position":2,"name":"Tr\u00e0 Hoa Ng\u0169 V\u1ecb Detox D\u01b0\u1ee1ng Nhan Goldzherbs"}]},{"@type":"WebSite","@id":"https:\/\/goldzherbs.com\/#website","url":"https:\/\/goldzherbs.com\/","name":"GoldzHerbs","description":"Th\u1ef1c Ph\u1ea9m V\u00ec S\u1ee9c Kh\u1ecfe","publisher":{"@id":"https:\/\/goldzherbs.com\/#organization"},"potentialAction":[{"@type":"SearchAction","target":{"@type":"EntryPoint","urlTemplate":"https:\/\/goldzherbs.com\/?s={search_term_string}"},"query-input":{"@type":"PropertyValueSpecification","valueRequired":true,"valueName":"search_term_string"}}],"inLanguage":"en-US"},{"@type":"Organization","@id":"https:\/\/goldzherbs.com\/#organization","name":"GoldzHerbs","url":"https:\/\/goldzherbs.com\/","logo":{"@type":"ImageObject","inLanguage":"en-US","@id":"https:\/\/goldzherbs.com\/#\/schema\/logo\/image\/","url":"https:\/\/goldzherbs.com\/wp-content\/uploads\/2023\/01\/pixel.png","contentUrl":"https:\/\/goldzherbs.com\/wp-content\/uploads\/2023\/01\/pixel.png","width":515,"height":514,"caption":"GoldzHerbs"},"image":{"@id":"https:\/\/goldzherbs.com\/#\/schema\/logo\/image\/"}}]}},"_links":{"self":[{"href":"https:\/\/goldzherbs.com\/en\/wp-json\/wp\/v2\/product\/5502","targetHints":{"allow":["GET"]}}],"collection":[{"href":"https:\/\/goldzherbs.com\/en\/wp-json\/wp\/v2\/product"}],"about":[{"href":"https:\/\/goldzherbs.com\/en\/wp-json\/wp\/v2\/types\/product"}],"wp:featuredmedia":[{"embeddable":true,"href":"https:\/\/goldzherbs.com\/en\/wp-json\/wp\/v2\/media\/5111"}],"wp:attachment":[{"href":"https:\/\/goldzherbs.com\/en\/wp-json\/wp\/v2\/media?parent=5502"}],"wp:term":[{"taxonomy":"product_brand","embeddable":true,"href":"https:\/\/goldzherbs.com\/en\/wp-json\/wp\/v2\/product_brand?post=5502"},{"taxonomy":"product_cat","embeddable":true,"href":"https:\/\/goldzherbs.com\/en\/wp-json\/wp\/v2\/product_cat?post=5502"},{"taxonomy":"product_tag","embeddable":true,"href":"https:\/\/goldzherbs.com\/en\/wp-json\/wp\/v2\/product_tag?post=5502"}],"curies":[{"name":"wp","href":"https:\/\/api.w.org\/{rel}","templated":true}]}}